{"id":38950,"date":"2017-04-21T16:09:51","date_gmt":"2017-04-21T16:09:51","guid":{"rendered":"https:\/\/shop.metal-badge.ch\/?product=chien-de-berger-police-dog"},"modified":"2017-04-21T16:18:45","modified_gmt":"2017-04-21T16:18:45","slug":"chien-de-berger-police-dog","status":"publish","type":"product","link":"https:\/\/metal-badge.ch\/fr\/product\/38950\/chien-de-berger-police-dog\/","title":{"rendered":"Chien de berger \u00ab\u00a0POLICE \u2013 Dog\u00a0\u00bb"},"content":{"rendered":"<p>Pour les collectionneurs et les adolescents \u00e0 partir de 15 ans. Chien policier avec laisse et gilet de protection. Le chien est parfaitement fid\u00e8le aux d\u00e9tails et a une conception authentique. \u00c9chelle 1\/6. Elle est livr\u00e9e dans l\u2019emballage d\u2019origine conform\u00e9ment aux photos.<\/p>\n<p>Longueur\u00a0: 21 cm \/ Hauteur jusqu\u2019\u00e0 la t\u00eate 10,5 cm<br \/>\nPoids\u00a0: 89 g.<\/p>\n<p>Diff\u00e9rentes figurines viennent enrichir l\u2019offre du chien. \u00c0 bient\u00f4t dans notre boutique.<\/p>\n<p>\u00a0<\/p>\n<div style=\"width: 100%; height: auto;\"><img decoding=\"async\" src=\"https:\/\/metal-badge.ch\/wp-content\/uploads\/content\/dog2_2nd.jpg\" style=\"float:left; height:auto; width:50%\" alt=\"\"> <img decoding=\"async\" src=\"https:\/\/metal-badge.ch\/wp-content\/uploads\/content\/dog3_2nd.jpg\" style=\"float:left; height:auto; width:50%\" alt=\"\"> <img decoding=\"async\" src=\"https:\/\/metal-badge.ch\/wp-content\/uploads\/content\/dog4_2nd.jpg\" style=\"float:left; height:auto; width:50%\" alt=\"\"> <img decoding=\"async\" src=\"https:\/\/metal-badge.ch\/wp-content\/uploads\/content\/dog5_2nd.jpg\" style=\"float:left; height:auto; width:50%\" alt=\"\"> <img decoding=\"async\" src=\"https:\/\/metal-badge.ch\/wp-content\/uploads\/content\/dog6_2nd.jpg\" style=\"float:left; height:auto; width:50%\" alt=\"\"> <img decoding=\"async\" src=\"https:\/\/metal-badge.ch\/wp-content\/uploads\/content\/dog1_2nd.gif\" style=\"float:left; height:auto; width:50%\" alt=\"\"><\/div>\n<p style=\"clear: both;\">\u00a0<\/p>\n","protected":false},"excerpt":{"rendered":"<p>Pour les collectionneurs et les adolescents \u00e0 partir de 15 ans. Chien policier avec laisse et gilet de protection. Le chien est parfaitement fid\u00e8le aux d\u00e9tails et a une conception authentique. \u00c9chelle 1\/6. Elle est livr\u00e9e dans l\u2019emballage d\u2019origine conform\u00e9ment aux photos. Longueur\u00a0: 21 cm \/ Hauteur jusqu\u2019\u00e0 la t\u00eate 10,5 cm Poids\u00a0: 89 g. [&hellip;]<\/p>\n","protected":false},"featured_media":89689,"comment_status":"open","ping_status":"closed","template":"","meta":{"inline_featured_image":false},"product_brand":[],"product_cat":[1211],"product_tag":[1789],"class_list":{"0":"post-38950","1":"product","2":"type-product","3":"status-publish","4":"has-post-thumbnail","6":"product_cat-enfants-divertissement","7":"product_tag-enfants-divertissement","9":"first","10":"instock","11":"taxable","12":"shipping-taxable","13":"purchasable","14":"product-type-simple"},"_links":{"self":[{"href":"https:\/\/metal-badge.ch\/fr\/wp-json\/wp\/v2\/product\/38950","targetHints":{"allow":["GET"]}}],"collection":[{"href":"https:\/\/metal-badge.ch\/fr\/wp-json\/wp\/v2\/product"}],"about":[{"href":"https:\/\/metal-badge.ch\/fr\/wp-json\/wp\/v2\/types\/product"}],"replies":[{"embeddable":true,"href":"https:\/\/metal-badge.ch\/fr\/wp-json\/wp\/v2\/comments?post=38950"}],"wp:featuredmedia":[{"embeddable":true,"href":"https:\/\/metal-badge.ch\/fr\/wp-json\/wp\/v2\/media\/89689"}],"wp:attachment":[{"href":"https:\/\/metal-badge.ch\/fr\/wp-json\/wp\/v2\/media?parent=38950"}],"wp:term":[{"taxonomy":"product_brand","embeddable":true,"href":"https:\/\/metal-badge.ch\/fr\/wp-json\/wp\/v2\/product_brand?post=38950"},{"taxonomy":"product_cat","embeddable":true,"href":"https:\/\/metal-badge.ch\/fr\/wp-json\/wp\/v2\/product_cat?post=38950"},{"taxonomy":"product_tag","embeddable":true,"href":"https:\/\/metal-badge.ch\/fr\/wp-json\/wp\/v2\/product_tag?post=38950"}],"curies":[{"name":"wp","href":"https:\/\/api.w.org\/{rel}","templated":true}]}}