{"id":38939,"date":"2017-04-21T15:49:37","date_gmt":"2017-04-21T15:49:37","guid":{"rendered":"https:\/\/shop.metal-badge.ch\/?product=los-angeles-swat-figurine-daction-assualter-16"},"modified":"2020-10-13T15:23:16","modified_gmt":"2020-10-13T13:23:16","slug":"los-angeles-swat-figurine-daction-assualter-16","status":"publish","type":"product","link":"https:\/\/metal-badge.ch\/fr\/product\/38939\/los-angeles-swat-figurine-daction-assualter-16\/","title":{"rendered":"Los Angeles Swat Figurine d\u2019action \u00ab\u00a0Assualter\u00a0\u00bb 1\/6"},"content":{"rendered":"<p>Pour les collectionneurs et les adolescents \u00e0 partir de 15 ans. Cette \u00ab\u00a0figurine d&rsquo;action\u00a0\u00bb (SWAT) de <strong>\u00ab\u00a0Los Angeles Police Special Force\u00a0\u00bb<\/strong> \u00e0 l\u2019\u00e9chelle 1:6 peut \u00eatre assembl\u00e9e avec les accessoires fournis en toute libert\u00e9. Avec plus de 30 points d&rsquo;articulation pour diff\u00e9rentes postures et positions. La livraison comprend aussi un support avec socle pour monter la figurine. La figurine est parfaitement fid\u00e8le aux d\u00e9tails et a une conception authentique. Avec de tr\u00e8s petits accessoires tels que\u00a0: 3 paires de diff\u00e9rents gestes de la main, \u00e9tuis, armes, casque de protection, lunettes, go\u00e9lette, lampe, masque \u00e0 gaz, gaz poivr\u00e9, corde \u00ab\u00a0MP\u00a0\u00bb, mousqueton, sacs \u00e0 dos, gilets, ceintures, cagoules, patchs et bien plus encore.<\/p>\n<p>Elle est livr\u00e9e dans l\u2019emballage d\u2019origine conform\u00e9ment aux photos.<\/p>\n<p>\u00a0<\/p>\n<div style=\"width: 100%; height: auto;\"><img decoding=\"async\" src=\"https:\/\/metal-badge.ch\/wp-content\/uploads\/content\/Assualter1_2nd.jpg\" style=\"float:left; height:auto; width:50%\" alt=\"\"> <img decoding=\"async\" src=\"https:\/\/metal-badge.ch\/wp-content\/uploads\/content\/Assualter2_2nd.jpg\" style=\"float:left; height:auto; width:50%\" alt=\"\"> <img decoding=\"async\" src=\"https:\/\/metal-badge.ch\/wp-content\/uploads\/content\/Assualter3_2nd.jpg\" style=\"float:left; height:auto; width:50%\" alt=\"\"> <img decoding=\"async\" src=\"https:\/\/metal-badge.ch\/wp-content\/uploads\/content\/Assualter4_2nd.jpg\" style=\"float:left; height:auto; width:50%\" alt=\"\"> <img decoding=\"async\" src=\"https:\/\/metal-badge.ch\/wp-content\/uploads\/content\/Assualter6_2nd.jpg\" style=\"float:left; height:auto; width:50%\" alt=\"\"> <img decoding=\"async\" src=\"https:\/\/metal-badge.ch\/wp-content\/uploads\/content\/Assualter7_2nd.jpg\" style=\"float:left; height:auto; width:50%\" alt=\"\"> <img decoding=\"async\" src=\"https:\/\/metal-badge.ch\/wp-content\/uploads\/content\/Assualter8_2nd.jpg\" style=\"float:left; height:auto; width:50%\" alt=\"\"> <img decoding=\"async\" src=\"https:\/\/metal-badge.ch\/wp-content\/uploads\/content\/Assualter5_2nd.jpg\" style=\"float:left; height:auto; width:50%\" alt=\"\"><\/div>\n<div style=\"clear: both;\">\u00a0<\/div>\n<p><strong>Informations produit : <\/strong><br \/>\nPoids de la figurine : 280 g.<br \/>\nTaille : 28 cm<\/p>\n<p>Outre cette figurine, notre gamme pr\u00e9voit le chien de berger \u00ab<a href=\"https:\/\/metal-badge.ch\/product\/38941\/schaferhund-police-dog\/\"> POLICE Dog<\/a> \u00bb qui est m\u00eame vendu \u00e0 l\u2019unit\u00e9.<br \/>\nPrix unitaire, chien seulement : 31.-<br \/>\nPrix du kit berger-chien avec figurine : 115.-<\/p>\n","protected":false},"excerpt":{"rendered":"<p>Pour les collectionneurs et les adolescents \u00e0 partir de 15 ans. Cette \u00ab\u00a0figurine d&rsquo;action\u00a0\u00bb (SWAT) de \u00ab\u00a0Los Angeles Police Special Force\u00a0\u00bb \u00e0 l\u2019\u00e9chelle 1:6 peut \u00eatre assembl\u00e9e avec les accessoires fournis en toute libert\u00e9. Avec plus de 30 points d&rsquo;articulation pour diff\u00e9rentes postures et positions. La livraison comprend aussi un support avec socle pour monter [&hellip;]<\/p>\n","protected":false},"featured_media":38931,"comment_status":"open","ping_status":"closed","template":"","meta":{"inline_featured_image":false},"product_brand":[],"product_cat":[1211],"product_tag":[1789],"class_list":{"0":"post-38939","1":"product","2":"type-product","3":"status-publish","4":"has-post-thumbnail","6":"product_cat-enfants-divertissement","7":"product_tag-enfants-divertissement","9":"first","10":"instock","11":"taxable","12":"shipping-taxable","13":"purchasable","14":"product-type-simple"},"_links":{"self":[{"href":"https:\/\/metal-badge.ch\/fr\/wp-json\/wp\/v2\/product\/38939","targetHints":{"allow":["GET"]}}],"collection":[{"href":"https:\/\/metal-badge.ch\/fr\/wp-json\/wp\/v2\/product"}],"about":[{"href":"https:\/\/metal-badge.ch\/fr\/wp-json\/wp\/v2\/types\/product"}],"replies":[{"embeddable":true,"href":"https:\/\/metal-badge.ch\/fr\/wp-json\/wp\/v2\/comments?post=38939"}],"wp:featuredmedia":[{"embeddable":true,"href":"https:\/\/metal-badge.ch\/fr\/wp-json\/wp\/v2\/media\/38931"}],"wp:attachment":[{"href":"https:\/\/metal-badge.ch\/fr\/wp-json\/wp\/v2\/media?parent=38939"}],"wp:term":[{"taxonomy":"product_brand","embeddable":true,"href":"https:\/\/metal-badge.ch\/fr\/wp-json\/wp\/v2\/product_brand?post=38939"},{"taxonomy":"product_cat","embeddable":true,"href":"https:\/\/metal-badge.ch\/fr\/wp-json\/wp\/v2\/product_cat?post=38939"},{"taxonomy":"product_tag","embeddable":true,"href":"https:\/\/metal-badge.ch\/fr\/wp-json\/wp\/v2\/product_tag?post=38939"}],"curies":[{"name":"wp","href":"https:\/\/api.w.org\/{rel}","templated":true}]}}