{"id":38928,"date":"2017-04-21T11:33:44","date_gmt":"2017-04-21T11:33:44","guid":{"rendered":"https:\/\/shop.metal-badge.ch\/?product=camera-grand-angle-ltl-acorn-6310-wmg-led-avec-fonction-mms-gprs"},"modified":"2025-10-27T05:50:49","modified_gmt":"2025-10-27T04:50:49","slug":"camera-grand-angle-ltl-acorn-6310-wmg-led-avec-fonction-mms-gprs","status":"publish","type":"product","link":"https:\/\/metal-badge.ch\/fr\/product\/38928\/camera-grand-angle-ltl-acorn-6310-wmg-led-avec-fonction-mms-gprs\/","title":{"rendered":"Cam\u00e9ra grand-angle LTL Acorn 6310 WMG \/ LED avec fonction MMS \/ GPRS"},"content":{"rendered":"<p>Vous donne des aper\u00e7us \u00e9poustouflants de la vie des habitants de la for\u00eat&nbsp;: Enfin des animaux farouches et nocturnes devant votre lentille&nbsp;! Id\u00e9ale pour les amoureux de la nature, les chasseurs et les b\u00fbcherons. Le grand angle de 12 m\u00e9gapixels avec transfert d\u2019images LED 44 noir avec son par MMS ou e-mail ou SMS sur t\u00e9l\u00e9phone portable ou PC.<\/p>\n<p><strong>Dans les vid\u00e9os ou les images.<\/strong> Filmez ce qui se passe devant votre lentille avec le son. Enregistrez gr\u00e2ce \u00e0 la fonction rafale une sc\u00e8ne en 3 images. Ou documentez des \u00e9v\u00e9nements de longue dur\u00e9e simplement \u00e0 l\u2019aide de la fonction acc\u00e9l\u00e9r\u00e9.<\/p>\n<p><strong>Installation facile&nbsp;:<\/strong> Fixez la cam\u00e9ra sur un arbre \u00e0 l\u2019aide d\u2019une sangle. Le capteur de mouvement PIR permet d&rsquo;enregistrer automatiquement d\u00e8s qu\u2019un animal surgit. Dans l\u2019obscurit\u00e9, les LED IR assurent une luminosit\u00e9 optimale de fa\u00e7on imperceptible pour ne pas effrayer les animaux. La cam\u00e9ra tous terrains LTL Acorn LTL-6310 MG est massive et solide. Le pi\u00e8ge de 12 m\u00e9gapixels se pr\u00eate \u00e0 l\u2019observation des mouvements, des comportements et des rep\u00e8res de la faune locale. La cam\u00e9ra n&rsquo;a rien \u00e0 envier aux cam\u00e9ras de surveillance. La cam\u00e9ra est d\u00e9clench\u00e9e d\u00e8s qu\u2019un \u00eatre humain ou un animal se d\u00e9place dans le champ d\u2019observation des capteurs du d\u00e9tecteur de pr\u00e9sence. Le pi\u00e8ge est en mesure d\u2019enregistrer des images ou des vid\u00e9os. Les vid\u00e9os ou images sont enregistr\u00e9es sur une carte SD qui est ins\u00e9r\u00e9e dans le logement de la carte SD. Pendant la journ\u00e9e, les images et vid\u00e9os sont enregistr\u00e9es en couleur et la nuit, en noir et blanc.<\/p>\n<p><strong>Informations produit&nbsp;: <\/strong><\/p>\n<ul>\n<li>Envoyer les images par MMS ou e-mail sur votre t\u00e9l\u00e9phone portable ou votre passer, 24 heures sur 24.<\/li>\n<li>44 pi\u00e8ces 940 nm LED noires&nbsp;; port\u00e9e du flash max. 20&nbsp;m; parfait pour la faune tr\u00e8s farouche&nbsp;!<\/li>\n<li>Envoi des photos \/ vid\u00e9os jusqu\u2019\u00e0 3 num\u00e9ros de t\u00e9l\u00e9phone ou adresses \u00e9lectroniques par MMS ou GPRS.<\/li>\n<li>R\u00e9seaux GSM\/GPRS avec 850 \/ 900 \/ 1800 \/ 1900 MHz<\/li>\n<li>MMS Foto 640x 480<\/li>\n<li>Programmation t\u00e9l\u00e9command\u00e9e SMS<\/li>\n<li>Temporisation du d\u00e9clenchement 0,8s (avec carte SD 2GB)<\/li>\n<li>HD Vid\u00e9o&nbsp;: 1280 x&nbsp;720&nbsp;: 20&nbsp;fps avec son<\/li>\n<li>1 \u00e0 3 images ou vid\u00e9os 1-60s<\/li>\n<li>Distance focale d\u2019objective 3.1, FOV=100\u00b0<\/li>\n<li>Date, heure, temp\u00e9rature, phase lunaire et n\u00b0 de s\u00e9rie sur chaque image<\/li>\n<li>Capteur de mouvements PIR \u00e0 trois niveaux (haut, moyen, faible)<\/li>\n<li>\u00c9cran TFT 2.0&Prime; pour vid\u00e9o, diaporama, affichage de batterie et<\/li>\n<li>Programmation de temps de disponibilit\u00e9 r\u00e9glable<\/li>\n<li>Nombre d\u2019images \u00e0 envoyer de 0 \u00e0 99 et illimit\u00e9 \u00e0 s\u00e9lectionner<\/li>\n<li>Fonctionnement avec 4x ou 12x piles AA alcalines Mignon ou batteries (non inclus dans la livraison).&nbsp;&nbsp;&nbsp;&nbsp;&nbsp;&nbsp;&nbsp;&nbsp;&nbsp;&nbsp;&nbsp;&nbsp;&nbsp;&nbsp;&nbsp;&nbsp;&nbsp;&nbsp;&nbsp;&nbsp;&nbsp;&nbsp;&nbsp;&nbsp;&nbsp;&nbsp;&nbsp;&nbsp;&nbsp;&nbsp;<\/li>\n<li>SMS en cas de batteries trop faibles<\/li>\n<li>Alimentation \u00e9lectrique ext\u00e9rieure 6&nbsp;V<\/li>\n<li>jusqu\u2019\u00e0 4 mois d&rsquo;autonomie avec au moins 8 x jusqu\u2019\u00e0 12 x piles AA.<\/li>\n<li>Dimensions&nbsp;: L x l x H = 130x80x60 mm<\/li>\n<li>Poids env. 290 g.<\/li>\n<li>Logement de cartes pour cartes SD jusqu\u2019\u00e0 32 GB (inclus dans la livraison)<\/li>\n<li>Prot\u00e9g\u00e9 contre l\u2019eau IP66<\/li>\n<li>Plage de temp\u00e9rature-30\u00b0C -+70\u00b0C<\/li>\n<li>Prot\u00e9g\u00e9 par mot de passe<\/li>\n<li>Certificats FCC &amp; CE &amp; RoHS<\/li>\n<li>Gr\u00e2ce \u00e0 la technique infrarouge et les LED noires sans flash IR visible pendant la nuit<\/li>\n<li>Rapport r\u00e9gulier par SMS<\/li>\n<li>L\u2019antenne peut \u00eatre repli\u00e9e<\/li>\n<li>Photos ou vid\u00e9os 1 \u00e0 60 s avec son<\/li>\n<li>Couleur&nbsp;: Camouflage<\/li>\n<li>Port\u00e9e du flash max. 20 m<\/li>\n<li>Filetage pour tr\u00e9pied&nbsp;&nbsp;&nbsp;&nbsp;&nbsp;<\/li>\n<\/ul>\n<p>Sont inclus dans la livraison la carte SD 32 GB SD, le c\u00e2ble TV; le c\u00e2ble USB, la sangle pour arbre, le logiciel sur CD pour la programmation des param\u00e8tres MMS \/ GPRS et le mode d\u2019emploi en anglais. .<\/p>\n<p>Commander s\u00e9par\u00e9ment les piles et la carte SIM. Nous conseillons une carte SIM pr\u00e9pay\u00e9e pour l\u2019envoi de MMS ou une carte avec abonnement avec un forfait de donn\u00e9es pour l\u2019envoi par GPRS.<\/p>\n<p><a href=\"https:\/\/metal-badge.ch\/product\/38897\/diebstahlsicherung-fur-wildkameras\/\">En option, nous offrons une s\u00e9curit\u00e9 et un antivol pour la cam\u00e9ra. La cam\u00e9ra se faufile parfaitement dans le cadre protecteur et peut \u00eatre s\u00e9curis\u00e9e \u00e0 l\u2019aide d\u2019un cadenas.<\/a><\/p>\n","protected":false},"excerpt":{"rendered":"<p>Vous donne des aper\u00e7us \u00e9poustouflants de la vie des habitants de la for\u00eat&nbsp;: Enfin des animaux farouches et nocturnes devant votre lentille&nbsp;! Id\u00e9ale pour les amoureux de la nature, les chasseurs et les b\u00fbcherons. Le grand angle de 12 m\u00e9gapixels avec transfert d\u2019images LED 44 noir avec son par MMS ou e-mail ou SMS sur t\u00e9l\u00e9phone portable ou PC.<\/p>\n<p><strong>Dans les vid\u00e9os ou les images.<\/strong> Filmez ce qui se passe devant votre lentille avec le son. Enregistrez gr\u00e2ce \u00e0 la fonction rafale une sc\u00e8ne en 3 images. Ou documentez des \u00e9v\u00e9nements de longue dur\u00e9e simplement \u00e0 l\u2019aide de la fonction acc\u00e9l\u00e9r\u00e9.<\/p>\n","protected":false},"featured_media":89691,"comment_status":"open","ping_status":"closed","template":"","meta":{"inline_featured_image":false},"product_brand":[],"product_cat":[1347,1710],"product_tag":[1769,1777,1773,1781,1765],"class_list":{"0":"post-38928","1":"product","2":"type-product","3":"status-publish","4":"has-post-thumbnail","6":"product_cat-accessoires-militaires-de-chasse","7":"product_cat-cameras-dash-cams-fr","8":"product_tag-army-survival-fr","9":"product_tag-camping-voyage","10":"product_tag-chasse-peche","11":"product_tag-police-securite","12":"product_tag-sport-outdoor-fr","14":"first","15":"instock","16":"taxable","17":"shipping-taxable","18":"purchasable","19":"product-type-simple"},"_links":{"self":[{"href":"https:\/\/metal-badge.ch\/fr\/wp-json\/wp\/v2\/product\/38928","targetHints":{"allow":["GET"]}}],"collection":[{"href":"https:\/\/metal-badge.ch\/fr\/wp-json\/wp\/v2\/product"}],"about":[{"href":"https:\/\/metal-badge.ch\/fr\/wp-json\/wp\/v2\/types\/product"}],"replies":[{"embeddable":true,"href":"https:\/\/metal-badge.ch\/fr\/wp-json\/wp\/v2\/comments?post=38928"}],"wp:featuredmedia":[{"embeddable":true,"href":"https:\/\/metal-badge.ch\/fr\/wp-json\/wp\/v2\/media\/89691"}],"wp:attachment":[{"href":"https:\/\/metal-badge.ch\/fr\/wp-json\/wp\/v2\/media?parent=38928"}],"wp:term":[{"taxonomy":"product_brand","embeddable":true,"href":"https:\/\/metal-badge.ch\/fr\/wp-json\/wp\/v2\/product_brand?post=38928"},{"taxonomy":"product_cat","embeddable":true,"href":"https:\/\/metal-badge.ch\/fr\/wp-json\/wp\/v2\/product_cat?post=38928"},{"taxonomy":"product_tag","embeddable":true,"href":"https:\/\/metal-badge.ch\/fr\/wp-json\/wp\/v2\/product_tag?post=38928"}],"curies":[{"name":"wp","href":"https:\/\/api.w.org\/{rel}","templated":true}]}}