{"id":38917,"date":"2017-04-21T10:16:07","date_gmt":"2017-04-21T10:16:07","guid":{"rendered":"https:\/\/shop.metal-badge.ch\/?product=camera-tous-terrains-ltl-acorn-5210-a-avec-ecran-couleur-et-vision-nocturne-a-infrarouges-12-mp"},"modified":"2017-04-21T12:17:35","modified_gmt":"2017-04-21T12:17:35","slug":"camera-tous-terrains-ltl-acorn-5210-a-avec-ecran-couleur-et-vision-nocturne-a-infrarouges-12-mp","status":"publish","type":"product","link":"https:\/\/metal-badge.ch\/fr\/product\/38917\/camera-tous-terrains-ltl-acorn-5210-a-avec-ecran-couleur-et-vision-nocturne-a-infrarouges-12-mp\/","title":{"rendered":"Cam\u00e9ra tous terrains LTL Acorn 5210 A avec \u00e9cran couleur et vision nocturne \u00e0 infrarouges, 12 MP"},"content":{"rendered":"<p>Vous donne des aper\u00e7us \u00e9poustouflants de la vie des habitants de la for\u00eat\u00a0: Enfin des animaux farouches et nocturnes devant votre lentille\u00a0! Id\u00e9ale pour les amoureux de la nature, les chasseurs et les b\u00fbcherons.<\/p>\n<p><strong>Dans les vid\u00e9os ou les images.<\/strong> Filmez ce qui se passe devant votre lentille avec le son. Enregistrez gr\u00e2ce \u00e0 la fonction rafale une sc\u00e8ne en 3 images. Ou documentez des \u00e9v\u00e9nements de longue dur\u00e9e simplement \u00e0 l\u2019aide de la fonction acc\u00e9l\u00e9r\u00e9.<\/p>\n<p><strong>Installation facile\u00a0:<\/strong> Fixez la cam\u00e9ra sur un arbre \u00e0 l\u2019aide d\u2019une sangle. Le capteur de mouvement PIR permet d&rsquo;enregistrer automatiquement d\u00e8s qu\u2019un animal surgit. Dans l\u2019obscurit\u00e9, les LED IR assurent une luminosit\u00e9 optimale de fa\u00e7on imperceptible pour ne pas effrayer les animaux. La cam\u00e9ra tous terrains LTL Acorn LTL-5210A est massive et solide. Le pi\u00e8ge de 12 m\u00e9gapixels se pr\u00eate \u00e0 l\u2019observation des mouvements, des comportements et des rep\u00e8res de la faune locale. La cam\u00e9ra n&rsquo;a rien \u00e0 envier aux cam\u00e9ras de surveillance. La cam\u00e9ra est d\u00e9clench\u00e9e d\u00e8s qu\u2019un \u00eatre humain ou un animal se d\u00e9place dans le champ d\u2019observation des capteurs du d\u00e9tecteur de pr\u00e9sence. Le pi\u00e8ge est en mesure d\u2019enregistrer des images ou des vid\u00e9os. Les vid\u00e9os ou images sont enregistr\u00e9es sur une carte SD qui est ins\u00e9r\u00e9e dans le logement de la carte SD. Pendant la journ\u00e9e, les images et vid\u00e9os sont enregistr\u00e9es en couleur et la nuit, en noir et blanc.<\/p>\n<p>\u00a0<\/p>\n<p><strong>Informations produit : <\/strong><br \/>\nMassive et solide<br \/>\nLED &#8211; affichage<br \/>\nPi\u00e8ges commutables \u00e0 5 ou 12 M\u00e9gapixels<br \/>\nR\u00e9solution des images : 4032 x 3024 pixels<br \/>\nr\u00e9solution vid\u00e9o : 640 x 480 pixels<br \/>\nRaccords : Mini-USB, TV-out \/ Visualisation sur PC ou TV<br \/>\nplage de temp\u00e9rature : De -30 \u00e0 +70 \u00b0C<br \/>\nFormats d\u2019enregistrement : AVI, JPG<br \/>\nport\u00e9e du flash max. 20 m<br \/>\nDate et heure possibles sur chaque image<br \/>\nCapteur : CMOS<br \/>\ncartes m\u00e9moires prises en charge : SD, SDHC<br \/>\nCouleur : Camouflage<br \/>\nAlimentation \u00e9lectrique : 8x piles AA Mignon<br \/>\nDistance focale d\u2019objectif 3,1<br \/>\nAngle d\u2019ouverture 52\u00b0<br \/>\nFiletage pour tr\u00e9pied<br \/>\nChamp d\u2019observation des capteurs PIR : total de 100\u00b0<br \/>\nPort\u00e9e du flash IR : 20 m<br \/>\nFonctionnement possible avec alimentation \u00e9lectrique 6 V<br \/>\nIntervalle d\u2019images : 1s 60 min<br \/>\ntype de protection : Bo\u00eetier prot\u00e9g\u00e9 contre les \u00e9claboussures IP 54<br \/>\nLongueur d\u2019onde 940 nm<br \/>\nDimensions : largeur 90 mm \/ hauteur 140 mm \/ profondeur : 70 mm<br \/>\nPoids : 240 g.<br \/>\nSont inclus dans la livraison : cam\u00e9ra, carte SD 32 GB, 2x sangles pour fixation arbre, c\u00e2ble USB, c\u00e2ble TV Out mode d\u2019emploi<\/p>\n<p><a href=\"https:\/\/metal-badge.ch\/product\/38897\/diebstahlsicherung-fur-wildkameras\/\">En option, nous offrons une s\u00e9curit\u00e9 et un antivol pour la cam\u00e9ra. La cam\u00e9ra se faufile parfaitement dans le cadre protecteur et peut \u00eatre s\u00e9curis\u00e9e \u00e0 l\u2019aide d\u2019un cadenas.<\/a><\/p>\n","protected":false},"excerpt":{"rendered":"<p>Vous donne des aper\u00e7us \u00e9poustouflants de la vie des habitants de la for\u00eat\u00a0: Enfin des animaux farouches et nocturnes devant votre lentille\u00a0! Id\u00e9ale pour les amoureux de la nature, les chasseurs et les b\u00fbcherons. Dans les vid\u00e9os ou les images. Filmez ce qui se passe devant votre lentille avec le son. Enregistrez gr\u00e2ce \u00e0 la [&hellip;]<\/p>\n","protected":false},"featured_media":55840,"comment_status":"open","ping_status":"closed","template":"","meta":{"inline_featured_image":false},"product_brand":[],"product_cat":[1347,1710],"product_tag":[1769,1777,1773,1781,1765],"class_list":{"0":"post-38917","1":"product","2":"type-product","3":"status-publish","4":"has-post-thumbnail","6":"product_cat-accessoires-militaires-de-chasse","7":"product_cat-cameras-dash-cams-fr","8":"product_tag-army-survival-fr","9":"product_tag-camping-voyage","10":"product_tag-chasse-peche","11":"product_tag-police-securite","12":"product_tag-sport-outdoor-fr","14":"first","15":"instock","16":"taxable","17":"shipping-taxable","18":"purchasable","19":"product-type-simple"},"_links":{"self":[{"href":"https:\/\/metal-badge.ch\/fr\/wp-json\/wp\/v2\/product\/38917","targetHints":{"allow":["GET"]}}],"collection":[{"href":"https:\/\/metal-badge.ch\/fr\/wp-json\/wp\/v2\/product"}],"about":[{"href":"https:\/\/metal-badge.ch\/fr\/wp-json\/wp\/v2\/types\/product"}],"replies":[{"embeddable":true,"href":"https:\/\/metal-badge.ch\/fr\/wp-json\/wp\/v2\/comments?post=38917"}],"wp:featuredmedia":[{"embeddable":true,"href":"https:\/\/metal-badge.ch\/fr\/wp-json\/wp\/v2\/media\/55840"}],"wp:attachment":[{"href":"https:\/\/metal-badge.ch\/fr\/wp-json\/wp\/v2\/media?parent=38917"}],"wp:term":[{"taxonomy":"product_brand","embeddable":true,"href":"https:\/\/metal-badge.ch\/fr\/wp-json\/wp\/v2\/product_brand?post=38917"},{"taxonomy":"product_cat","embeddable":true,"href":"https:\/\/metal-badge.ch\/fr\/wp-json\/wp\/v2\/product_cat?post=38917"},{"taxonomy":"product_tag","embeddable":true,"href":"https:\/\/metal-badge.ch\/fr\/wp-json\/wp\/v2\/product_tag?post=38917"}],"curies":[{"name":"wp","href":"https:\/\/api.w.org\/{rel}","templated":true}]}}