{"id":38906,"date":"2017-04-21T09:47:38","date_gmt":"2017-04-21T09:47:38","guid":{"rendered":"https:\/\/shop.metal-badge.ch\/?product=antivol-pour-camera-tous-terrains"},"modified":"2020-08-02T02:30:47","modified_gmt":"2020-08-02T02:30:47","slug":"antivol-pour-camera-tous-terrains","status":"publish","type":"product","link":"https:\/\/metal-badge.ch\/fr\/product\/38906\/antivol-pour-camera-tous-terrains\/","title":{"rendered":"Antivol pour cam\u00e9ra tous terrains"},"content":{"rendered":"<p>Prot\u00e9gez votre cam\u00e9ra tous terrains au moyen de l&rsquo;antivol en m\u00e9tal. Pour toutes les cam\u00e9ras tous terrains avec ou sans antenne. Le cache avant peut \u00eatre rabattu vers le bas. Peut \u00eatre s\u00e9curis\u00e9 en haut au moyen d\u2019un cadenas.<\/p>\n<p>La livraison comprend aussi une plaque de fixation avec une articulation r\u00e9glable et x4 vis qui peut \u00eatre fix\u00e9e \u00e0 l&rsquo;arri\u00e8re de la bo\u00eete.\u00a0\u00a0<\/p>\n<p>\u00a0<\/p>\n<p><strong>Informations produit\u00a0:<\/strong><br \/>\nPoids\u00a0: 950 g.<br \/>\nMat\u00e9riau\u00a0: m\u00e9tal<br \/>\nCouleur\u00a0: noir<br \/>\nDimensions int\u00e9rieures\u00a0: Hauteur 15,5 cm \/ Largeur 10,5 cm \/ Profondeur 7,0 cm<\/p>\n","protected":false},"excerpt":{"rendered":"<p>Prot\u00e9gez votre cam\u00e9ra tous terrains au moyen de l&rsquo;antivol en m\u00e9tal. Pour toutes les cam\u00e9ras tous terrains avec ou sans antenne. Le cache avant peut \u00eatre rabattu vers le bas. Peut \u00eatre s\u00e9curis\u00e9 en haut au moyen d\u2019un cadenas. La livraison comprend aussi une plaque de fixation avec une articulation r\u00e9glable et x4 vis qui [&hellip;]<\/p>\n","protected":false},"featured_media":89693,"comment_status":"open","ping_status":"closed","template":"","meta":{"inline_featured_image":false},"product_brand":[],"product_cat":[1347,1710],"product_tag":[1769,1777,1773,1781,1765],"class_list":{"0":"post-38906","1":"product","2":"type-product","3":"status-publish","4":"has-post-thumbnail","6":"product_cat-accessoires-militaires-de-chasse","7":"product_cat-cameras-dash-cams-fr","8":"product_tag-army-survival-fr","9":"product_tag-camping-voyage","10":"product_tag-chasse-peche","11":"product_tag-police-securite","12":"product_tag-sport-outdoor-fr","14":"first","15":"instock","16":"taxable","17":"shipping-taxable","18":"purchasable","19":"product-type-simple"},"_links":{"self":[{"href":"https:\/\/metal-badge.ch\/fr\/wp-json\/wp\/v2\/product\/38906","targetHints":{"allow":["GET"]}}],"collection":[{"href":"https:\/\/metal-badge.ch\/fr\/wp-json\/wp\/v2\/product"}],"about":[{"href":"https:\/\/metal-badge.ch\/fr\/wp-json\/wp\/v2\/types\/product"}],"replies":[{"embeddable":true,"href":"https:\/\/metal-badge.ch\/fr\/wp-json\/wp\/v2\/comments?post=38906"}],"wp:featuredmedia":[{"embeddable":true,"href":"https:\/\/metal-badge.ch\/fr\/wp-json\/wp\/v2\/media\/89693"}],"wp:attachment":[{"href":"https:\/\/metal-badge.ch\/fr\/wp-json\/wp\/v2\/media?parent=38906"}],"wp:term":[{"taxonomy":"product_brand","embeddable":true,"href":"https:\/\/metal-badge.ch\/fr\/wp-json\/wp\/v2\/product_brand?post=38906"},{"taxonomy":"product_cat","embeddable":true,"href":"https:\/\/metal-badge.ch\/fr\/wp-json\/wp\/v2\/product_cat?post=38906"},{"taxonomy":"product_tag","embeddable":true,"href":"https:\/\/metal-badge.ch\/fr\/wp-json\/wp\/v2\/product_tag?post=38906"}],"curies":[{"name":"wp","href":"https:\/\/api.w.org\/{rel}","templated":true}]}}