{"id":38852,"date":"2016-01-14T22:14:48","date_gmt":"2016-01-14T22:14:48","guid":{"rendered":"https:\/\/shop.metal-badge.ch\/?product=etui-en-cuir-on-the-way-passport-holder-ipa-slovaquie"},"modified":"2022-12-22T20:00:04","modified_gmt":"2022-12-22T19:00:04","slug":"on-the-way-passport-holder-ipa-slovaquie","status":"publish","type":"product","link":"https:\/\/metal-badge.ch\/fr\/product\/38852\/on-the-way-passport-holder-ipa-slovaquie\/","title":{"rendered":"\u00ab\u00a0On the way \/ Passport Holder\u201d IPA Slovaquie"},"content":{"rendered":"<p>L&rsquo;\u00e9tui id\u00e9al pour les d\u00e9placements. L&rsquo;\u00e9tui de voyage noir, solide en nylon \/ mat\u00e9riau cordura, avec fermeture-\u00e9clair offre un grand espace de rangement. \u00c0 l&rsquo;int\u00e9rieur, il y a diff\u00e9rents compartiments pour le passeport, la carte d&#8217;embarcation, le ticket, les billets, les notes. Avec au total 16 cartes de cr\u00e9dit, il y a de la place pour au moins 32 cartes de cr\u00e9dit. Deux fen\u00eatres transparentes pour ID \/ cartes d&rsquo;identit\u00e9s sont \u00e9galement pr\u00e9sentes dans l&rsquo;\u00e9tui. Le c\u00f4t\u00e9 rabattable \u00e0 l&rsquo;int\u00e9rieur peut \u00eatre retir\u00e9 avec une fermeture-\u00e9clair. Le badge avec fen\u00eatre ID se trouve \u00e0 l&rsquo;int\u00e9rieur,\u00a0 du c\u00f4t\u00e9 qui peut \u00eatre retir\u00e9. Ainsi, il est possible, par exemple en voyage, de retirer \u00e0 l&rsquo;h\u00f4tel la partie int\u00e9rieure avec la fermeture-\u00e9clair. Un plus suppl\u00e9mentaire est le porte-stylo qui peut \u00eatre ins\u00e9r\u00e9 facilement dans la bande \u00e9lastique.\u00a0<\/p>\n<p>Avec cet \u00e9tui en longueur, le badge peut \u00eatre \u00e9galement clips\u00e9 \u00e0 l&rsquo;ext\u00e9rieur avec le support \u00e9lastique. Cet \u00e9tui de voyage est fourni avec une bande de suspension avec mousqueton (peut \u00eatre \u00e9galement retir\u00e9). Un stylo-bille en m\u00e9tal argent\u00e9 est \u00e9galement fourni.\u00a0<\/p>\n<p>\n<strong>Information sur le produit :<\/strong><\/p>\n<p>Taille \/ Dimensions : Hauteur 19.5 cm \/ Largeur 11 cm\u00a0<br \/>\nColoris : Noir \u00a0<br \/>\nPoids : 230 g.\u00a0<br \/>\nMat\u00e9riau : Cordura<\/p>\n","protected":false},"excerpt":{"rendered":"<p>L&rsquo;\u00e9tui id\u00e9al pour les d\u00e9placements. L&rsquo;\u00e9tui de voyage noir, solide en nylon \/ mat\u00e9riau cordura, avec fermeture-\u00e9clair offre un grand espace de rangement. \u00c0 l&rsquo;int\u00e9rieur, il y a diff\u00e9rents compartiments pour le passeport, la carte d&#8217;embarcation, le ticket, les billets, les notes. Avec au total 16 cartes de cr\u00e9dit, il y a de la place [&hellip;]<\/p>\n","protected":false},"featured_media":90459,"comment_status":"open","ping_status":"closed","template":"","meta":{"inline_featured_image":false},"product_brand":[],"product_cat":[1375],"product_tag":[],"class_list":{"0":"post-38852","1":"product","2":"type-product","3":"status-publish","4":"has-post-thumbnail","6":"product_cat-slovaquie","8":"first","9":"instock","10":"taxable","11":"shipping-taxable","12":"purchasable","13":"product-type-simple"},"_links":{"self":[{"href":"https:\/\/metal-badge.ch\/fr\/wp-json\/wp\/v2\/product\/38852","targetHints":{"allow":["GET"]}}],"collection":[{"href":"https:\/\/metal-badge.ch\/fr\/wp-json\/wp\/v2\/product"}],"about":[{"href":"https:\/\/metal-badge.ch\/fr\/wp-json\/wp\/v2\/types\/product"}],"replies":[{"embeddable":true,"href":"https:\/\/metal-badge.ch\/fr\/wp-json\/wp\/v2\/comments?post=38852"}],"wp:featuredmedia":[{"embeddable":true,"href":"https:\/\/metal-badge.ch\/fr\/wp-json\/wp\/v2\/media\/90459"}],"wp:attachment":[{"href":"https:\/\/metal-badge.ch\/fr\/wp-json\/wp\/v2\/media?parent=38852"}],"wp:term":[{"taxonomy":"product_brand","embeddable":true,"href":"https:\/\/metal-badge.ch\/fr\/wp-json\/wp\/v2\/product_brand?post=38852"},{"taxonomy":"product_cat","embeddable":true,"href":"https:\/\/metal-badge.ch\/fr\/wp-json\/wp\/v2\/product_cat?post=38852"},{"taxonomy":"product_tag","embeddable":true,"href":"https:\/\/metal-badge.ch\/fr\/wp-json\/wp\/v2\/product_tag?post=38852"}],"curies":[{"name":"wp","href":"https:\/\/api.w.org\/{rel}","templated":true}]}}