{"id":38736,"date":"2015-02-05T22:25:48","date_gmt":"2015-02-05T22:25:48","guid":{"rendered":"https:\/\/shop.metal-badge.ch\/?product=etui-en-cuir-quantum-ipa-slovaquie"},"modified":"2017-04-30T21:48:48","modified_gmt":"2017-04-30T21:48:48","slug":"etui-en-cuir-quantum-ipa-slovaquie","status":"publish","type":"product","link":"https:\/\/metal-badge.ch\/fr\/product\/38736\/etui-en-cuir-quantum-ipa-slovaquie\/","title":{"rendered":"Etui en cuir \u00ab\u00a0Quantum\u00a0\u00bb IPA Slovaquie"},"content":{"rendered":"<p>Etui en cuir noir pratique de haute qualit\u00e9 avec une fen\u00eatre pour carte d&rsquo;identit\u00e9, six emplacements pour cartes de cr\u00e9dit et deux compartiments s\u00e9par\u00e9s pour les billets de banque. Dimensions: largeur 12 cm \/ hauteur 9 cm.<\/p>\n","protected":false},"excerpt":{"rendered":"<p>Etui en cuir noir pratique de haute qualit\u00e9 avec une fen\u00eatre pour carte d&rsquo;identit\u00e9, six emplacements pour cartes de cr\u00e9dit et deux compartiments s\u00e9par\u00e9s pour les billets de banque. Dimensions: largeur 12 cm \/ hauteur 9 cm.<\/p>\n","protected":false},"featured_media":91223,"comment_status":"open","ping_status":"closed","template":"","meta":{"inline_featured_image":false},"product_brand":[],"product_cat":[1375],"product_tag":[],"class_list":{"0":"post-38736","1":"product","2":"type-product","3":"status-publish","4":"has-post-thumbnail","6":"product_cat-slovaquie","8":"first","9":"instock","10":"taxable","11":"shipping-taxable","12":"purchasable","13":"product-type-simple"},"_links":{"self":[{"href":"https:\/\/metal-badge.ch\/fr\/wp-json\/wp\/v2\/product\/38736","targetHints":{"allow":["GET"]}}],"collection":[{"href":"https:\/\/metal-badge.ch\/fr\/wp-json\/wp\/v2\/product"}],"about":[{"href":"https:\/\/metal-badge.ch\/fr\/wp-json\/wp\/v2\/types\/product"}],"replies":[{"embeddable":true,"href":"https:\/\/metal-badge.ch\/fr\/wp-json\/wp\/v2\/comments?post=38736"}],"wp:featuredmedia":[{"embeddable":true,"href":"https:\/\/metal-badge.ch\/fr\/wp-json\/wp\/v2\/media\/91223"}],"wp:attachment":[{"href":"https:\/\/metal-badge.ch\/fr\/wp-json\/wp\/v2\/media?parent=38736"}],"wp:term":[{"taxonomy":"product_brand","embeddable":true,"href":"https:\/\/metal-badge.ch\/fr\/wp-json\/wp\/v2\/product_brand?post=38736"},{"taxonomy":"product_cat","embeddable":true,"href":"https:\/\/metal-badge.ch\/fr\/wp-json\/wp\/v2\/product_cat?post=38736"},{"taxonomy":"product_tag","embeddable":true,"href":"https:\/\/metal-badge.ch\/fr\/wp-json\/wp\/v2\/product_tag?post=38736"}],"curies":[{"name":"wp","href":"https:\/\/api.w.org\/{rel}","templated":true}]}}