{"id":38712,"date":"2015-02-05T22:13:16","date_gmt":"2015-02-05T22:13:16","guid":{"rendered":"https:\/\/shop.metal-badge.ch\/?product=etui-en-cuir-premium-selection-ipa-slovaquie"},"modified":"2020-12-19T19:58:55","modified_gmt":"2020-12-19T18:58:55","slug":"etui-en-cuir-premium-selection-ipa-slovaquie","status":"publish","type":"product","link":"https:\/\/metal-badge.ch\/fr\/product\/38712\/etui-en-cuir-premium-selection-ipa-slovaquie\/","title":{"rendered":"\u00c9tui en cuir \u00ab\u00a0Premium Selection\u00a0\u00bb IPA Slovaquie"},"content":{"rendered":"<p>Ce porte-monnaie r\u00e9pond \u00e0 des exigences \u00e9lev\u00e9es.<\/p>\n<p>Le porte-monnaie noir est partag\u00e9 en 3 compartiments. Dans le premier compartiment ferm\u00e9 par le bouton pression, il y a 6 compartiments pour cartes de cr\u00e9dits pouvant contenir au moins 12 cartes ainsi que deux compartiments s\u00e9par\u00e9s pouvant contenir des notes ou des billets. Le compartiment du milieu comporte deux grands compartiments \u00e0 monnaie cach\u00e9s qui sont ferm\u00e9s par fermeture \u00e9clair. La troisi\u00e8me partie est une fen\u00eatre transparente pour y mettre une carte d&rsquo;identit\u00e9 et, sur le c\u00f4t\u00e9 oppos\u00e9, il y a un support pour badge avec une ouverture ainsi qu&rsquo;une plaque en m\u00e9tal dor\u00e9e ou argent\u00e9e. Attention : les gravures sur la plaque peuvent occasionner des co\u00fbts suppl\u00e9mentaires.<\/p>\n<p>Cet \u00e9tui en format portrait est fait en cuir de haute qualit\u00e9 avec une structure fine. Une bo\u00eete cadeau est \u00e9galement comprise dans la livraison avec un stylo \u00e0 bille en m\u00e9tal de haute qualit\u00e9 ainsi qu&rsquo;un porte-cl\u00e9s en cuir.<\/p>\n<p>Taille \/ Mesures de l&rsquo;\u00e9tui : Hauteur 12 cm \/ Largeur 9,2 cm \/ \u00c9paisseur 2,0 cm<br \/>\nPoids : 130 g<\/p>\n<p>Police de la gravure du \u00e9criteau : Arial<br \/>\nCouleur de la gravure du \u00e9criteau : noir<\/p>\n","protected":false},"excerpt":{"rendered":"<p>Ce porte-monnaie r\u00e9pond \u00e0 des exigences \u00e9lev\u00e9es. Le porte-monnaie noir est partag\u00e9 en 3 compartiments. Dans le premier compartiment ferm\u00e9 par le bouton pression, il y a 6 compartiments pour cartes de cr\u00e9dits pouvant contenir au moins 12 cartes ainsi que deux compartiments s\u00e9par\u00e9s pouvant contenir des notes ou des billets. Le compartiment du milieu [&hellip;]<\/p>\n","protected":false},"featured_media":38704,"comment_status":"open","ping_status":"closed","template":"","meta":{"inline_featured_image":false},"product_brand":[],"product_cat":[1375],"product_tag":[],"class_list":{"0":"post-38712","1":"product","2":"type-product","3":"status-publish","4":"has-post-thumbnail","6":"product_cat-slovaquie","8":"first","9":"instock","10":"taxable","11":"shipping-taxable","12":"purchasable","13":"product-type-simple"},"_links":{"self":[{"href":"https:\/\/metal-badge.ch\/fr\/wp-json\/wp\/v2\/product\/38712","targetHints":{"allow":["GET"]}}],"collection":[{"href":"https:\/\/metal-badge.ch\/fr\/wp-json\/wp\/v2\/product"}],"about":[{"href":"https:\/\/metal-badge.ch\/fr\/wp-json\/wp\/v2\/types\/product"}],"replies":[{"embeddable":true,"href":"https:\/\/metal-badge.ch\/fr\/wp-json\/wp\/v2\/comments?post=38712"}],"wp:featuredmedia":[{"embeddable":true,"href":"https:\/\/metal-badge.ch\/fr\/wp-json\/wp\/v2\/media\/38704"}],"wp:attachment":[{"href":"https:\/\/metal-badge.ch\/fr\/wp-json\/wp\/v2\/media?parent=38712"}],"wp:term":[{"taxonomy":"product_brand","embeddable":true,"href":"https:\/\/metal-badge.ch\/fr\/wp-json\/wp\/v2\/product_brand?post=38712"},{"taxonomy":"product_cat","embeddable":true,"href":"https:\/\/metal-badge.ch\/fr\/wp-json\/wp\/v2\/product_cat?post=38712"},{"taxonomy":"product_tag","embeddable":true,"href":"https:\/\/metal-badge.ch\/fr\/wp-json\/wp\/v2\/product_tag?post=38712"}],"curies":[{"name":"wp","href":"https:\/\/api.w.org\/{rel}","templated":true}]}}