{"id":38638,"date":"2015-02-05T01:55:44","date_gmt":"2015-02-05T01:55:44","guid":{"rendered":"https:\/\/shop.metal-badge.ch\/?product=etui-en-cuir-functional-ipa-slovaquie"},"modified":"2017-04-30T17:22:40","modified_gmt":"2017-04-30T17:22:40","slug":"etui-en-cuir-functional-ipa-slovaquie","status":"publish","type":"product","link":"https:\/\/metal-badge.ch\/fr\/product\/38638\/etui-en-cuir-functional-ipa-slovaquie\/","title":{"rendered":"Etui en cuir \u00ab\u00a0Functional\u00a0\u00bb IPA Slovaquie"},"content":{"rendered":"<p>Etui en cuir marron avec fen\u00eatre pour carte de cr\u00e9dit, compartiments pour cartes de cr\u00e9dit, monnaie et billets.<\/p>\n","protected":false},"excerpt":{"rendered":"<p>Etui en cuir marron avec fen\u00eatre pour carte de cr\u00e9dit, compartiments pour cartes de cr\u00e9dit, monnaie et billets.<\/p>\n","protected":false},"featured_media":91363,"comment_status":"open","ping_status":"closed","template":"","meta":{"inline_featured_image":false},"product_brand":[],"product_cat":[1375],"product_tag":[],"class_list":{"0":"post-38638","1":"product","2":"type-product","3":"status-publish","4":"has-post-thumbnail","6":"product_cat-slovaquie","8":"first","9":"instock","10":"taxable","11":"shipping-taxable","12":"purchasable","13":"product-type-simple"},"_links":{"self":[{"href":"https:\/\/metal-badge.ch\/fr\/wp-json\/wp\/v2\/product\/38638","targetHints":{"allow":["GET"]}}],"collection":[{"href":"https:\/\/metal-badge.ch\/fr\/wp-json\/wp\/v2\/product"}],"about":[{"href":"https:\/\/metal-badge.ch\/fr\/wp-json\/wp\/v2\/types\/product"}],"replies":[{"embeddable":true,"href":"https:\/\/metal-badge.ch\/fr\/wp-json\/wp\/v2\/comments?post=38638"}],"wp:featuredmedia":[{"embeddable":true,"href":"https:\/\/metal-badge.ch\/fr\/wp-json\/wp\/v2\/media\/91363"}],"wp:attachment":[{"href":"https:\/\/metal-badge.ch\/fr\/wp-json\/wp\/v2\/media?parent=38638"}],"wp:term":[{"taxonomy":"product_brand","embeddable":true,"href":"https:\/\/metal-badge.ch\/fr\/wp-json\/wp\/v2\/product_brand?post=38638"},{"taxonomy":"product_cat","embeddable":true,"href":"https:\/\/metal-badge.ch\/fr\/wp-json\/wp\/v2\/product_cat?post=38638"},{"taxonomy":"product_tag","embeddable":true,"href":"https:\/\/metal-badge.ch\/fr\/wp-json\/wp\/v2\/product_tag?post=38638"}],"curies":[{"name":"wp","href":"https:\/\/api.w.org\/{rel}","templated":true}]}}