{"id":38566,"date":"2015-02-05T01:24:11","date_gmt":"2015-02-05T01:24:11","guid":{"rendered":"https:\/\/shop.metal-badge.ch\/?product=etui-en-cuir-basic-ipa-slovaquie"},"modified":"2017-04-30T16:09:32","modified_gmt":"2017-04-30T16:09:32","slug":"etui-en-cuir-basic-ipa-slovaquie","status":"publish","type":"product","link":"https:\/\/metal-badge.ch\/fr\/product\/38566\/etui-en-cuir-basic-ipa-slovaquie\/","title":{"rendered":"Etui en cuir \u00ab\u00a0Basic\u00a0\u00bb IPA Slovaquie"},"content":{"rendered":"<p>Pratique \u00e9tui en cuir noir avec deux compartiments transparents pour cartes d&rsquo;identit\u00e9 et quatre compartiments de rangement pour au moins 8 \u00e0 12 cartes de cr\u00e9dit.<br \/>\nA l\u2019int\u00e9rieur de cet \u00e9tui, un compartiment suppl\u00e9mentaire pour plusieurs cartes d\u2019identit\u00e9, notes et re\u00e7us. L\u2019\u00e9tui peut \u00eatre pli\u00e9 avec le badge \u00e0 l\u2019ext\u00e9rieur ou avec le compartiment ID \u00e0 l\u2019ext\u00e9rieur et le badge \u00e0 l\u2019int\u00e9rieur selon vos souhaits.<br \/>\nCet \u00e9tui est produit en cuir de b\u0153uf d\u2019haute qualit\u00e9. L\u2019\u00e9tui est pliable lat\u00e9ralement.<\/p>\n<p>Dimensions \/ mesures : 8 cm \/ hauteur 11 cm<br \/>\n\u00a0<\/p>\n","protected":false},"excerpt":{"rendered":"<p>Pratique \u00e9tui en cuir noir avec deux compartiments transparents pour cartes d&rsquo;identit\u00e9 et quatre compartiments de rangement pour au moins 8 \u00e0 12 cartes de cr\u00e9dit. A l\u2019int\u00e9rieur de cet \u00e9tui, un compartiment suppl\u00e9mentaire pour plusieurs cartes d\u2019identit\u00e9, notes et re\u00e7us. L\u2019\u00e9tui peut \u00eatre pli\u00e9 avec le badge \u00e0 l\u2019ext\u00e9rieur ou avec le compartiment ID [&hellip;]<\/p>\n","protected":false},"featured_media":91487,"comment_status":"open","ping_status":"closed","template":"","meta":{"inline_featured_image":false},"product_brand":[],"product_cat":[1375],"product_tag":[],"class_list":{"0":"post-38566","1":"product","2":"type-product","3":"status-publish","4":"has-post-thumbnail","6":"product_cat-slovaquie","8":"first","9":"instock","10":"taxable","11":"shipping-taxable","12":"purchasable","13":"product-type-simple"},"_links":{"self":[{"href":"https:\/\/metal-badge.ch\/fr\/wp-json\/wp\/v2\/product\/38566","targetHints":{"allow":["GET"]}}],"collection":[{"href":"https:\/\/metal-badge.ch\/fr\/wp-json\/wp\/v2\/product"}],"about":[{"href":"https:\/\/metal-badge.ch\/fr\/wp-json\/wp\/v2\/types\/product"}],"replies":[{"embeddable":true,"href":"https:\/\/metal-badge.ch\/fr\/wp-json\/wp\/v2\/comments?post=38566"}],"wp:featuredmedia":[{"embeddable":true,"href":"https:\/\/metal-badge.ch\/fr\/wp-json\/wp\/v2\/media\/91487"}],"wp:attachment":[{"href":"https:\/\/metal-badge.ch\/fr\/wp-json\/wp\/v2\/media?parent=38566"}],"wp:term":[{"taxonomy":"product_brand","embeddable":true,"href":"https:\/\/metal-badge.ch\/fr\/wp-json\/wp\/v2\/product_brand?post=38566"},{"taxonomy":"product_cat","embeddable":true,"href":"https:\/\/metal-badge.ch\/fr\/wp-json\/wp\/v2\/product_cat?post=38566"},{"taxonomy":"product_tag","embeddable":true,"href":"https:\/\/metal-badge.ch\/fr\/wp-json\/wp\/v2\/product_tag?post=38566"}],"curies":[{"name":"wp","href":"https:\/\/api.w.org\/{rel}","templated":true}]}}