{"id":38474,"date":"2017-04-20T17:13:47","date_gmt":"2017-04-20T17:13:47","guid":{"rendered":"https:\/\/shop.metal-badge.ch\/?product=pelle-multifonctionnelle-et-repliable-avec-boussole-scie-et-pioche"},"modified":"2020-08-02T02:26:53","modified_gmt":"2020-08-02T02:26:53","slug":"pelle-multifonctionnelle-et-repliable-avec-boussole-scie-et-pioche","status":"publish","type":"product","link":"https:\/\/metal-badge.ch\/fr\/product\/38474\/pelle-multifonctionnelle-et-repliable-avec-boussole-scie-et-pioche\/","title":{"rendered":"Pelle multifonctionnelle et repliable avec boussole, scie et pioche"},"content":{"rendered":"<p>Parfaite pour le camping, les travaux de jardinage, le g\u00e9o-caching ou simplement dans le coffre de la voiture pour l\u2019usage en hiver. Il suffit de d\u00e9plier, de visser le manche et le tour est jou\u00e9. En pliant la b\u00eache combi, vous pouvez la ranger dans le sac fourni pour toujours l&rsquo;avoir \u00e0 port\u00e9e de main. Ainsi, vous avez toujours une mini-b\u00eache avec pioche et scie \u00e0 port\u00e9e de main\u00a0! Pelle repliable petite et solide en fer, dont le manche peut \u00eatre repli\u00e9 dans l\u2019aube en cas de non-utilisation. La petite pelle repliable multifonctionnelle est unique en son genre. Une boussole est int\u00e9gr\u00e9e au manche confortable en caoutchouc. L\u2019aube peut servir de scie et un ouvre-bouteille est m\u00eame int\u00e9gr\u00e9 \u00e0 l\u2019aube. Par ailleurs, la mini-b\u00eache est imm\u00e9diatement op\u00e9rationnelle apr\u00e8s l&rsquo;avoir rabattue et fermement fix\u00e9e. Le sac en nylon est \u00e9quip\u00e9 d\u2019une boucle de sangle et d\u2019une boucle suppl\u00e9mentaire.<\/p>\n<p><strong>Informations produit\u00a0:<br \/>\nMat\u00e9riau\u00a0:<\/strong> fer<br \/>\nManche\u00a0: Manche en caoutchouc ergonomique<br \/>\nDimensions\u00a0: Longueur de la b\u00eache avec tige 41 cm.<br \/>\nAube\u00a0: Longueur 13 cm x largeur 10cm<br \/>\nPoids\u00a0: 370 g.<br \/>\nCouleur\u00a0: noir mat<br \/>\nSac\u00a0: Sac en nylon avec boucle de sangle inclus dans la livraison<\/p>\n","protected":false},"excerpt":{"rendered":"<p>Parfaite pour le camping, les travaux de jardinage, le g\u00e9o-caching ou simplement dans le coffre de la voiture pour l\u2019usage en hiver. Il suffit de d\u00e9plier, de visser le manche et le tour est jou\u00e9. En pliant la b\u00eache combi, vous pouvez la ranger dans le sac fourni pour toujours l&rsquo;avoir \u00e0 port\u00e9e de main. [&hellip;]<\/p>\n","protected":false},"featured_media":89695,"comment_status":"open","ping_status":"closed","template":"","meta":{"inline_featured_image":false},"product_brand":[],"product_cat":[1347,1698],"product_tag":[1769,1777,1773,1765],"class_list":{"0":"post-38474","1":"product","2":"type-product","3":"status-publish","4":"has-post-thumbnail","6":"product_cat-accessoires-militaires-de-chasse","7":"product_cat-boussoles","8":"product_tag-army-survival-fr","9":"product_tag-camping-voyage","10":"product_tag-chasse-peche","11":"product_tag-sport-outdoor-fr","13":"first","14":"instock","15":"taxable","16":"shipping-taxable","17":"purchasable","18":"product-type-simple"},"_links":{"self":[{"href":"https:\/\/metal-badge.ch\/fr\/wp-json\/wp\/v2\/product\/38474","targetHints":{"allow":["GET"]}}],"collection":[{"href":"https:\/\/metal-badge.ch\/fr\/wp-json\/wp\/v2\/product"}],"about":[{"href":"https:\/\/metal-badge.ch\/fr\/wp-json\/wp\/v2\/types\/product"}],"replies":[{"embeddable":true,"href":"https:\/\/metal-badge.ch\/fr\/wp-json\/wp\/v2\/comments?post=38474"}],"wp:featuredmedia":[{"embeddable":true,"href":"https:\/\/metal-badge.ch\/fr\/wp-json\/wp\/v2\/media\/89695"}],"wp:attachment":[{"href":"https:\/\/metal-badge.ch\/fr\/wp-json\/wp\/v2\/media?parent=38474"}],"wp:term":[{"taxonomy":"product_brand","embeddable":true,"href":"https:\/\/metal-badge.ch\/fr\/wp-json\/wp\/v2\/product_brand?post=38474"},{"taxonomy":"product_cat","embeddable":true,"href":"https:\/\/metal-badge.ch\/fr\/wp-json\/wp\/v2\/product_cat?post=38474"},{"taxonomy":"product_tag","embeddable":true,"href":"https:\/\/metal-badge.ch\/fr\/wp-json\/wp\/v2\/product_tag?post=38474"}],"curies":[{"name":"wp","href":"https:\/\/api.w.org\/{rel}","templated":true}]}}