{"id":38463,"date":"2017-04-20T14:18:08","date_gmt":"2017-04-20T14:18:08","guid":{"rendered":"https:\/\/shop.metal-badge.ch\/?product=pelle-multifonction-or"},"modified":"2025-06-01T00:21:34","modified_gmt":"2025-05-31T22:21:34","slug":"pelle-multifonction-or","status":"publish","type":"product","link":"https:\/\/metal-badge.ch\/fr\/product\/38463\/pelle-multifonction-or\/","title":{"rendered":"Pelle multifonction or"},"content":{"rendered":"<p data-start=\"58\" data-end=\"718\">Pelle, hache, sifflet, scie, pierre \u00e0 feu, tournevis, ouvre-bouteille, couteau, pince, marteau \u2013 tout cela et plus encore est inclus dans cette pelle multifonctions. Id\u00e9ale pour les activit\u00e9s de plein air telles que le camping, la p\u00eache, la chasse, etc. Pr\u00eate \u00e0 l\u2019emploi en quelques gestes simples. Cette pelle l\u00e9g\u00e8re mais extr\u00eamement robuste est fabriqu\u00e9e en acier, avec un manche en aluminium utilis\u00e9 dans l\u2019industrie a\u00e9ronautique, garantissant une qualit\u00e9 sup\u00e9rieure et une grande durabilit\u00e9. Le manche en aluminium est d\u00e9montable en quatre parties. Une boucle se trouve \u00e0 l&rsquo;extr\u00e9mit\u00e9 du manche, et les diff\u00e9rents outils sont rang\u00e9s \u00e0 l&rsquo;int\u00e9rieur.<\/p>\n<p data-start=\"720\" data-end=\"753\"><strong data-start=\"720\" data-end=\"753\">Informations sur le produit :<\/strong><\/p>\n<ul data-start=\"755\" data-end=\"1125\">\n<li data-start=\"755\" data-end=\"800\">\n<p data-start=\"757\" data-end=\"800\"><strong data-start=\"757\" data-end=\"771\">Mat\u00e9riau :<\/strong> Acier carbone et aluminium<\/p>\n<\/li>\n<li data-start=\"801\" data-end=\"855\">\n<p data-start=\"803\" data-end=\"855\"><strong data-start=\"803\" data-end=\"822\">Manche \/ Tige :<\/strong> Longueur 44 cm \/ Diam\u00e8tre 3 cm<\/p>\n<\/li>\n<li data-start=\"856\" data-end=\"887\">\n<p data-start=\"858\" data-end=\"887\"><strong data-start=\"858\" data-end=\"879\">Longueur totale :<\/strong> 65 cm<\/p>\n<\/li>\n<li data-start=\"888\" data-end=\"912\">\n<p data-start=\"890\" data-end=\"912\"><strong data-start=\"890\" data-end=\"910\">Poign\u00e9e textur\u00e9e<\/strong><\/p>\n<\/li>\n<li data-start=\"913\" data-end=\"970\">\n<p data-start=\"915\" data-end=\"970\"><strong data-start=\"915\" data-end=\"937\">Lame de la pelle :<\/strong> Longueur 19 cm x Largeur 15 cm<\/p>\n<\/li>\n<li data-start=\"971\" data-end=\"992\">\n<p data-start=\"973\" data-end=\"992\"><strong data-start=\"973\" data-end=\"984\">Poids :<\/strong> 940 g<\/p>\n<\/li>\n<li data-start=\"993\" data-end=\"1017\">\n<p data-start=\"995\" data-end=\"1017\"><strong data-start=\"995\" data-end=\"1008\">Couleur :<\/strong> Or mat<\/p>\n<\/li>\n<li data-start=\"1018\" data-end=\"1077\">\n<p data-start=\"1020\" data-end=\"1077\"><strong data-start=\"1020\" data-end=\"1034\">Pochette :<\/strong> Pochette en nylon camouflage avec boucle<\/p>\n<\/li>\n<li data-start=\"1078\" data-end=\"1125\">\n<p data-start=\"1080\" data-end=\"1125\"><strong data-start=\"1080\" data-end=\"1095\">Emballage :<\/strong> Bo\u00eete en carton (voir photos)<\/p>\n<\/li>\n<\/ul>\n<p><a href=\"https:\/\/metal-badge.ch\/wp-content\/uploads\/2017\/04\/DJSV-IS.pdf\">Broschure<\/a><\/p>\n","protected":false},"excerpt":{"rendered":"<p>Pelle, hache, sifflet, scie, pierre \u00e0 feu, tournevis, ouvre-bouteille, couteau, pince, marteau \u2013 tout cela et plus encore est inclus dans cette pelle multifonctions. Id\u00e9ale pour les activit\u00e9s de plein air telles que le camping, la p\u00eache, la chasse, etc. Pr\u00eate \u00e0 l\u2019emploi en quelques gestes simples. Cette pelle l\u00e9g\u00e8re mais extr\u00eamement robuste est fabriqu\u00e9e en acier, avec un manche en aluminium utilis\u00e9 dans l\u2019industrie a\u00e9ronautique, garantissant une qualit\u00e9 sup\u00e9rieure et une grande durabilit\u00e9. Le manche en aluminium est d\u00e9montable en quatre parties. Une boucle se trouve \u00e0 l&rsquo;extr\u00e9mit\u00e9 du manche, et les diff\u00e9rents outils sont rang\u00e9s \u00e0 l&rsquo;int\u00e9rieur.<\/p>\n","protected":false},"featured_media":89697,"comment_status":"open","ping_status":"closed","template":"","meta":{"inline_featured_image":false},"product_brand":[],"product_cat":[1347,1435],"product_tag":[1769,1777,1773],"class_list":{"0":"post-38463","1":"product","2":"type-product","3":"status-publish","4":"has-post-thumbnail","6":"product_cat-accessoires-militaires-de-chasse","7":"product_cat-camping-voyage","8":"product_tag-army-survival-fr","9":"product_tag-camping-voyage","10":"product_tag-chasse-peche","12":"first","13":"instock","14":"taxable","15":"shipping-taxable","16":"purchasable","17":"product-type-simple"},"_links":{"self":[{"href":"https:\/\/metal-badge.ch\/fr\/wp-json\/wp\/v2\/product\/38463","targetHints":{"allow":["GET"]}}],"collection":[{"href":"https:\/\/metal-badge.ch\/fr\/wp-json\/wp\/v2\/product"}],"about":[{"href":"https:\/\/metal-badge.ch\/fr\/wp-json\/wp\/v2\/types\/product"}],"replies":[{"embeddable":true,"href":"https:\/\/metal-badge.ch\/fr\/wp-json\/wp\/v2\/comments?post=38463"}],"wp:featuredmedia":[{"embeddable":true,"href":"https:\/\/metal-badge.ch\/fr\/wp-json\/wp\/v2\/media\/89697"}],"wp:attachment":[{"href":"https:\/\/metal-badge.ch\/fr\/wp-json\/wp\/v2\/media?parent=38463"}],"wp:term":[{"taxonomy":"product_brand","embeddable":true,"href":"https:\/\/metal-badge.ch\/fr\/wp-json\/wp\/v2\/product_brand?post=38463"},{"taxonomy":"product_cat","embeddable":true,"href":"https:\/\/metal-badge.ch\/fr\/wp-json\/wp\/v2\/product_cat?post=38463"},{"taxonomy":"product_tag","embeddable":true,"href":"https:\/\/metal-badge.ch\/fr\/wp-json\/wp\/v2\/product_tag?post=38463"}],"curies":[{"name":"wp","href":"https:\/\/api.w.org\/{rel}","templated":true}]}}