{"id":38452,"date":"2017-04-20T11:31:34","date_gmt":"2017-04-20T11:31:34","guid":{"rendered":"https:\/\/shop.metal-badge.ch\/?product=sous-pull-manches-longues-base-layer"},"modified":"2020-08-02T02:26:43","modified_gmt":"2020-08-02T02:26:43","slug":"sous-pull-manches-longues-base-layer","status":"publish","type":"product","link":"https:\/\/metal-badge.ch\/fr\/product\/38452\/sous-pull-manches-longues-base-layer\/","title":{"rendered":"Sous-pull manches longues Base Layer"},"content":{"rendered":"<p><strong>Sous-pull manches longues Base Layer <\/strong><\/p>\n<p>Les BASE LAYER se posent comme une deuxi\u00e8me peau. Le polypropyl\u00e8ne donne une sensation de port sec et agr\u00e9able. Les fibres \u00e9vacuent l\u2019humidit\u00e9 vers l&rsquo;ext\u00e9rieur. La peau reste ainsi s\u00e8che plus longtemps en \u00e9t\u00e9 comme en hiver. Pour les plus hautes exigences en cas d\u2019activit\u00e9 physique soutenue, ce v\u00eatement tombe \u00e0 pic. 88\u00a0% polypropyl\u00e8ne, 8\u00a0% \u00e9lasthanne, 4% polyamide.\u00a0<\/p>\n<p>Que veut dire Baselayer\u00a0: Les base layers sont des v\u00eatements qui se portent directement sur la peau. (Sous-v\u00eatements) Ils \u00ab\u00a0aspirent\u00a0\u00bb la sueur de la peau et la transf\u00e8rent vers la couche Mid Layer. La peau reste ainsi s\u00e8che et la formation de froid par \u00e9vaporation diminue, d\u2019o\u00f9 une meilleure performance. C&rsquo;est pour cela que m\u00eame les footballeurs professionnels portent toujours des sous-pulls sous leur maillot m\u00eame si les temp\u00e9ratures sont \u00e9lev\u00e9es. Parfaits pour le sport d\u2019endurance et les activit\u00e9s ext\u00e9rieures en g\u00e9n\u00e9ral.<\/p>\n<p>\u00a0<\/p>\n<p><strong>Descriptif du produit\u00a0:<\/strong><\/p>\n<p>Mat\u00e9riau\u00a0: 88 % polypropyl\u00e8ne, 8 % \u00e9lasthanne, 4 % polyamide<br \/>\nCouleur\u00a0: blanc<br \/>\nTailles\u00a0: S, M, L, XL<\/p>\n","protected":false},"excerpt":{"rendered":"<p>Sous-pull manches longues Base Layer Les BASE LAYER se posent comme une deuxi\u00e8me peau. Le polypropyl\u00e8ne donne une sensation de port sec et agr\u00e9able. Les fibres \u00e9vacuent l\u2019humidit\u00e9 vers l&rsquo;ext\u00e9rieur. La peau reste ainsi s\u00e8che plus longtemps en \u00e9t\u00e9 comme en hiver. Pour les plus hautes exigences en cas d\u2019activit\u00e9 physique soutenue, ce v\u00eatement tombe [&hellip;]<\/p>\n","protected":false},"featured_media":89699,"comment_status":"open","ping_status":"closed","template":"","meta":{"inline_featured_image":false},"product_brand":[],"product_cat":[1347,1570],"product_tag":[1769,1777,1773,1765],"class_list":{"0":"post-38452","1":"product","2":"type-product","3":"status-publish","4":"has-post-thumbnail","6":"product_cat-accessoires-militaires-de-chasse","7":"product_cat-t-shirts-polo-shirts-fr","8":"product_tag-army-survival-fr","9":"product_tag-camping-voyage","10":"product_tag-chasse-peche","11":"product_tag-sport-outdoor-fr","13":"first","14":"instock","15":"taxable","16":"shipping-taxable","17":"purchasable","18":"product-type-simple"},"_links":{"self":[{"href":"https:\/\/metal-badge.ch\/fr\/wp-json\/wp\/v2\/product\/38452","targetHints":{"allow":["GET"]}}],"collection":[{"href":"https:\/\/metal-badge.ch\/fr\/wp-json\/wp\/v2\/product"}],"about":[{"href":"https:\/\/metal-badge.ch\/fr\/wp-json\/wp\/v2\/types\/product"}],"replies":[{"embeddable":true,"href":"https:\/\/metal-badge.ch\/fr\/wp-json\/wp\/v2\/comments?post=38452"}],"wp:featuredmedia":[{"embeddable":true,"href":"https:\/\/metal-badge.ch\/fr\/wp-json\/wp\/v2\/media\/89699"}],"wp:attachment":[{"href":"https:\/\/metal-badge.ch\/fr\/wp-json\/wp\/v2\/media?parent=38452"}],"wp:term":[{"taxonomy":"product_brand","embeddable":true,"href":"https:\/\/metal-badge.ch\/fr\/wp-json\/wp\/v2\/product_brand?post=38452"},{"taxonomy":"product_cat","embeddable":true,"href":"https:\/\/metal-badge.ch\/fr\/wp-json\/wp\/v2\/product_cat?post=38452"},{"taxonomy":"product_tag","embeddable":true,"href":"https:\/\/metal-badge.ch\/fr\/wp-json\/wp\/v2\/product_tag?post=38452"}],"curies":[{"name":"wp","href":"https:\/\/api.w.org\/{rel}","templated":true}]}}