{"id":38427,"date":"2017-04-20T09:40:22","date_gmt":"2017-04-20T09:40:22","guid":{"rendered":"https:\/\/shop.metal-badge.ch\/?product=filet-de-camouflage-blanc-3x6-5x4-m"},"modified":"2022-03-16T05:16:30","modified_gmt":"2022-03-16T04:16:30","slug":"filet-de-camouflage-blanc-3x6-5x4-m","status":"publish","type":"product","link":"https:\/\/metal-badge.ch\/fr\/product\/38427\/filet-de-camouflage-blanc-3x6-5x4-m\/","title":{"rendered":"Filet de camouflage blanc 3&#215;6 \/ 5&#215;4 m"},"content":{"rendered":"<p>Filet de camouflage pratique en mat\u00e9riau polyester stable et r\u00e9sistant aux intemp\u00e9ries. Id\u00e9al pour le camouflage en hiver, pour les observations des animaux, \u00e0 des fins de d\u00e9coration, pour tours de jeux ou convient en tant que pare-vue.&nbsp;<\/p>\n<p><strong>Informations produit&nbsp;:<\/strong><br \/>\nStable et r\u00e9sistant aux intemp\u00e9ries<br \/>\nPoids plume<br \/>\nAvec languettes de fixation de 45 cm de longueur chacune.<br \/>\nMat\u00e9riau&nbsp;:&nbsp; 100&nbsp;% polyester<br \/>\nDimensions&nbsp;: 3 x 6 m&nbsp; \/ 5 x 4 m<br \/>\nCouleur&nbsp;: blanc<br \/>\nPoids&nbsp;:&nbsp; 2000 g.<\/p>\n<p>Nous proposons d\u2019autres dimensions et couleurs \u00e0 la demande du client.<\/p>\n","protected":false},"excerpt":{"rendered":"<p>Filet de camouflage pratique en mat\u00e9riau polyester stable et r\u00e9sistant aux intemp\u00e9ries. Id\u00e9al pour le camouflage en hiver, pour les observations des animaux, \u00e0 des fins de d\u00e9coration, pour tours de jeux ou convient en tant que pare-vue.&nbsp;<\/p>\n","protected":false},"featured_media":89705,"comment_status":"open","ping_status":"closed","template":"","meta":{"inline_featured_image":false},"product_brand":[],"product_cat":[1347,1435],"product_tag":[1769,1777,1773],"class_list":{"0":"post-38427","1":"product","2":"type-product","3":"status-publish","4":"has-post-thumbnail","6":"product_cat-accessoires-militaires-de-chasse","7":"product_cat-camping-voyage","8":"product_tag-army-survival-fr","9":"product_tag-camping-voyage","10":"product_tag-chasse-peche","12":"first","13":"instock","14":"taxable","15":"shipping-taxable","16":"purchasable","17":"product-type-simple"},"_links":{"self":[{"href":"https:\/\/metal-badge.ch\/fr\/wp-json\/wp\/v2\/product\/38427","targetHints":{"allow":["GET"]}}],"collection":[{"href":"https:\/\/metal-badge.ch\/fr\/wp-json\/wp\/v2\/product"}],"about":[{"href":"https:\/\/metal-badge.ch\/fr\/wp-json\/wp\/v2\/types\/product"}],"replies":[{"embeddable":true,"href":"https:\/\/metal-badge.ch\/fr\/wp-json\/wp\/v2\/comments?post=38427"}],"wp:featuredmedia":[{"embeddable":true,"href":"https:\/\/metal-badge.ch\/fr\/wp-json\/wp\/v2\/media\/89705"}],"wp:attachment":[{"href":"https:\/\/metal-badge.ch\/fr\/wp-json\/wp\/v2\/media?parent=38427"}],"wp:term":[{"taxonomy":"product_brand","embeddable":true,"href":"https:\/\/metal-badge.ch\/fr\/wp-json\/wp\/v2\/product_brand?post=38427"},{"taxonomy":"product_cat","embeddable":true,"href":"https:\/\/metal-badge.ch\/fr\/wp-json\/wp\/v2\/product_cat?post=38427"},{"taxonomy":"product_tag","embeddable":true,"href":"https:\/\/metal-badge.ch\/fr\/wp-json\/wp\/v2\/product_tag?post=38427"}],"curies":[{"name":"wp","href":"https:\/\/api.w.org\/{rel}","templated":true}]}}