{"id":38419,"date":"2017-04-20T09:04:48","date_gmt":"2017-04-20T09:04:48","guid":{"rendered":"https:\/\/shop.metal-badge.ch\/?product=barre-stroboscopique-feu-a-eclats-12-led-avec-18-fonctions-differentes"},"modified":"2017-04-21T09:17:54","modified_gmt":"2017-04-21T09:17:54","slug":"barre-stroboscopique-feu-a-eclats-12-led-avec-18-fonctions-differentes","status":"publish","type":"product","link":"https:\/\/metal-badge.ch\/fr\/product\/38419\/barre-stroboscopique-feu-a-eclats-12-led-avec-18-fonctions-differentes\/","title":{"rendered":"Barre stroboscopique feu \u00e0 \u00e9clats 12 LED avec 18 fonctions diff\u00e9rentes"},"content":{"rendered":"<p>Voici la barre stroboscopique \u00e0 12 bandes LED tr\u00e8s claire, avec 4 x combinaisons de couleurs <strong>bleu \/ rouge \/ vert \/ orange<\/strong> \/ lumi\u00e8re clignotante, stroboscopique et permanente. Avec de bouton de commutation int\u00e9gr\u00e9 sur la face arri\u00e8re. Il suffit d\u2019appuyer sur la petite touche blanche sur votre appareil pour s\u00e9lectionner votre mode flash. La lumi\u00e8re stroboscopique est \u00e9quip\u00e9e au total de 18 fonctions diff\u00e9rentes qui sont utilis\u00e9es au moyen de deux interrupteurs sur la fiche. La lumi\u00e8re stroboscopique est bien visible aussi bien de jour que de nuit. Dans l\u2019obscurit\u00e9 jusqu\u2019\u00e0 900 m\u00e8tres. Tout est compris : lumi\u00e8re alternative, fonctions standards, mix ou uniques ou fonction m\u00e9moire.<\/p>\n<p>Montage rapide et facile sur le pare-brise au moyen de 3 ventouses. La puissance de 12\u00a0V est branch\u00e9e avec le fil sur l\u2019allume-cigare de la voiture. L\u2019angle d\u2019incidence de la barre lumineuse est r\u00e9glable vers le haut et le bas et peut donc \u00eatre adapt\u00e9 au pare-brise. Facilit\u00e9 d\u2019utilisation. Touche ON\/OFF sur la fiche. Nous vous invitons \u00e0 consulter notre vid\u00e9o et nos photos.<\/p>\n<div class=\"videoWrapper\"><iframe allowfullscreen=\"\" frameborder=\"0\" height=\"720\" src=\"https:\/\/www.youtube.com\/embed\/iVNxn2YvojI?rel=0&#038;showinfo=0\" width=\"1280\"><\/iframe><\/div>\n<p><strong>Informations produit\u00a0:<\/strong><\/p>\n<p>Couleur du bo\u00eetier\u00a0: noir\u00a0\u00a0\u00a0\u00a0\u00a0\u00a0\u00a0\u00a0\u00a0\u00a0\u00a0\u00a0\u00a0\u00a0\u00a0\u00a0\u00a0\u00a0\u00a0\u00a0\u00a0\u00a0\u00a0\u00a0\u00a0\u00a0\u00a0\u00a0 \u00a0\u00a0\u00a0\u00a0\u00a0\u00a0\u00a0\u00a0\u00a0\u00a0\u00a0\u00a0\u00a0\u00a0\u00a0\u00a0\u00a0\u00a0\u00a0\u00a0\u00a0\u00a0\u00a0\u00a0\u00a0\u00a0\u00a0\u00a0\u00a0\u00a0\u00a0\u00a0\u00a0\u00a0\u00a0\u00a0\u00a0\u00a0\u00a0\u00a0\u00a0\u00a0\u00a0\u00a0\u00a0\u00a0\u00a0\u00a0\u00a0\u00a0\u00a0<br \/>\nLongueur du fil\u00a0: 2 m\u00e8tres<br \/>\nCouleur de lumi\u00e8re\u00a0: rouge \/ bleu \/ vert \/ orange<br \/>\npoids\u00a0: 250 g.<br \/>\nMat\u00e9riau\u00a0: plastique \/ aluminium<br \/>\nDimensions\u00a0: largeur 23 cm \/ hauteur 5 cm \/ profondeur 8,0 cm<\/p>\n","protected":false},"excerpt":{"rendered":"<p>Voici la barre stroboscopique \u00e0 12 bandes LED tr\u00e8s claire, avec 4 x combinaisons de couleurs bleu \/ rouge \/ vert \/ orange \/ lumi\u00e8re clignotante, stroboscopique et permanente. Avec de bouton de commutation int\u00e9gr\u00e9 sur la face arri\u00e8re. Il suffit d\u2019appuyer sur la petite touche blanche sur votre appareil pour s\u00e9lectionner votre mode flash. [&hellip;]<\/p>\n","protected":false},"featured_media":89707,"comment_status":"open","ping_status":"closed","template":"","meta":{"inline_featured_image":false},"product_brand":[],"product_cat":[1343,1946],"product_tag":[1769,1765],"class_list":{"0":"post-38419","1":"product","2":"type-product","3":"status-publish","4":"has-post-thumbnail","6":"product_cat-lampes-lampes-de-poche","7":"product_cat-organisations-lumiere-bleue-securite","8":"product_tag-army-survival-fr","9":"product_tag-sport-outdoor-fr","11":"first","12":"instock","13":"taxable","14":"shipping-taxable","15":"purchasable","16":"product-type-simple"},"_links":{"self":[{"href":"https:\/\/metal-badge.ch\/fr\/wp-json\/wp\/v2\/product\/38419","targetHints":{"allow":["GET"]}}],"collection":[{"href":"https:\/\/metal-badge.ch\/fr\/wp-json\/wp\/v2\/product"}],"about":[{"href":"https:\/\/metal-badge.ch\/fr\/wp-json\/wp\/v2\/types\/product"}],"replies":[{"embeddable":true,"href":"https:\/\/metal-badge.ch\/fr\/wp-json\/wp\/v2\/comments?post=38419"}],"wp:featuredmedia":[{"embeddable":true,"href":"https:\/\/metal-badge.ch\/fr\/wp-json\/wp\/v2\/media\/89707"}],"wp:attachment":[{"href":"https:\/\/metal-badge.ch\/fr\/wp-json\/wp\/v2\/media?parent=38419"}],"wp:term":[{"taxonomy":"product_brand","embeddable":true,"href":"https:\/\/metal-badge.ch\/fr\/wp-json\/wp\/v2\/product_brand?post=38419"},{"taxonomy":"product_cat","embeddable":true,"href":"https:\/\/metal-badge.ch\/fr\/wp-json\/wp\/v2\/product_cat?post=38419"},{"taxonomy":"product_tag","embeddable":true,"href":"https:\/\/metal-badge.ch\/fr\/wp-json\/wp\/v2\/product_tag?post=38419"}],"curies":[{"name":"wp","href":"https:\/\/api.w.org\/{rel}","templated":true}]}}