{"id":38379,"date":"2017-04-19T14:32:39","date_gmt":"2017-04-19T14:32:39","guid":{"rendered":"https:\/\/shop.metal-badge.ch\/?product=pelerine-mil-tec-armee-poncho-couleurs-de-camouflage"},"modified":"2017-04-19T14:35:51","modified_gmt":"2017-04-19T14:35:51","slug":"pelerine-mil-tec-armee-poncho-couleurs-de-camouflage","status":"publish","type":"product","link":"https:\/\/metal-badge.ch\/fr\/product\/38379\/pelerine-mil-tec-armee-poncho-couleurs-de-camouflage\/","title":{"rendered":"P\u00e8lerine Mil-Tec Armee \/ Poncho couleurs de camouflage"},"content":{"rendered":"<p>Cette p\u00e8lerine \u00e0 la couleur de camouflage <strong>woodland camo<\/strong> en mati\u00e8re Ripstop, Polyester PVC est 100 % imperm\u00e9able \u00e0 l\u2019eau. La capuche peut \u00eatre adapt\u00e9e \u00e0 l\u2019aide d\u2019un cordon \u00e9lastique. La p\u00e8lerine est \u00e9quip\u00e9e d\u2019un syst\u00e8me de boutons-poussoirs compos\u00e9 de 8 x \u00e0 16 x boutons-poussoirs. La p\u00e8lerine dispose de 6 \u0153illets p\u00e9riph\u00e9riques pour pendre le poncho. Avec des dimensions de 136 cm x 206 cm, cette p\u00e8lerine peut faire office de tente \/ tarp. Un cordon \u00e9lastique de 1,50 m\u00e8tres de longueur est fix\u00e9 \u00e0 l\u2019int\u00e9rieur de la p\u00e8lerine. La p\u00e8lerine peut servir en cas d\u2019urgence de bivouac de fortune, de sac de couchage, de tapis de sol ou de tarp.<\/p>\n<p>\u00a0<\/p>\n<p><strong>Informations produit\u00a0<\/strong>:<br \/>\nMat\u00e9riau\u00a0: Ripstop \/ PVC Polyester<br \/>\n100\u00a0% imperm\u00e9able \u00e0 l\u2019eau<br \/>\nPoids\u00a0: env. 330 g.<br \/>\nCouleur\u00a0: Woodland camo<br \/>\nTaille\u00a0: taille unique<\/p>\n","protected":false},"excerpt":{"rendered":"<p>Cette p\u00e8lerine \u00e0 la couleur de camouflage woodland camo en mati\u00e8re Ripstop, Polyester PVC est 100 % imperm\u00e9able \u00e0 l\u2019eau. La capuche peut \u00eatre adapt\u00e9e \u00e0 l\u2019aide d\u2019un cordon \u00e9lastique. La p\u00e8lerine est \u00e9quip\u00e9e d\u2019un syst\u00e8me de boutons-poussoirs compos\u00e9 de 8 x \u00e0 16 x boutons-poussoirs. La p\u00e8lerine dispose de 6 \u0153illets p\u00e9riph\u00e9riques pour pendre [&hellip;]<\/p>\n","protected":false},"featured_media":89713,"comment_status":"open","ping_status":"closed","template":"","meta":{"inline_featured_image":false},"product_brand":[],"product_cat":[1347,1586],"product_tag":[1769,1777,1773,1765],"class_list":{"0":"post-38379","1":"product","2":"type-product","3":"status-publish","4":"has-post-thumbnail","6":"product_cat-accessoires-militaires-de-chasse","7":"product_cat-protection-contre-la-pluie","8":"product_tag-army-survival-fr","9":"product_tag-camping-voyage","10":"product_tag-chasse-peche","11":"product_tag-sport-outdoor-fr","13":"first","14":"instock","15":"taxable","16":"shipping-taxable","17":"purchasable","18":"product-type-simple"},"_links":{"self":[{"href":"https:\/\/metal-badge.ch\/fr\/wp-json\/wp\/v2\/product\/38379","targetHints":{"allow":["GET"]}}],"collection":[{"href":"https:\/\/metal-badge.ch\/fr\/wp-json\/wp\/v2\/product"}],"about":[{"href":"https:\/\/metal-badge.ch\/fr\/wp-json\/wp\/v2\/types\/product"}],"replies":[{"embeddable":true,"href":"https:\/\/metal-badge.ch\/fr\/wp-json\/wp\/v2\/comments?post=38379"}],"wp:featuredmedia":[{"embeddable":true,"href":"https:\/\/metal-badge.ch\/fr\/wp-json\/wp\/v2\/media\/89713"}],"wp:attachment":[{"href":"https:\/\/metal-badge.ch\/fr\/wp-json\/wp\/v2\/media?parent=38379"}],"wp:term":[{"taxonomy":"product_brand","embeddable":true,"href":"https:\/\/metal-badge.ch\/fr\/wp-json\/wp\/v2\/product_brand?post=38379"},{"taxonomy":"product_cat","embeddable":true,"href":"https:\/\/metal-badge.ch\/fr\/wp-json\/wp\/v2\/product_cat?post=38379"},{"taxonomy":"product_tag","embeddable":true,"href":"https:\/\/metal-badge.ch\/fr\/wp-json\/wp\/v2\/product_tag?post=38379"}],"curies":[{"name":"wp","href":"https:\/\/api.w.org\/{rel}","templated":true}]}}