{"id":38338,"date":"2017-04-19T13:00:25","date_gmt":"2017-04-19T13:00:25","guid":{"rendered":"https:\/\/shop.metal-badge.ch\/?product=cones-de-signalisation-pylones-cones-en-plastique-moule-cc-a30"},"modified":"2020-11-06T12:43:09","modified_gmt":"2020-11-06T11:43:09","slug":"cones-de-signalisation-pylones-cones-en-plastique-moule-cc-a30","status":"publish","type":"product","link":"https:\/\/metal-badge.ch\/fr\/product\/38338\/cones-de-signalisation-pylones-cones-en-plastique-moule-cc-a30\/","title":{"rendered":"C\u00f4nes de signalisation \/ pyl\u00f4nes \/ c\u00f4nes en plastique moul\u00e9 CC-A30"},"content":{"rendered":"<p>C\u00f4nes de s\u00e9curit\u00e9 pour s\u00e9curiser de fa\u00e7on rapide et provisoire les lieux d&rsquo;accident et de danger. La lampe de d\u00e9tresse peut \u00eatre simplement pos\u00e9e en haut. Ces pyl\u00f4nes de couleur orange avec une bande r\u00e9fl\u00e9chissante tout autour se voient bien dans l\u2019obscurit\u00e9.\u00a0<\/p>\n<div class=\"videoWrapper\"><iframe frameborder=\"0\" height=\"720\" src=\"https:\/\/www.youtube.com\/embed\/eisq3or4tso?rel=0&#038;showinfo=0\" width=\"1280\"><\/iframe><\/div>\n<p><strong>Informations produit\u00a0:<\/strong><br \/>\nWeight: 510 gm.<br \/>\nDimension: Height 31 cm \/ Base 20 cm x 20 cm<br \/>\nReflective strip: Height 10 cm<br \/>\nLamp:: Red light, strobe light<br \/>\nBattery lamp: 2x AAA\u00a0 1.5 V<br \/>\nTraffic cone colour Orange<br \/>\nMaterial: PVC plastic<br \/>\nStackable<br \/>\nThe attachment lamp is included in the scope of delivery.<br \/>\nExcluding batteries<\/p>\n<p>\u00a0<\/p>\n<p>\u00c0 partir de 10 pi\u00e8ces sur demande, nous pouvons m\u00eame livrer d\u2019autres tailles.<\/p>\n<p>\u00a0<\/p>\n","protected":false},"excerpt":{"rendered":"<p>C\u00f4nes de s\u00e9curit\u00e9 pour s\u00e9curiser de fa\u00e7on rapide et provisoire les lieux d&rsquo;accident et de danger. La lampe de d\u00e9tresse peut \u00eatre simplement pos\u00e9e en haut. Ces pyl\u00f4nes de couleur orange avec une bande r\u00e9fl\u00e9chissante tout autour se voient bien dans l\u2019obscurit\u00e9.\u00a0 Informations produit\u00a0: Weight: 510 gm. Dimension: Height 31 cm \/ Base 20 cm [&hellip;]<\/p>\n","protected":false},"featured_media":38328,"comment_status":"open","ping_status":"closed","template":"","meta":{"inline_featured_image":false},"product_brand":[],"product_cat":[1726],"product_tag":[1781,1793],"class_list":{"0":"post-38338","1":"product","2":"type-product","3":"status-publish","4":"has-post-thumbnail","6":"product_cat-coni-stradali-piloni-segnaletica","7":"product_tag-police-securite","8":"product_tag-vehicule-route","10":"first","11":"instock","12":"taxable","13":"shipping-taxable","14":"purchasable","15":"product-type-simple"},"_links":{"self":[{"href":"https:\/\/metal-badge.ch\/fr\/wp-json\/wp\/v2\/product\/38338","targetHints":{"allow":["GET"]}}],"collection":[{"href":"https:\/\/metal-badge.ch\/fr\/wp-json\/wp\/v2\/product"}],"about":[{"href":"https:\/\/metal-badge.ch\/fr\/wp-json\/wp\/v2\/types\/product"}],"replies":[{"embeddable":true,"href":"https:\/\/metal-badge.ch\/fr\/wp-json\/wp\/v2\/comments?post=38338"}],"wp:featuredmedia":[{"embeddable":true,"href":"https:\/\/metal-badge.ch\/fr\/wp-json\/wp\/v2\/media\/38328"}],"wp:attachment":[{"href":"https:\/\/metal-badge.ch\/fr\/wp-json\/wp\/v2\/media?parent=38338"}],"wp:term":[{"taxonomy":"product_brand","embeddable":true,"href":"https:\/\/metal-badge.ch\/fr\/wp-json\/wp\/v2\/product_brand?post=38338"},{"taxonomy":"product_cat","embeddable":true,"href":"https:\/\/metal-badge.ch\/fr\/wp-json\/wp\/v2\/product_cat?post=38338"},{"taxonomy":"product_tag","embeddable":true,"href":"https:\/\/metal-badge.ch\/fr\/wp-json\/wp\/v2\/product_tag?post=38338"}],"curies":[{"name":"wp","href":"https:\/\/api.w.org\/{rel}","templated":true}]}}