{"id":38334,"date":"2017-04-19T12:47:08","date_gmt":"2017-04-19T12:47:08","guid":{"rendered":"https:\/\/shop.metal-badge.ch\/?product=cones-de-signalisation-pylones-cones-en-plastique-moule-cc-a45"},"modified":"2020-11-06T12:44:51","modified_gmt":"2020-11-06T11:44:51","slug":"cones-de-signalisation-pylones-cones-en-plastique-moule-cc-a45","status":"publish","type":"product","link":"https:\/\/metal-badge.ch\/fr\/product\/38334\/cones-de-signalisation-pylones-cones-en-plastique-moule-cc-a45\/","title":{"rendered":"C\u00f4nes de signalisation \/ pyl\u00f4nes \/ c\u00f4nes en plastique moul\u00e9 CC-A45"},"content":{"rendered":"<p>C\u00f4nes de s\u00e9curit\u00e9 pour s\u00e9curiser de fa\u00e7on rapide et provisoire les lieux d&rsquo;accident et de danger. La lampe de d\u00e9tresse peut \u00eatre simplement pos\u00e9e en haut. Ces pyl\u00f4nes de couleur orange avec une bande r\u00e9fl\u00e9chissante tout autour se voient bien dans l\u2019obscurit\u00e9.\u00a0<\/p>\n<div class=\"videoWrapper\"><iframe frameborder=\"0\" height=\"720\" src=\"https:\/\/www.youtube.com\/embed\/eisq3or4tso?rel=0&#038;showinfo=0\" width=\"1280\"><\/iframe><\/div>\n<p><strong>Informations produit\u00a0:<\/strong><br \/>\nPoids\u00a0: 1090 g.<br \/>\nDimensions\u00a0: Hauteur 45 cm \/ Socle 28 cm x 28 cm<br \/>\nBandes r\u00e9fl\u00e9chissantes\u00a0: Hauteur de 10 cm<br \/>\nLampe\u00a0: Lumi\u00e8re rouge, lumi\u00e8re stroboscopique<br \/>\nPile de lampe\u00a0: 2x AAA 1,5 V<br \/>\nC\u00f4nes en plastique moul\u00e9 couleur\u00a0: Orange<br \/>\nMat\u00e9riau\u00a0: PVC plastique<br \/>\nEmpilable<br \/>\nLa lampe \u00e0 poser fait partie de la livraison.<br \/>\nSans piles<\/p>\n<p>\u00a0<\/p>\n<p>\u00c0 partir de 10 pi\u00e8ces sur demande, nous pouvons m\u00eame livrer d\u2019autres tailles.<\/p>\n<p>\u00a0<\/p>\n<p>\u00a0<\/p>\n","protected":false},"excerpt":{"rendered":"<p>C\u00f4nes de s\u00e9curit\u00e9 pour s\u00e9curiser de fa\u00e7on rapide et provisoire les lieux d&rsquo;accident et de danger. La lampe de d\u00e9tresse peut \u00eatre simplement pos\u00e9e en haut. Ces pyl\u00f4nes de couleur orange avec une bande r\u00e9fl\u00e9chissante tout autour se voient bien dans l\u2019obscurit\u00e9.\u00a0 Informations produit\u00a0: Poids\u00a0: 1090 g. Dimensions\u00a0: Hauteur 45 cm \/ Socle 28 cm [&hellip;]<\/p>\n","protected":false},"featured_media":38328,"comment_status":"open","ping_status":"closed","template":"","meta":{"inline_featured_image":false},"product_brand":[],"product_cat":[1726],"product_tag":[1781,1793],"class_list":{"0":"post-38334","1":"product","2":"type-product","3":"status-publish","4":"has-post-thumbnail","6":"product_cat-coni-stradali-piloni-segnaletica","7":"product_tag-police-securite","8":"product_tag-vehicule-route","10":"first","11":"instock","12":"taxable","13":"shipping-taxable","14":"purchasable","15":"product-type-simple"},"_links":{"self":[{"href":"https:\/\/metal-badge.ch\/fr\/wp-json\/wp\/v2\/product\/38334","targetHints":{"allow":["GET"]}}],"collection":[{"href":"https:\/\/metal-badge.ch\/fr\/wp-json\/wp\/v2\/product"}],"about":[{"href":"https:\/\/metal-badge.ch\/fr\/wp-json\/wp\/v2\/types\/product"}],"replies":[{"embeddable":true,"href":"https:\/\/metal-badge.ch\/fr\/wp-json\/wp\/v2\/comments?post=38334"}],"wp:featuredmedia":[{"embeddable":true,"href":"https:\/\/metal-badge.ch\/fr\/wp-json\/wp\/v2\/media\/38328"}],"wp:attachment":[{"href":"https:\/\/metal-badge.ch\/fr\/wp-json\/wp\/v2\/media?parent=38334"}],"wp:term":[{"taxonomy":"product_brand","embeddable":true,"href":"https:\/\/metal-badge.ch\/fr\/wp-json\/wp\/v2\/product_brand?post=38334"},{"taxonomy":"product_cat","embeddable":true,"href":"https:\/\/metal-badge.ch\/fr\/wp-json\/wp\/v2\/product_cat?post=38334"},{"taxonomy":"product_tag","embeddable":true,"href":"https:\/\/metal-badge.ch\/fr\/wp-json\/wp\/v2\/product_tag?post=38334"}],"curies":[{"name":"wp","href":"https:\/\/api.w.org\/{rel}","templated":true}]}}