{"id":38325,"date":"2017-04-19T12:25:01","date_gmt":"2017-04-19T12:25:01","guid":{"rendered":"https:\/\/shop.metal-badge.ch\/?product=plot-de-marquage-pylone"},"modified":"2020-11-06T12:46:22","modified_gmt":"2020-11-06T11:46:22","slug":"plot-de-marquage-pylone","status":"publish","type":"product","link":"https:\/\/metal-badge.ch\/fr\/product\/38325\/plot-de-marquage-pylone\/","title":{"rendered":"Plot de marquage Pyl\u00f4ne"},"content":{"rendered":"<p>Ces petits pyl\u00f4nes \/ obstacles se pr\u00eatent parfaitement \u00e0 diff\u00e9rents domaines d\u2019application : marquages, parcours, lignes de d\u00e9marcation, dans le domaine du sport, de la s\u00e9curit\u00e9 ou des accidents.<\/p>\n<p>Visibilit\u00e9 optimale en orange. Tr\u00e8s solide, durable et flexible \u00e0 la fois. Les obstacles en plastique PE sont polyvalents et trouvent leur champ d\u2019application \u00e0 l\u2019int\u00e9rieur comme \u00e0 l&rsquo;ext\u00e9rieur. R\u00e9sistant aux intemp\u00e9ries et imperm\u00e9able au vent.<\/p>\n<p>\u00a0<\/p>\n<p><strong>Domaines d\u2019application comme\u00a0:<\/strong><br \/>\nEntra\u00eenement de football<br \/>\nParcours d\u2019obstacles<br \/>\nBarri\u00e8res<br \/>\nMarquages<\/p>\n<p><strong>Descriptif du produit\u00a0: <\/strong><br \/>\nMat\u00e9riau\u00a0: Plastique PE<br \/>\nDimensions\u00a0: Hauteur 23 cm, socle 13 cm x 13 cm<br \/>\nPoids\u00a0: 45 g.<br \/>\nCouleur\u00a0: Orange<br \/>\nEmpilable pour moins d\u2019encombrement<br \/>\nR\u00e9sistant aux intemp\u00e9ries et imperm\u00e9able au vent\u00a0\u00a0\u00a0\u00a0\u00a0\u00a0\u00a0\u00a0\u00a0\u00a0\u00a0\u00a0\u00a0\u00a0<\/p>\n","protected":false},"excerpt":{"rendered":"<p>Ces petits pyl\u00f4nes \/ obstacles se pr\u00eatent parfaitement \u00e0 diff\u00e9rents domaines d\u2019application : marquages, parcours, lignes de d\u00e9marcation, dans le domaine du sport, de la s\u00e9curit\u00e9 ou des accidents. Visibilit\u00e9 optimale en orange. Tr\u00e8s solide, durable et flexible \u00e0 la fois. Les obstacles en plastique PE sont polyvalents et trouvent leur champ d\u2019application \u00e0 l\u2019int\u00e9rieur [&hellip;]<\/p>\n","protected":false},"featured_media":38320,"comment_status":"open","ping_status":"closed","template":"","meta":{"inline_featured_image":false},"product_brand":[],"product_cat":[1726],"product_tag":[1781,1793],"class_list":{"0":"post-38325","1":"product","2":"type-product","3":"status-publish","4":"has-post-thumbnail","6":"product_cat-coni-stradali-piloni-segnaletica","7":"product_tag-police-securite","8":"product_tag-vehicule-route","10":"first","11":"instock","12":"taxable","13":"shipping-taxable","14":"purchasable","15":"product-type-simple"},"_links":{"self":[{"href":"https:\/\/metal-badge.ch\/fr\/wp-json\/wp\/v2\/product\/38325","targetHints":{"allow":["GET"]}}],"collection":[{"href":"https:\/\/metal-badge.ch\/fr\/wp-json\/wp\/v2\/product"}],"about":[{"href":"https:\/\/metal-badge.ch\/fr\/wp-json\/wp\/v2\/types\/product"}],"replies":[{"embeddable":true,"href":"https:\/\/metal-badge.ch\/fr\/wp-json\/wp\/v2\/comments?post=38325"}],"wp:featuredmedia":[{"embeddable":true,"href":"https:\/\/metal-badge.ch\/fr\/wp-json\/wp\/v2\/media\/38320"}],"wp:attachment":[{"href":"https:\/\/metal-badge.ch\/fr\/wp-json\/wp\/v2\/media?parent=38325"}],"wp:term":[{"taxonomy":"product_brand","embeddable":true,"href":"https:\/\/metal-badge.ch\/fr\/wp-json\/wp\/v2\/product_brand?post=38325"},{"taxonomy":"product_cat","embeddable":true,"href":"https:\/\/metal-badge.ch\/fr\/wp-json\/wp\/v2\/product_cat?post=38325"},{"taxonomy":"product_tag","embeddable":true,"href":"https:\/\/metal-badge.ch\/fr\/wp-json\/wp\/v2\/product_tag?post=38325"}],"curies":[{"name":"wp","href":"https:\/\/api.w.org\/{rel}","templated":true}]}}