{"id":38288,"date":"2017-04-19T09:39:40","date_gmt":"2017-04-19T09:39:40","guid":{"rendered":"https:\/\/shop.metal-badge.ch\/?product=projecteur-lampe-portative-2000-lumen-nfc-120-li-27-w-avec-cable-auto"},"modified":"2020-08-02T02:25:11","modified_gmt":"2020-08-02T02:25:11","slug":"projecteur-lampe-portative-2000-lumen-nfc-120-li-27-w-avec-cable-auto","status":"publish","type":"product","link":"https:\/\/metal-badge.ch\/fr\/product\/38288\/projecteur-lampe-portative-2000-lumen-nfc-120-li-27-w-avec-cable-auto\/","title":{"rendered":"Projecteur \/ Lampe portative 2000 Lumen NFC 120 LI -27 W avec c\u00e2ble auto"},"content":{"rendered":"<p>Un des projecteurs portatifs les plus puissants avec c\u00e2ble auto. Cette lampe vous permet d\u2019atteindre une port\u00e9e de 500 m\u00e8tres max. avec un faisceau lumineux avec vue sup\u00e9rieure. Parfait pour les chasseurs, les observations d\u2019animaux depuis la voiture, en tant que projecteur de recherche, le camping etc. Alimentation directe depuis l\u2019allume-cigare de la voiture. Le c\u00e2ble ne peut pas \u00eatre retir\u00e9. La lampe ne fonctionne que si elle est branch\u00e9e sur l\u2019allume-cigare de la voiture. Le c\u00e2ble mesure 210 cm, c\u00e2ble spiral\u00e9. Un filtre rouge \u00e0 appliquer est inclus dans le prix.<\/p>\n<p><strong>Informations produit\u00a0:<\/strong><br \/>\nMod\u00e8le\u00a0: Lampe portative NFC 120 LI-27 W<br \/>\nPoids\u00a0: 570 g. avec fil<br \/>\n1 x c\u00e2ble de recharge 12\u00a0V pour allume-cigare<br \/>\nLongueur du c\u00e2ble\u00a0: C\u00e2ble spiral\u00e9 210 cm<br \/>\nDiam\u00e8tre de t\u00eate\u00a0: 12 cm<br \/>\nDimensions\u00a0: Longueur de poign\u00e9e 11 cm<br \/>\nNombre de lampes\u00a0: 3 w Cree 9 LED Bulbs Cree 27 w<br \/>\nLumen: 2000 LM<br \/>\nPort\u00e9e\u00a0: env. 500 m\u00e8tres<br \/>\nR\u00e9sistant \u00e0 la poussi\u00e8re et \u00e0 l\u2019eau<br \/>\nCouleur\u00a0: noir<br \/>\nCouleur de la lumi\u00e8re\u00a0: lumi\u00e8re blanche<br \/>\nMat\u00e9riau\u00a0: aluminium \/ plastique<br \/>\nSont inclus dans le prix\u00a0: 1 x filtre rouge \u00e0 appliquer<\/p>\n","protected":false},"excerpt":{"rendered":"<p>Un des projecteurs portatifs les plus puissants avec c\u00e2ble auto. Cette lampe vous permet d\u2019atteindre une port\u00e9e de 500 m\u00e8tres max. avec un faisceau lumineux avec vue sup\u00e9rieure. Parfait pour les chasseurs, les observations d\u2019animaux depuis la voiture, en tant que projecteur de recherche, le camping etc. Alimentation directe depuis l\u2019allume-cigare de la voiture. Le [&hellip;]<\/p>\n","protected":false},"featured_media":89719,"comment_status":"open","ping_status":"closed","template":"","meta":{"inline_featured_image":false},"product_brand":[],"product_cat":[1347,1343],"product_tag":[1769,1777,1773,1876,1765],"class_list":{"0":"post-38288","1":"product","2":"type-product","3":"status-publish","4":"has-post-thumbnail","6":"product_cat-accessoires-militaires-de-chasse","7":"product_cat-lampes-lampes-de-poche","8":"product_tag-army-survival-fr","9":"product_tag-camping-voyage","10":"product_tag-chasse-peche","11":"product_tag-projecteurs","12":"product_tag-sport-outdoor-fr","14":"first","15":"instock","16":"taxable","17":"shipping-taxable","18":"purchasable","19":"product-type-simple"},"_links":{"self":[{"href":"https:\/\/metal-badge.ch\/fr\/wp-json\/wp\/v2\/product\/38288","targetHints":{"allow":["GET"]}}],"collection":[{"href":"https:\/\/metal-badge.ch\/fr\/wp-json\/wp\/v2\/product"}],"about":[{"href":"https:\/\/metal-badge.ch\/fr\/wp-json\/wp\/v2\/types\/product"}],"replies":[{"embeddable":true,"href":"https:\/\/metal-badge.ch\/fr\/wp-json\/wp\/v2\/comments?post=38288"}],"wp:featuredmedia":[{"embeddable":true,"href":"https:\/\/metal-badge.ch\/fr\/wp-json\/wp\/v2\/media\/89719"}],"wp:attachment":[{"href":"https:\/\/metal-badge.ch\/fr\/wp-json\/wp\/v2\/media?parent=38288"}],"wp:term":[{"taxonomy":"product_brand","embeddable":true,"href":"https:\/\/metal-badge.ch\/fr\/wp-json\/wp\/v2\/product_brand?post=38288"},{"taxonomy":"product_cat","embeddable":true,"href":"https:\/\/metal-badge.ch\/fr\/wp-json\/wp\/v2\/product_cat?post=38288"},{"taxonomy":"product_tag","embeddable":true,"href":"https:\/\/metal-badge.ch\/fr\/wp-json\/wp\/v2\/product_tag?post=38288"}],"curies":[{"name":"wp","href":"https:\/\/api.w.org\/{rel}","templated":true}]}}