{"id":38268,"date":"2017-04-18T17:27:19","date_gmt":"2017-04-18T17:27:19","guid":{"rendered":"https:\/\/shop.metal-badge.ch\/?product=tee-shirt-fun-police"},"modified":"2017-04-18T17:32:56","modified_gmt":"2017-04-18T17:32:56","slug":"tee-shirt-fun-police","status":"publish","type":"product","link":"https:\/\/metal-badge.ch\/fr\/product\/38268\/tee-shirt-fun-police\/","title":{"rendered":"Tee-shirt Fun POLICE"},"content":{"rendered":"<p>Tee-shirt 100\u00a0% polyester en bleu. Imprim\u00e9 \u00e0 l&rsquo;avant et \u00e0 l&rsquo;arri\u00e8re.<br \/>\nLe tee-shirt festif \u00e0 la touche ludique. Tr\u00e8s bonne qualit\u00e9. Tailles enfants et adultes. Coupe de col rond classique. \u00c9lastique et qualit\u00e9 tr\u00e8s agr\u00e9able.<br \/>\nFacile \u00e0 entretenir et lavable au lave-linge.<\/p>\n<p>Tailles adultes\u00a0: S, M, L, XL<br \/>\nTailles enfants\u00a0:\u00a0 XS, S, M, L<\/p>\n<p>Voici le tableau des tailles enfants:<br \/>\n<img decoding=\"async\" src=\"https:\/\/metal-badge.ch\/wp-content\/uploads\/content\/sizes_shirt_children_2nd.png\" style=\"height:auto; width:100%\" alt=\"\"><\/p>\n","protected":false},"excerpt":{"rendered":"<p>Tee-shirt 100\u00a0% polyester en bleu. Imprim\u00e9 \u00e0 l&rsquo;avant et \u00e0 l&rsquo;arri\u00e8re. Le tee-shirt festif \u00e0 la touche ludique. Tr\u00e8s bonne qualit\u00e9. Tailles enfants et adultes. Coupe de col rond classique. \u00c9lastique et qualit\u00e9 tr\u00e8s agr\u00e9able. Facile \u00e0 entretenir et lavable au lave-linge. Tailles adultes\u00a0: S, M, L, XL Tailles enfants\u00a0:\u00a0 XS, S, M, L Voici [&hellip;]<\/p>\n","protected":false},"featured_media":89723,"comment_status":"open","ping_status":"closed","template":"","meta":{"inline_featured_image":false},"product_brand":[],"product_cat":[1211,1570],"product_tag":[1789,1765],"class_list":{"0":"post-38268","1":"product","2":"type-product","3":"status-publish","4":"has-post-thumbnail","6":"product_cat-enfants-divertissement","7":"product_cat-t-shirts-polo-shirts-fr","8":"product_tag-enfants-divertissement","9":"product_tag-sport-outdoor-fr","11":"first","12":"instock","13":"taxable","14":"shipping-taxable","15":"purchasable","16":"product-type-simple"},"_links":{"self":[{"href":"https:\/\/metal-badge.ch\/fr\/wp-json\/wp\/v2\/product\/38268","targetHints":{"allow":["GET"]}}],"collection":[{"href":"https:\/\/metal-badge.ch\/fr\/wp-json\/wp\/v2\/product"}],"about":[{"href":"https:\/\/metal-badge.ch\/fr\/wp-json\/wp\/v2\/types\/product"}],"replies":[{"embeddable":true,"href":"https:\/\/metal-badge.ch\/fr\/wp-json\/wp\/v2\/comments?post=38268"}],"wp:featuredmedia":[{"embeddable":true,"href":"https:\/\/metal-badge.ch\/fr\/wp-json\/wp\/v2\/media\/89723"}],"wp:attachment":[{"href":"https:\/\/metal-badge.ch\/fr\/wp-json\/wp\/v2\/media?parent=38268"}],"wp:term":[{"taxonomy":"product_brand","embeddable":true,"href":"https:\/\/metal-badge.ch\/fr\/wp-json\/wp\/v2\/product_brand?post=38268"},{"taxonomy":"product_cat","embeddable":true,"href":"https:\/\/metal-badge.ch\/fr\/wp-json\/wp\/v2\/product_cat?post=38268"},{"taxonomy":"product_tag","embeddable":true,"href":"https:\/\/metal-badge.ch\/fr\/wp-json\/wp\/v2\/product_tag?post=38268"}],"curies":[{"name":"wp","href":"https:\/\/api.w.org\/{rel}","templated":true}]}}