{"id":38254,"date":"2017-04-18T15:55:24","date_gmt":"2017-04-18T15:55:24","guid":{"rendered":"https:\/\/shop.metal-badge.ch\/?product=oakley-cap-cappe-oakley"},"modified":"2020-08-02T02:24:51","modified_gmt":"2020-08-02T02:24:51","slug":"oakley-cap-cappe-oakley","status":"publish","type":"product","link":"https:\/\/metal-badge.ch\/fr\/product\/38254\/oakley-cap-cappe-oakley\/","title":{"rendered":"Oakley Cap \/ Cappe Oakley"},"content":{"rendered":"<p>Id\u00e9ale pour les p\u00e9riodes d\u2019hiver. Cappe Oakley confortable en polaire moelleuse et mati\u00e8re extensible de qualit\u00e9 sup\u00e9rieure. Couleur marron et olive.<\/p>\n<p><strong>Informations produit\u00a0: <\/strong><br \/>\nCouleur\u00a0: olive et marron<br \/>\nTaille\u00a0: Taille unique, tour de t\u00eate env. 54 cm<br \/>\nMati\u00e8re extensible \u00e9lastique adapt\u00e9e \u00e0 chaque forme de t\u00eate<br \/>\nMat\u00e9riau\u00a0: 92 % polyester 8 % \u00e9lasthanne<br \/>\nPoids\u00a0: 35 g.<\/p>\n","protected":false},"excerpt":{"rendered":"<p>Id\u00e9ale pour les p\u00e9riodes d\u2019hiver. Cappe Oakley confortable en polaire moelleuse et mati\u00e8re extensible de qualit\u00e9 sup\u00e9rieure. Couleur marron et olive. Informations produit\u00a0: Couleur\u00a0: olive et marron Taille\u00a0: Taille unique, tour de t\u00eate env. 54 cm Mati\u00e8re extensible \u00e9lastique adapt\u00e9e \u00e0 chaque forme de t\u00eate Mat\u00e9riau\u00a0: 92 % polyester 8 % \u00e9lasthanne Poids\u00a0: 35 g.<\/p>\n","protected":false},"featured_media":89727,"comment_status":"open","ping_status":"closed","template":"","meta":{"inline_featured_image":false},"product_brand":[],"product_cat":[1347,1622],"product_tag":[1769,1777,1773,1765],"class_list":{"0":"post-38254","1":"product","2":"type-product","3":"status-publish","4":"has-post-thumbnail","6":"product_cat-accessoires-militaires-de-chasse","7":"product_cat-cappes","8":"product_tag-army-survival-fr","9":"product_tag-camping-voyage","10":"product_tag-chasse-peche","11":"product_tag-sport-outdoor-fr","13":"first","14":"instock","15":"taxable","16":"shipping-taxable","17":"purchasable","18":"product-type-simple"},"_links":{"self":[{"href":"https:\/\/metal-badge.ch\/fr\/wp-json\/wp\/v2\/product\/38254","targetHints":{"allow":["GET"]}}],"collection":[{"href":"https:\/\/metal-badge.ch\/fr\/wp-json\/wp\/v2\/product"}],"about":[{"href":"https:\/\/metal-badge.ch\/fr\/wp-json\/wp\/v2\/types\/product"}],"replies":[{"embeddable":true,"href":"https:\/\/metal-badge.ch\/fr\/wp-json\/wp\/v2\/comments?post=38254"}],"wp:featuredmedia":[{"embeddable":true,"href":"https:\/\/metal-badge.ch\/fr\/wp-json\/wp\/v2\/media\/89727"}],"wp:attachment":[{"href":"https:\/\/metal-badge.ch\/fr\/wp-json\/wp\/v2\/media?parent=38254"}],"wp:term":[{"taxonomy":"product_brand","embeddable":true,"href":"https:\/\/metal-badge.ch\/fr\/wp-json\/wp\/v2\/product_brand?post=38254"},{"taxonomy":"product_cat","embeddable":true,"href":"https:\/\/metal-badge.ch\/fr\/wp-json\/wp\/v2\/product_cat?post=38254"},{"taxonomy":"product_tag","embeddable":true,"href":"https:\/\/metal-badge.ch\/fr\/wp-json\/wp\/v2\/product_tag?post=38254"}],"curies":[{"name":"wp","href":"https:\/\/api.w.org\/{rel}","templated":true}]}}