{"id":38245,"date":"2017-04-18T15:30:37","date_gmt":"2017-04-18T15:30:37","guid":{"rendered":"https:\/\/shop.metal-badge.ch\/?product=gant-mechanix-wear-m-pact-noir"},"modified":"2020-08-02T02:24:46","modified_gmt":"2020-08-02T02:24:46","slug":"gant-mechanix-wear-m-pact-noir","status":"publish","type":"product","link":"https:\/\/metal-badge.ch\/fr\/product\/38245\/gant-mechanix-wear-m-pact-noir\/","title":{"rendered":"Gant Mechanix Wear M-Pact, noir"},"content":{"rendered":"<p>Le gant polyvalent Mechanix Wear M-Pact Covert de la gamme Tactical Line a \u00e9t\u00e9 sp\u00e9cialement con\u00e7u pour des fortes sollicitations dans les conditions les plus extr\u00eames. Gr\u00e2ce \u00e0 sa conception anatomique et sa composition en mat\u00e9riaux nobles, il offre non seulement un port tr\u00e8s confortable, mais aussi un doigt\u00e9 hors du commun. Un \u00e9l\u00e9ment de protection des jointures de doigts se trouve sur le dos de la main pour absorber les coups et les chocs.<\/p>\n<p>Pour optimiser la r\u00e9sistance aux d\u00e9chirures du M-Pact, un cuir synth\u00e9tique Clarino et un rembourrage en mousse EVA entrent dans la composition. Pour une prise subtile et s\u00fbre, les pouces, les index, les annulaires et les majeurs sont \u00e9quip\u00e9s d\u2019un panneau extensible Spandex de caches polyester recouverts de polyur\u00e9thanne.<\/p>\n<p>Entre les doigts, les inserts en lycra sp\u00e9ciaux garantissent une bonne respirabilit\u00e9, un port au confort exceptionnel et surtout une libert\u00e9 de mouvement absolue. La finition du gant \u00e9lastique avec une fermeture velcro garantit une tenue parfaite du M-Pact sur la main.<\/p>\n<p><strong>Informations produit\u00a0:<\/strong><\/p>\n<p><strong>Mat\u00e9riau\u00a0:<\/strong><br \/>\nSurface int\u00e9rieure du gant\u00a0: Cuir synth\u00e9tique Clarino 60 % nylon, 40 % polyur\u00e9thanne et lycra 82 % nylon, 18 % polyur\u00e9thanne EVA rembourrage en mousse<br \/>\n\u00c9l\u00e9ments de protection des jointures de doigts\u00a0: 100 % \u00e9lasthanne avec rev\u00eatement en caoutchouc<br \/>\nDoublure int\u00e9rieure\u00a0: 100 % polyester<\/p>\n<p>\u2022 gant universel \u00e0 la forme anatomique<br \/>\n\u2022 Repose-poignet rembourr\u00e9<br \/>\n\u2022 Protection des jointures des doigts au dos de la main<br \/>\n\u2022 lavable au lave-linge jusqu\u2019\u00e0 30 \u00b0C<br \/>\n\u2022 25 % hydrofuge et ol\u00e9ofuge gr\u00e2ce \u00e0 Clarino<br \/>\n\u2022 Doigt\u00e9 exceptionnel<br \/>\n\u00a0 Poids\u00a0: 120 g. paire<br \/>\n\u00a0 Tailles\u00a0: S, M, L, XL<br \/>\n\u00a0 Couleur\u00a0: noir<\/p>\n","protected":false},"excerpt":{"rendered":"<p>Le gant polyvalent Mechanix Wear M-Pact Covert de la gamme Tactical Line a \u00e9t\u00e9 sp\u00e9cialement con\u00e7u pour des fortes sollicitations dans les conditions les plus extr\u00eames. Gr\u00e2ce \u00e0 sa conception anatomique et sa composition en mat\u00e9riaux nobles, il offre non seulement un port tr\u00e8s confortable, mais aussi un doigt\u00e9 hors du commun. Un \u00e9l\u00e9ment de [&hellip;]<\/p>\n","protected":false},"featured_media":89729,"comment_status":"open","ping_status":"closed","template":"","meta":{"inline_featured_image":false},"product_brand":[],"product_cat":[1643],"product_tag":[1781,1765],"class_list":{"0":"post-38245","1":"product","2":"type-product","3":"status-publish","4":"has-post-thumbnail","6":"product_cat-gants-gants-dintervention","7":"product_tag-police-securite","8":"product_tag-sport-outdoor-fr","10":"first","11":"instock","12":"taxable","13":"shipping-taxable","14":"purchasable","15":"product-type-simple"},"_links":{"self":[{"href":"https:\/\/metal-badge.ch\/fr\/wp-json\/wp\/v2\/product\/38245","targetHints":{"allow":["GET"]}}],"collection":[{"href":"https:\/\/metal-badge.ch\/fr\/wp-json\/wp\/v2\/product"}],"about":[{"href":"https:\/\/metal-badge.ch\/fr\/wp-json\/wp\/v2\/types\/product"}],"replies":[{"embeddable":true,"href":"https:\/\/metal-badge.ch\/fr\/wp-json\/wp\/v2\/comments?post=38245"}],"wp:featuredmedia":[{"embeddable":true,"href":"https:\/\/metal-badge.ch\/fr\/wp-json\/wp\/v2\/media\/89729"}],"wp:attachment":[{"href":"https:\/\/metal-badge.ch\/fr\/wp-json\/wp\/v2\/media?parent=38245"}],"wp:term":[{"taxonomy":"product_brand","embeddable":true,"href":"https:\/\/metal-badge.ch\/fr\/wp-json\/wp\/v2\/product_brand?post=38245"},{"taxonomy":"product_cat","embeddable":true,"href":"https:\/\/metal-badge.ch\/fr\/wp-json\/wp\/v2\/product_cat?post=38245"},{"taxonomy":"product_tag","embeddable":true,"href":"https:\/\/metal-badge.ch\/fr\/wp-json\/wp\/v2\/product_tag?post=38245"}],"curies":[{"name":"wp","href":"https:\/\/api.w.org\/{rel}","templated":true}]}}