{"id":38223,"date":"2017-04-18T14:03:52","date_gmt":"2017-04-18T14:03:52","guid":{"rendered":"https:\/\/shop.metal-badge.ch\/?product=road-flares-rouge-avec-socle-et-boite-en-coque-dure-wl-a26-002"},"modified":"2019-11-22T18:20:44","modified_gmt":"2019-11-22T18:20:44","slug":"road-flares-rouge-avec-socle-et-boite-en-coque-dure-wl-a26-002","status":"publish","type":"product","link":"https:\/\/metal-badge.ch\/fr\/product\/38223\/road-flares-rouge-avec-socle-et-boite-en-coque-dure-wl-a26-002\/","title":{"rendered":"Road Flares Rouge avec Socle et Bo\u00eete en Coque Dure WL-A26-002"},"content":{"rendered":"<p>Ces <strong>Road Flares <\/strong>efficaces \u00e0 piles 3x AAA ont un usage tr\u00e8s polyvalent. Pos\u00e9s sur socles, en circulation en cas de pannes, accident en tant que torche pour des \u00e9v\u00e9nements particuliers ou simplement avec la lumi\u00e8re blanche \u00e0 l&rsquo;avant en que lampe de poche. Contribue \u00e0 votre s\u00e9curit\u00e9 sur la route.<\/p>\n<p>La lampe est disponible en 3 niveaux \u00e0 l\u2019aide d\u2019un bouton-poussoir. Lumi\u00e8re clignotante rouge, lumi\u00e8re permanente rouge et lumi\u00e8re frontale blanche. Les <strong>Road Flares<\/strong> sont r\u00e9sistants aux intemp\u00e9ries et \u00e9tanches. Les <strong>Road Flares<\/strong> sont \u00e9quip\u00e9s d\u2019un aimant \u00e9pais \u00e0 l&rsquo;arri\u00e8re. Ainsi, celles-ci peuvent \u00eatre pos\u00e9es sur un capot en cas de panne \u00e0 titre de moyen d\u2019\u00e9clairage. Sont inclus dans la livraison outre les deux lampes deux supports \/ socles repliables ainsi que les bo\u00eetes \u00e0 coque dure avec poign\u00e9e.<\/p>\n<p>Les piles ne sont pas comprises dans la livraison.<\/p>\n<div class=\"videoWrapper\"><iframe frameborder=\"0\" height=\"720\" src=\"https:\/\/www.youtube.com\/embed\/qX4QQ5sxuS8?rel=0&#038;showinfo=0\" width=\"1280\"><\/iframe><\/div>\n<p><strong>Descriptif du produit\u00a0: <\/strong><br \/>\nCouleur de lumi\u00e8re\u00a0: Rouge \/ Blanc<br \/>\nPoids de lampe\u00a0: 95 g.<br \/>\nPoids avec bo\u00eete et socle\u00a0: 440 g.<br \/>\nDimensions de lampe\u00a0:\u00a0 Hauteur 18 cm \/ Diam\u00e8tre d\u2019env. 3.5 cm<br \/>\nMalle\u00a0: Hauteur 23 cm \/ Largeur 13.5 cm \/ Profondeur 6 cm<br \/>\nMat\u00e9riau\u00a0: plastique<br \/>\nPile\u00a0: Piles 3 x AAA<br \/>\nSont inclus dans la livraison\u00a0: 2 lampes, 2 socles et une bo\u00eete en plastique en plus.<\/p>\n","protected":false},"excerpt":{"rendered":"<p>Ces Road Flares efficaces \u00e0 piles 3x AAA ont un usage tr\u00e8s polyvalent. Pos\u00e9s sur socles, en circulation en cas de pannes, accident en tant que torche pour des \u00e9v\u00e9nements particuliers ou simplement avec la lumi\u00e8re blanche \u00e0 l&rsquo;avant en que lampe de poche. Contribue \u00e0 votre s\u00e9curit\u00e9 sur la route. La lampe est disponible [&hellip;]<\/p>\n","protected":false},"featured_media":89733,"comment_status":"open","ping_status":"closed","template":"","meta":{"inline_featured_image":false},"product_brand":[],"product_cat":[1343,1946],"product_tag":[1769,1777,1765],"class_list":{"0":"post-38223","1":"product","2":"type-product","3":"status-publish","4":"has-post-thumbnail","6":"product_cat-lampes-lampes-de-poche","7":"product_cat-organisations-lumiere-bleue-securite","8":"product_tag-army-survival-fr","9":"product_tag-camping-voyage","10":"product_tag-sport-outdoor-fr","12":"first","13":"instock","14":"taxable","15":"shipping-taxable","16":"purchasable","17":"product-type-simple"},"_links":{"self":[{"href":"https:\/\/metal-badge.ch\/fr\/wp-json\/wp\/v2\/product\/38223","targetHints":{"allow":["GET"]}}],"collection":[{"href":"https:\/\/metal-badge.ch\/fr\/wp-json\/wp\/v2\/product"}],"about":[{"href":"https:\/\/metal-badge.ch\/fr\/wp-json\/wp\/v2\/types\/product"}],"replies":[{"embeddable":true,"href":"https:\/\/metal-badge.ch\/fr\/wp-json\/wp\/v2\/comments?post=38223"}],"wp:featuredmedia":[{"embeddable":true,"href":"https:\/\/metal-badge.ch\/fr\/wp-json\/wp\/v2\/media\/89733"}],"wp:attachment":[{"href":"https:\/\/metal-badge.ch\/fr\/wp-json\/wp\/v2\/media?parent=38223"}],"wp:term":[{"taxonomy":"product_brand","embeddable":true,"href":"https:\/\/metal-badge.ch\/fr\/wp-json\/wp\/v2\/product_brand?post=38223"},{"taxonomy":"product_cat","embeddable":true,"href":"https:\/\/metal-badge.ch\/fr\/wp-json\/wp\/v2\/product_cat?post=38223"},{"taxonomy":"product_tag","embeddable":true,"href":"https:\/\/metal-badge.ch\/fr\/wp-json\/wp\/v2\/product_tag?post=38223"}],"curies":[{"name":"wp","href":"https:\/\/api.w.org\/{rel}","templated":true}]}}