{"id":38202,"date":"2017-04-18T08:37:21","date_gmt":"2017-04-18T08:37:21","guid":{"rendered":"https:\/\/shop.metal-badge.ch\/?product=boucle-de-ceinture-buckle-ipa-suisse-en-dore-brillant-argente-mat-avec-ceinture-en-cuir"},"modified":"2021-03-31T08:46:05","modified_gmt":"2021-03-31T06:46:05","slug":"boucle-de-ceinture-buckle-ipa-suisse-en-dore-brillant-argente-mat-avec-ceinture-en-cuir","status":"publish","type":"product","link":"https:\/\/metal-badge.ch\/fr\/product\/38202\/boucle-de-ceinture-buckle-ipa-suisse-en-dore-brillant-argente-mat-avec-ceinture-en-cuir\/","title":{"rendered":"Boucle de ceinture \u00ab\u00a0Buckle\u00a0\u00bb IPA Suisse en dor\u00e9 brillant \/ argent\u00e9 mat, avec ceinture en cuir"},"content":{"rendered":"<p>Boucle de ceinture \u00ab\u00a0Buckle\u00a0\u00bb IPA Suisse en dor\u00e9 brillant \/ argent\u00e9 mat, avec ceinture en cuir. R\u00e9alis\u00e9 en cuir de vache brun ou noir, vraiment joli.\u00a0<\/p>\n<p>Ceinture en cuir d&rsquo;une largeur de 3,9 cm. Cuir de vache robuste noir ou brun lisse avec boucle de ceinture \/ buckle\u00a0<\/p>\n<p>La ceinture peut \u00eatre raccourcie de mani\u00e8re individuelle et la fermeture en laiton \/ buckle est rempla\u00e7able.\u00a0<\/p>\n<p>Couleurs de la ceinture en cuir\u00a0: Brun fonc\u00e9 ou noir, 3,9 cm de large.<\/p>\n<p>Tailles : 115 cm \u2013 125 cm.<\/p>\n<p>Dimensions fermeture en laiton buckle: 10 cm x 7.0 cm<\/p>\n<p>Couleur fermeture laiton \/ boucle : dor\u00e9 brillant \/ argent\u00e9 mat<\/p>\n<p>Taille : Noir 115 cm \/ 120 cm \/ 125 cm\u00a0<\/p>\n<p>Taille : Brun 115 cm, 120 cm, 125 cm<\/p>\n<p><a href=\"http:\/\/metal-badge-media.ch\/images\/Belt_EN.jpg\" target=\"_blank\" rel=\"noopener\"><img decoding=\"async\" alt=\"\" src=\"https:\/\/metal-badge.ch\/wp-content\/uploads\/content\/Belt_FR.jpg\" style=\"height:245px; width:400px\"><\/a><\/p>\n<p>\u00a0<\/p>\n<p>Raccourcir simplement la longueur de la ceinture\u00a0: voir ci-dessous.\u00a0<\/p>\n<p><a href=\"https:\/\/metal-badge.ch\/wp-content\/uploads\/content\/belt_size_2nd.jpg\" target=\"_blank\" rel=\"noopener\"><img decoding=\"async\" alt=\"\" src=\"https:\/\/metal-badge.ch\/wp-content\/uploads\/content\/belt_size_2nd.jpg\" style=\"height:173px; width:500px\"><\/a><\/p>\n<p>\u00a0<\/p>\n","protected":false},"excerpt":{"rendered":"<p>Boucle de ceinture \u00ab\u00a0Buckle\u00a0\u00bb IPA Suisse en dor\u00e9 brillant \/ argent\u00e9 mat, avec ceinture en cuir. R\u00e9alis\u00e9 en cuir de vache brun ou noir, vraiment joli.\u00a0 Ceinture en cuir d&rsquo;une largeur de 3,9 cm. Cuir de vache robuste noir ou brun lisse avec boucle de ceinture \/ buckle\u00a0 La ceinture peut \u00eatre raccourcie de mani\u00e8re [&hellip;]<\/p>\n","protected":false},"featured_media":84909,"comment_status":"open","ping_status":"closed","template":"","meta":{"inline_featured_image":false},"product_brand":[],"product_cat":[1646,1263,1536],"product_tag":[1761],"class_list":{"0":"post-38202","1":"product","2":"type-product","3":"status-publish","4":"has-post-thumbnail","6":"product_cat-ceintures-a-inserer","7":"product_cat-ipa-casual-wear-fr","8":"product_cat-ipa-gadgets-fr","9":"product_tag-ipa-casual-wear-gadgets-fr","11":"first","12":"instock","13":"taxable","14":"shipping-taxable","15":"purchasable","16":"product-type-simple"},"_links":{"self":[{"href":"https:\/\/metal-badge.ch\/fr\/wp-json\/wp\/v2\/product\/38202","targetHints":{"allow":["GET"]}}],"collection":[{"href":"https:\/\/metal-badge.ch\/fr\/wp-json\/wp\/v2\/product"}],"about":[{"href":"https:\/\/metal-badge.ch\/fr\/wp-json\/wp\/v2\/types\/product"}],"replies":[{"embeddable":true,"href":"https:\/\/metal-badge.ch\/fr\/wp-json\/wp\/v2\/comments?post=38202"}],"wp:featuredmedia":[{"embeddable":true,"href":"https:\/\/metal-badge.ch\/fr\/wp-json\/wp\/v2\/media\/84909"}],"wp:attachment":[{"href":"https:\/\/metal-badge.ch\/fr\/wp-json\/wp\/v2\/media?parent=38202"}],"wp:term":[{"taxonomy":"product_brand","embeddable":true,"href":"https:\/\/metal-badge.ch\/fr\/wp-json\/wp\/v2\/product_brand?post=38202"},{"taxonomy":"product_cat","embeddable":true,"href":"https:\/\/metal-badge.ch\/fr\/wp-json\/wp\/v2\/product_cat?post=38202"},{"taxonomy":"product_tag","embeddable":true,"href":"https:\/\/metal-badge.ch\/fr\/wp-json\/wp\/v2\/product_tag?post=38202"}],"curies":[{"name":"wp","href":"https:\/\/api.w.org\/{rel}","templated":true}]}}