{"id":38192,"date":"2017-04-15T09:05:54","date_gmt":"2017-04-15T09:05:54","guid":{"rendered":"https:\/\/shop.metal-badge.ch\/?product=bonnet-en-fourrure-bonnet-de-trappeur-couleurs-de-camouflage-realtree"},"modified":"2017-04-15T09:15:43","modified_gmt":"2017-04-15T09:15:43","slug":"bonnet-en-fourrure-bonnet-de-trappeur-couleurs-de-camouflage-realtree","status":"publish","type":"product","link":"https:\/\/metal-badge.ch\/fr\/product\/38192\/bonnet-en-fourrure-bonnet-de-trappeur-couleurs-de-camouflage-realtree\/","title":{"rendered":"Bonnet en fourrure Bonnet de trappeur couleurs de camouflage realtree"},"content":{"rendered":"<p>Bonnet en fourrure de trappeur Realtree intemporel Ce bonnet en fourrure est une variante moderne au style classique. Avec la fourrure synth\u00e9tique \u00e0 l\u2019int\u00e9rieur et le tissu en microfibres en Peach skin \u00e0 l&rsquo;ext\u00e9rieur, ce bonnet en fourrure est le compagnon id\u00e9al pour les mois froids d\u2019hiver. Coupe parfaite. Port confortable chaud et agr\u00e9able. Taille unique, avec fermeture rapide \u00e0 arr\u00eat, mentonni\u00e8re. L\u2019ourlet et les prot\u00e8ge-oreilles peuvent \u00eatre rabattus vers le haut.<\/p>\n<p><strong>Descriptif du produit : <\/strong><br \/>\nCouleur : Camouflages, Realtree<br \/>\nTaille : Taille unique env. 60 cm one size fits all.<br \/>\nPoids : env. 190 g.<br \/>\nMat\u00e9riau : Fourrure synth\u00e9tique, tissu en microfibres, Peach skin \u00e0 l&rsquo;ext\u00e9rieur<\/p>\n","protected":false},"excerpt":{"rendered":"<p>Bonnet en fourrure de trappeur Realtree intemporel Ce bonnet en fourrure est une variante moderne au style classique. Avec la fourrure synth\u00e9tique \u00e0 l\u2019int\u00e9rieur et le tissu en microfibres en Peach skin \u00e0 l&rsquo;ext\u00e9rieur, ce bonnet en fourrure est le compagnon id\u00e9al pour les mois froids d\u2019hiver. Coupe parfaite. Port confortable chaud et agr\u00e9able. Taille [&hellip;]<\/p>\n","protected":false},"featured_media":89737,"comment_status":"open","ping_status":"closed","template":"","meta":{"inline_featured_image":false},"product_brand":[],"product_cat":[1347,1622],"product_tag":[1769,1777,1773,1765],"class_list":{"0":"post-38192","1":"product","2":"type-product","3":"status-publish","4":"has-post-thumbnail","6":"product_cat-accessoires-militaires-de-chasse","7":"product_cat-cappes","8":"product_tag-army-survival-fr","9":"product_tag-camping-voyage","10":"product_tag-chasse-peche","11":"product_tag-sport-outdoor-fr","13":"first","14":"instock","15":"taxable","16":"shipping-taxable","17":"purchasable","18":"product-type-simple"},"_links":{"self":[{"href":"https:\/\/metal-badge.ch\/fr\/wp-json\/wp\/v2\/product\/38192","targetHints":{"allow":["GET"]}}],"collection":[{"href":"https:\/\/metal-badge.ch\/fr\/wp-json\/wp\/v2\/product"}],"about":[{"href":"https:\/\/metal-badge.ch\/fr\/wp-json\/wp\/v2\/types\/product"}],"replies":[{"embeddable":true,"href":"https:\/\/metal-badge.ch\/fr\/wp-json\/wp\/v2\/comments?post=38192"}],"wp:featuredmedia":[{"embeddable":true,"href":"https:\/\/metal-badge.ch\/fr\/wp-json\/wp\/v2\/media\/89737"}],"wp:attachment":[{"href":"https:\/\/metal-badge.ch\/fr\/wp-json\/wp\/v2\/media?parent=38192"}],"wp:term":[{"taxonomy":"product_brand","embeddable":true,"href":"https:\/\/metal-badge.ch\/fr\/wp-json\/wp\/v2\/product_brand?post=38192"},{"taxonomy":"product_cat","embeddable":true,"href":"https:\/\/metal-badge.ch\/fr\/wp-json\/wp\/v2\/product_cat?post=38192"},{"taxonomy":"product_tag","embeddable":true,"href":"https:\/\/metal-badge.ch\/fr\/wp-json\/wp\/v2\/product_tag?post=38192"}],"curies":[{"name":"wp","href":"https:\/\/api.w.org\/{rel}","templated":true}]}}