{"id":38181,"date":"2017-04-15T08:42:30","date_gmt":"2017-04-15T08:42:30","guid":{"rendered":"https:\/\/shop.metal-badge.ch\/?product=jumelle-de-vision-nocturne-5x50-night-vision"},"modified":"2021-04-22T08:09:07","modified_gmt":"2021-04-22T06:09:07","slug":"jumelle-de-vision-nocturne-5x50-night-vision","status":"publish","type":"product","link":"https:\/\/metal-badge.ch\/fr\/product\/38181\/jumelle-de-vision-nocturne-5x50-night-vision\/","title":{"rendered":"Jumelle de vision nocturne 5&#215;50 Night Vision"},"content":{"rendered":"<p>Les jumelles de vision nocturne Night Spy analogiques intensifient la lumi\u00e8re pour se pr\u00eater \u00e0 une utilisation au cr\u00e9puscule et dans le noir total gr\u00e2ce \u00e0 l\u2019appareil \u00e0 rayons infrarouges int\u00e9gr\u00e9. Id\u00e9ale pour ext\u00e9rieur, observation d\u2019animaux, chasse, recherche, sauvetage, sp\u00e9l\u00e9ologie, s\u00e9curit\u00e9. Gr\u00e2ce au corps \u00e0 la construction ergonomique, l&rsquo;armature en caoutchouc sur la poign\u00e9e encastr\u00e9e et la l\u00e9g\u00e8re conception, la Night Spy se faufile bien dans la main. Pour cela, les jumelles de vision sont donc parfaites pour une longue utilisation. La jumelle de vision nocturne maniable avec un agrandissement de 5 fois et un zoom restreint de seulement 1 m.<\/p>\n<p><strong>Informations produit\u00a0:<\/strong><br \/>\nType\u00a0: 1 x syst\u00e8me tubulaire monoculaire<br \/>\nType de pile\u00a0: 1x CR 123A 3V<br \/>\nIntensification de lumi\u00e8re avec appareil \u00e0 rayons infrarouges int\u00e9gr\u00e9<br \/>\nBo\u00eetier compact et ergonomique<br \/>\nArmature en caoutchouc<br \/>\nProt\u00e9g\u00e9 contre les \u00e9claboussures<br \/>\nR\u00e9glage de dioptrie<br \/>\nDimensions\u00a0: Longueur 200 mm x hauteur 80 mm<br \/>\nDimensions\u00a0: Diam\u00e8tre d\u2019objectif 60 mm<br \/>\nPupille de sortie\u00a0:\u00a0 55 mm<br \/>\nChamp de vision\u00a0: 28 degr\u00e9s<br \/>\nPoids\u00a0: 544 g.<br \/>\nMat\u00e9riau du bo\u00eetier\u00a0: m\u00e9tal \/ plastique<br \/>\nArmature du bo\u00eetier\u00a0: caoutchouc \/ m\u00e9tal<br \/>\nCouleur\u00a0: noir<br \/>\nAgrandissement 5 fois, zoom restreint de seulement 1 m<br \/>\nIR \u2013 \u00c9clairage de port\u00e9 d\u2019env. 100 m, autonomie de 60 h.<br \/>\nSont inclus dans la livraison\u00a0: \u00c9tui, pile, descriptif, jumelle de vision nocturn<\/p>\n","protected":false},"excerpt":{"rendered":"<p>Les jumelles de vision nocturne Night Spy analogiques intensifient la lumi\u00e8re pour se pr\u00eater \u00e0 une utilisation au cr\u00e9puscule et dans le noir total gr\u00e2ce \u00e0 l\u2019appareil \u00e0 rayons infrarouges int\u00e9gr\u00e9. Id\u00e9ale pour ext\u00e9rieur, observation d\u2019animaux, chasse, recherche, sauvetage, sp\u00e9l\u00e9ologie, s\u00e9curit\u00e9. Gr\u00e2ce au corps \u00e0 la construction ergonomique, l&rsquo;armature en caoutchouc sur la poign\u00e9e encastr\u00e9e [&hellip;]<\/p>\n","protected":false},"featured_media":102434,"comment_status":"open","ping_status":"closed","template":"","meta":{"inline_featured_image":false},"product_brand":[],"product_cat":[1347,1339],"product_tag":[1769,1777,1773,1781,1765],"class_list":{"0":"post-38181","1":"product","2":"type-product","3":"status-publish","4":"has-post-thumbnail","6":"product_cat-accessoires-militaires-de-chasse","7":"product_cat-jumelles-appareils-de-vision-nocturne","8":"product_tag-army-survival-fr","9":"product_tag-camping-voyage","10":"product_tag-chasse-peche","11":"product_tag-police-securite","12":"product_tag-sport-outdoor-fr","14":"first","15":"instock","16":"taxable","17":"shipping-taxable","18":"purchasable","19":"product-type-simple"},"_links":{"self":[{"href":"https:\/\/metal-badge.ch\/fr\/wp-json\/wp\/v2\/product\/38181","targetHints":{"allow":["GET"]}}],"collection":[{"href":"https:\/\/metal-badge.ch\/fr\/wp-json\/wp\/v2\/product"}],"about":[{"href":"https:\/\/metal-badge.ch\/fr\/wp-json\/wp\/v2\/types\/product"}],"replies":[{"embeddable":true,"href":"https:\/\/metal-badge.ch\/fr\/wp-json\/wp\/v2\/comments?post=38181"}],"wp:featuredmedia":[{"embeddable":true,"href":"https:\/\/metal-badge.ch\/fr\/wp-json\/wp\/v2\/media\/102434"}],"wp:attachment":[{"href":"https:\/\/metal-badge.ch\/fr\/wp-json\/wp\/v2\/media?parent=38181"}],"wp:term":[{"taxonomy":"product_brand","embeddable":true,"href":"https:\/\/metal-badge.ch\/fr\/wp-json\/wp\/v2\/product_brand?post=38181"},{"taxonomy":"product_cat","embeddable":true,"href":"https:\/\/metal-badge.ch\/fr\/wp-json\/wp\/v2\/product_cat?post=38181"},{"taxonomy":"product_tag","embeddable":true,"href":"https:\/\/metal-badge.ch\/fr\/wp-json\/wp\/v2\/product_tag?post=38181"}],"curies":[{"name":"wp","href":"https:\/\/api.w.org\/{rel}","templated":true}]}}