{"id":38171,"date":"2017-04-14T14:20:25","date_gmt":"2017-04-14T14:20:25","guid":{"rendered":"https:\/\/shop.metal-badge.ch\/?product=sac-a-jumelles-tactique"},"modified":"2020-08-02T02:24:07","modified_gmt":"2020-08-02T02:24:07","slug":"sac-a-jumelles-tactique","status":"publish","type":"product","link":"https:\/\/metal-badge.ch\/fr\/product\/38171\/sac-a-jumelles-tactique\/","title":{"rendered":"Sac \u00e0 jumelles tactique"},"content":{"rendered":"<p>Cet sac \u00e0 jumelles tactique peut servir de sac de patrouille et s\u2019av\u00e8re un compl\u00e9ment id\u00e9al d\u2019\u00e9quipement. Il peut loger de fa\u00e7on s\u00fbre et rapide diff\u00e9rents accessoires.<br \/>\nLe couvercle se ferme \u00e0 l&rsquo;aide d\u2019une fermeture de s\u00e9curit\u00e9 r\u00e9glable ainsi que d\u2019une sangle velcro. Les sangles Molle sur les c\u00f4t\u00e9s et \u00e0 l&rsquo;arri\u00e8re permettent de ranger d&rsquo;autres objets et une utilisation optimale de ce sac. Le sac est lui-m\u00eame \u00e9quip\u00e9 d\u2019une bandouli\u00e8re r\u00e9glable, mais peut m\u00eame \u00eatre fix\u00e9 sur un sac \u00e0 dos ou une ceinture gr\u00e2ce au syst\u00e8me Molle. La bandouli\u00e8re est amovible. Une pochette de rangement se trouve sur les deux c\u00f4t\u00e9s et un compartiment \u00e0 fermeture \u00e9clair suppl\u00e9mentaire se trouve \u00e0 l\u2019arri\u00e8re. Le mat\u00e9riau r\u00e9sistant est tr\u00e8s solide, absolument durable et lavable. Le mat\u00e9riau est en plus \u00e9tanche.<\/p>\n<p><strong>Informations produit\u00a0:<\/strong><br \/>\nPoids\u00a0: 160 g.<br \/>\nDimensions\u00a0: largeur 15 cm \/ hauteur 19 cm \/ profondeur 9,5 cm<br \/>\nMat\u00e9riau \u00e0 l\u2019int\u00e9rieur\u00a0: Cordura 600D<br \/>\nMat\u00e9riau \u00e0 l&rsquo;ext\u00e9rieur\u00a0:\u00a0 polyester \/ cuir synth\u00e9tique<br \/>\nCouleur\u00a0: gris \/ marron\u00a0\u00a0\u00a0\u00a0\u00a0\u00a0\u00a0\u00a0\u00a0\u00a0\u00a0\u00a0\u00a0\u00a0\u00a0\u00a0\u00a0\u00a0\u00a0\u00a0\u00a0\u00a0\u00a0\u00a0\u00a0\u00a0\u00a0\u00a0\u00a0\u00a0\u00a0\u00a0\u00a0\u00a0\u00a0\u00a0\u00a0\u00a0\u00a0\u00a0\u00a0\u00a0\u00a0\u00a0\u00a0\u00a0\u00a0\u00a0\u00a0\u00a0\u00a0\u00a0\u00a0\u00a0\u00a0\u00a0\u00a0\u00a0\u00a0\u00a0\u00a0\u00a0\u00a0\u00a0\u00a0\u00a0\u00a0\u00a0\u00a0\u00a0\u00a0\u00a0\u00a0\u00a0\u00a0\u00a0\u00a0\u00a0\u00a0\u00a0\u00a0\u00a0\u00a0\u00a0\u00a0\u00a0\u00a0\u00a0\u00a0\u00a0\u00a0\u00a0 \u00a0\u00a0\u00a0\u00a0\u00a0\u00a0\u00a0\u00a0\u00a0\u00a0\u00a0\u00a0\u00a0\u00a0\u00a0\u00a0\u00a0\u00a0\u00a0\u00a0\u00a0\u00a0\u00a0\u00a0\u00a0\u00a0\u00a0\u00a0<\/p>\n","protected":false},"excerpt":{"rendered":"<p>Cet sac \u00e0 jumelles tactique peut servir de sac de patrouille et s\u2019av\u00e8re un compl\u00e9ment id\u00e9al d\u2019\u00e9quipement. Il peut loger de fa\u00e7on s\u00fbre et rapide diff\u00e9rents accessoires. Le couvercle se ferme \u00e0 l&rsquo;aide d\u2019une fermeture de s\u00e9curit\u00e9 r\u00e9glable ainsi que d\u2019une sangle velcro. Les sangles Molle sur les c\u00f4t\u00e9s et \u00e0 l&rsquo;arri\u00e8re permettent de ranger [&hellip;]<\/p>\n","protected":false},"featured_media":89741,"comment_status":"open","ping_status":"closed","template":"","meta":{"inline_featured_image":false},"product_brand":[],"product_cat":[1347,1339,1059,1815],"product_tag":[1769,1777,1773,1781,1765],"class_list":{"0":"post-38171","1":"product","2":"type-product","3":"status-publish","4":"has-post-thumbnail","6":"product_cat-accessoires-militaires-de-chasse","7":"product_cat-jumelles-appareils-de-vision-nocturne","8":"product_cat-sacs","9":"product_cat-sacs-de-transport-de-voyage","10":"product_tag-army-survival-fr","11":"product_tag-camping-voyage","12":"product_tag-chasse-peche","13":"product_tag-police-securite","14":"product_tag-sport-outdoor-fr","16":"first","17":"instock","18":"taxable","19":"shipping-taxable","20":"purchasable","21":"product-type-simple"},"_links":{"self":[{"href":"https:\/\/metal-badge.ch\/fr\/wp-json\/wp\/v2\/product\/38171","targetHints":{"allow":["GET"]}}],"collection":[{"href":"https:\/\/metal-badge.ch\/fr\/wp-json\/wp\/v2\/product"}],"about":[{"href":"https:\/\/metal-badge.ch\/fr\/wp-json\/wp\/v2\/types\/product"}],"replies":[{"embeddable":true,"href":"https:\/\/metal-badge.ch\/fr\/wp-json\/wp\/v2\/comments?post=38171"}],"wp:featuredmedia":[{"embeddable":true,"href":"https:\/\/metal-badge.ch\/fr\/wp-json\/wp\/v2\/media\/89741"}],"wp:attachment":[{"href":"https:\/\/metal-badge.ch\/fr\/wp-json\/wp\/v2\/media?parent=38171"}],"wp:term":[{"taxonomy":"product_brand","embeddable":true,"href":"https:\/\/metal-badge.ch\/fr\/wp-json\/wp\/v2\/product_brand?post=38171"},{"taxonomy":"product_cat","embeddable":true,"href":"https:\/\/metal-badge.ch\/fr\/wp-json\/wp\/v2\/product_cat?post=38171"},{"taxonomy":"product_tag","embeddable":true,"href":"https:\/\/metal-badge.ch\/fr\/wp-json\/wp\/v2\/product_tag?post=38171"}],"curies":[{"name":"wp","href":"https:\/\/api.w.org\/{rel}","templated":true}]}}