{"id":38161,"date":"2017-04-14T13:58:22","date_gmt":"2017-04-14T13:58:22","guid":{"rendered":"https:\/\/shop.metal-badge.ch\/?product=sac-a-jumelles-en-cuir-rigide"},"modified":"2017-04-14T14:00:40","modified_gmt":"2017-04-14T14:00:40","slug":"sac-a-jumelles-en-cuir-rigide","status":"publish","type":"product","link":"https:\/\/metal-badge.ch\/fr\/product\/38161\/sac-a-jumelles-en-cuir-rigide\/","title":{"rendered":"Sac \u00e0 jumelles en cuir rigide"},"content":{"rendered":"<p>Ce sac \u00e0 jumelles en v\u00e9ritable cuir vachette en noir, adapt\u00e9 \u00e0 de nombreux formats de jumelles. Avec une fermeture \u00e0 clic en m\u00e9tal de couleur argent \u00e9l\u00e9gant et une bandouli\u00e8re r\u00e9glable en cuir. Le coffret en cuir \u00e0 l\u2019int\u00e9rieur a un rev\u00eatement en velours bleu.<\/p>\n<p>\u00a0<\/p>\n<p><strong>Informations produit\u00a0:<\/strong><br \/>\nMat\u00e9riau\u00a0: Cuir vachette<br \/>\nPoids\u00a0:\u00a0 390 g.<br \/>\nSac 1 dimensions\u00a0:\u00a0 Largeur 14,5 cm \/ Hauteur 19,5 cm \/ Profondeur 8,0 cm<br \/>\nSac 2 dimensions\u00a0:\u00a0 Largeur 19.0 cm \/ Hauteur 20.0 cm \/ Profondeur 8.5 cm<br \/>\nCouleur\u00a0: noir mat<br \/>\nInt\u00e9rieur\u00a0:\u00a0 Bleu feutre \/ velours<\/p>\n<p>\nCe sac en cuir vachette se d\u00e9cline en plusieurs tailles. Vous pouvez consulter d\u2019autres offres dans la boutique. Nous fabriquons aussi sur mesure. N\u2019h\u00e9sitez pas \u00e0 nous demander.<\/p>\n","protected":false},"excerpt":{"rendered":"<p>Ce sac \u00e0 jumelles en v\u00e9ritable cuir vachette en noir, adapt\u00e9 \u00e0 de nombreux formats de jumelles. Avec une fermeture \u00e0 clic en m\u00e9tal de couleur argent \u00e9l\u00e9gant et une bandouli\u00e8re r\u00e9glable en cuir. Le coffret en cuir \u00e0 l\u2019int\u00e9rieur a un rev\u00eatement en velours bleu. \u00a0 Informations produit\u00a0: Mat\u00e9riau\u00a0: Cuir vachette Poids\u00a0:\u00a0 390 g. [&hellip;]<\/p>\n","protected":false},"featured_media":89743,"comment_status":"open","ping_status":"closed","template":"","meta":{"inline_featured_image":false},"product_brand":[],"product_cat":[1347,1339,1059,1815],"product_tag":[1769,1777,1773,1781,1765],"class_list":{"0":"post-38161","1":"product","2":"type-product","3":"status-publish","4":"has-post-thumbnail","6":"product_cat-accessoires-militaires-de-chasse","7":"product_cat-jumelles-appareils-de-vision-nocturne","8":"product_cat-sacs","9":"product_cat-sacs-de-transport-de-voyage","10":"product_tag-army-survival-fr","11":"product_tag-camping-voyage","12":"product_tag-chasse-peche","13":"product_tag-police-securite","14":"product_tag-sport-outdoor-fr","16":"first","17":"instock","18":"taxable","19":"shipping-taxable","20":"purchasable","21":"product-type-simple"},"_links":{"self":[{"href":"https:\/\/metal-badge.ch\/fr\/wp-json\/wp\/v2\/product\/38161","targetHints":{"allow":["GET"]}}],"collection":[{"href":"https:\/\/metal-badge.ch\/fr\/wp-json\/wp\/v2\/product"}],"about":[{"href":"https:\/\/metal-badge.ch\/fr\/wp-json\/wp\/v2\/types\/product"}],"replies":[{"embeddable":true,"href":"https:\/\/metal-badge.ch\/fr\/wp-json\/wp\/v2\/comments?post=38161"}],"wp:featuredmedia":[{"embeddable":true,"href":"https:\/\/metal-badge.ch\/fr\/wp-json\/wp\/v2\/media\/89743"}],"wp:attachment":[{"href":"https:\/\/metal-badge.ch\/fr\/wp-json\/wp\/v2\/media?parent=38161"}],"wp:term":[{"taxonomy":"product_brand","embeddable":true,"href":"https:\/\/metal-badge.ch\/fr\/wp-json\/wp\/v2\/product_brand?post=38161"},{"taxonomy":"product_cat","embeddable":true,"href":"https:\/\/metal-badge.ch\/fr\/wp-json\/wp\/v2\/product_cat?post=38161"},{"taxonomy":"product_tag","embeddable":true,"href":"https:\/\/metal-badge.ch\/fr\/wp-json\/wp\/v2\/product_tag?post=38161"}],"curies":[{"name":"wp","href":"https:\/\/api.w.org\/{rel}","templated":true}]}}