{"id":38153,"date":"2017-04-14T12:06:23","date_gmt":"2017-04-14T12:06:23","guid":{"rendered":"https:\/\/shop.metal-badge.ch\/?product=jumelles-10-x-26-ptn-184"},"modified":"2020-08-02T02:23:58","modified_gmt":"2020-08-02T02:23:58","slug":"jumelles-10-x-26-ptn-184","status":"publish","type":"product","link":"https:\/\/metal-badge.ch\/fr\/product\/38153\/jumelles-10-x-26-ptn-184\/","title":{"rendered":"Jumelles 10 x 26 PTN-184"},"content":{"rendered":"<p>Jumelles petites et compactes id\u00e9ales pour les voyages, les randonn\u00e9es, les observations des oiseaux et de la nature, visites de concerts etc. Poids l\u00e9ger et petit mod\u00e8le. Bon prix, rapport de puissances\u00a0:<\/p>\n<p><strong>Informations produit\u00a0:<\/strong><br \/>\nAgrandissement\u00a0: 10x<br \/>\nDiam\u00e8tre d\u2019objectif\u00a0: 26 mm<br \/>\nPupille de sortie\u00a0: 4,0 mm<br \/>\nAngle de vision\u00a0: 5,8\u00b0<br \/>\nR\u00e9sistantes aux \u00e9claboussures<br \/>\nPrismes et syst\u00e8me de lentilles en mat\u00e9riau de verre BK-7 de qualit\u00e9 sup\u00e9rieure<br \/>\nFocalisation en mode de fonctionnement moyen<br \/>\nR\u00e9glage de dioptrie<br \/>\nCorps de jumelles solide, avec armature en caoutchouc<br \/>\nCouleur\u00a0: marron \/ or<br \/>\nDimensions repli\u00e9es\u00a0:\u00a0 L 12,0 cm \/ l 9,5 0 cm \/ H 6,0 cm<br \/>\nDimensions ouverte\u00a0: L 12,0 cm \/ l 11,5 cm \/ H 5,0 cm<br \/>\nCONTENU DE LIVRAISON jumelles, bandouli\u00e8res, chiffon de nettoyage. \u00e9tui en nylon<br \/>\nPoids\u00a0: 295 g.\u00a0\u00a0\u00a0\u00a0\u00a0\u00a0\u00a0\u00a0\u00a0\u00a0\u00a0\u00a0\u00a0\u00a0\u00a0\u00a0\u00a0\u00a0\u00a0\u00a0\u00a0\u00a0\u00a0\u00a0\u00a0\u00a0\u00a0\u00a0\u00a0\u00a0\u00a0\u00a0\u00a0<\/p>\n","protected":false},"excerpt":{"rendered":"<p>Jumelles petites et compactes id\u00e9ales pour les voyages, les randonn\u00e9es, les observations des oiseaux et de la nature, visites de concerts etc. Poids l\u00e9ger et petit mod\u00e8le. Bon prix, rapport de puissances\u00a0: Informations produit\u00a0: Agrandissement\u00a0: 10x Diam\u00e8tre d\u2019objectif\u00a0: 26 mm Pupille de sortie\u00a0: 4,0 mm Angle de vision\u00a0: 5,8\u00b0 R\u00e9sistantes aux \u00e9claboussures Prismes et syst\u00e8me [&hellip;]<\/p>\n","protected":false},"featured_media":89745,"comment_status":"open","ping_status":"closed","template":"","meta":{"inline_featured_image":false},"product_brand":[],"product_cat":[1347,1339],"product_tag":[1769,1777,1773,1781,1765],"class_list":{"0":"post-38153","1":"product","2":"type-product","3":"status-publish","4":"has-post-thumbnail","6":"product_cat-accessoires-militaires-de-chasse","7":"product_cat-jumelles-appareils-de-vision-nocturne","8":"product_tag-army-survival-fr","9":"product_tag-camping-voyage","10":"product_tag-chasse-peche","11":"product_tag-police-securite","12":"product_tag-sport-outdoor-fr","14":"first","15":"instock","16":"taxable","17":"shipping-taxable","18":"purchasable","19":"product-type-simple"},"_links":{"self":[{"href":"https:\/\/metal-badge.ch\/fr\/wp-json\/wp\/v2\/product\/38153","targetHints":{"allow":["GET"]}}],"collection":[{"href":"https:\/\/metal-badge.ch\/fr\/wp-json\/wp\/v2\/product"}],"about":[{"href":"https:\/\/metal-badge.ch\/fr\/wp-json\/wp\/v2\/types\/product"}],"replies":[{"embeddable":true,"href":"https:\/\/metal-badge.ch\/fr\/wp-json\/wp\/v2\/comments?post=38153"}],"wp:featuredmedia":[{"embeddable":true,"href":"https:\/\/metal-badge.ch\/fr\/wp-json\/wp\/v2\/media\/89745"}],"wp:attachment":[{"href":"https:\/\/metal-badge.ch\/fr\/wp-json\/wp\/v2\/media?parent=38153"}],"wp:term":[{"taxonomy":"product_brand","embeddable":true,"href":"https:\/\/metal-badge.ch\/fr\/wp-json\/wp\/v2\/product_brand?post=38153"},{"taxonomy":"product_cat","embeddable":true,"href":"https:\/\/metal-badge.ch\/fr\/wp-json\/wp\/v2\/product_cat?post=38153"},{"taxonomy":"product_tag","embeddable":true,"href":"https:\/\/metal-badge.ch\/fr\/wp-json\/wp\/v2\/product_tag?post=38153"}],"curies":[{"name":"wp","href":"https:\/\/api.w.org\/{rel}","templated":true}]}}