{"id":38133,"date":"2017-04-13T10:09:22","date_gmt":"2017-04-13T10:09:22","guid":{"rendered":"https:\/\/shop.metal-badge.ch\/?product=etui-staatsanwaltschaft-avec-deux-fenetres-id"},"modified":"2024-01-08T18:32:37","modified_gmt":"2024-01-08T17:32:37","slug":"etui-staatsanwaltschaft-avec-deux-fenetres-id","status":"publish","type":"product","link":"https:\/\/metal-badge.ch\/fr\/product\/38133\/etui-staatsanwaltschaft-avec-deux-fenetres-id\/","title":{"rendered":"\u00c9tui STAATSANWALTSCHAFT, avec deux fen\u00eatres ID"},"content":{"rendered":"<p>Porte-carte d\u2019identit\u00e9 avec cha\u00eenette, imprim\u00e9 avec deux fen\u00eatres ID MINIST\u00c8RE PUBLIC au format de carte de cr\u00e9dit. \u00c9criture en argent. Un c\u00f4t\u00e9 sans \u00e9criture.<\/p>\n<p><strong>Attention : Nous accordons une remise de 20 % pour les achats et les commandes d\u2019au moins 100 pi\u00e8ces.<\/strong><\/p>\n","protected":false},"excerpt":{"rendered":"<p>Porte-carte d\u2019identit\u00e9 avec cha\u00eenette, imprim\u00e9 avec deux fen\u00eatres ID MINIST\u00c8RE PUBLIC au format de carte de cr\u00e9dit. \u00c9criture en argent. Un c\u00f4t\u00e9 sans \u00e9criture.<\/p>\n<p><strong>Attention : Nous accordons une remise de 20 % pour les achats et les commandes d\u2019au moins 100 pi\u00e8ces.<\/strong><\/p>\n","protected":false},"featured_media":89749,"comment_status":"open","ping_status":"closed","template":"","meta":{"inline_featured_image":false},"product_brand":[],"product_cat":[907,887,1883,947],"product_tag":[],"class_list":{"0":"post-38133","1":"product","2":"type-product","3":"status-publish","4":"has-post-thumbnail","6":"product_cat-etuis-en-cuir-sans-badge","7":"product_cat-accessoires","8":"product_cat-equipement","9":"product_cat-portemonnaies-etuis-en-cuir","11":"first","12":"instock","13":"taxable","14":"shipping-taxable","15":"purchasable","16":"product-type-simple"},"_links":{"self":[{"href":"https:\/\/metal-badge.ch\/fr\/wp-json\/wp\/v2\/product\/38133","targetHints":{"allow":["GET"]}}],"collection":[{"href":"https:\/\/metal-badge.ch\/fr\/wp-json\/wp\/v2\/product"}],"about":[{"href":"https:\/\/metal-badge.ch\/fr\/wp-json\/wp\/v2\/types\/product"}],"replies":[{"embeddable":true,"href":"https:\/\/metal-badge.ch\/fr\/wp-json\/wp\/v2\/comments?post=38133"}],"wp:featuredmedia":[{"embeddable":true,"href":"https:\/\/metal-badge.ch\/fr\/wp-json\/wp\/v2\/media\/89749"}],"wp:attachment":[{"href":"https:\/\/metal-badge.ch\/fr\/wp-json\/wp\/v2\/media?parent=38133"}],"wp:term":[{"taxonomy":"product_brand","embeddable":true,"href":"https:\/\/metal-badge.ch\/fr\/wp-json\/wp\/v2\/product_brand?post=38133"},{"taxonomy":"product_cat","embeddable":true,"href":"https:\/\/metal-badge.ch\/fr\/wp-json\/wp\/v2\/product_cat?post=38133"},{"taxonomy":"product_tag","embeddable":true,"href":"https:\/\/metal-badge.ch\/fr\/wp-json\/wp\/v2\/product_tag?post=38133"}],"curies":[{"name":"wp","href":"https:\/\/api.w.org\/{rel}","templated":true}]}}