{"id":38120,"date":"2017-04-13T09:26:00","date_gmt":"2017-04-13T09:26:00","guid":{"rendered":"https:\/\/shop.metal-badge.ch\/?product=tee-shirt-camouflages-mix"},"modified":"2020-08-02T02:23:40","modified_gmt":"2020-08-02T02:23:40","slug":"tee-shirt-camouflages-mix","status":"publish","type":"product","link":"https:\/\/metal-badge.ch\/fr\/product\/38120\/tee-shirt-camouflages-mix\/","title":{"rendered":"Tee-shirt, camouflages mix"},"content":{"rendered":"<p>Le tee-shirt classique au col rond. Camouflages mix. Tee-shirt d\u2019\u00e9t\u00e9 tr\u00e8s l\u00e9ger, 80 % polyester, 20 % coton Tr\u00e8s facile \u00e0 entretenir.<\/p>\n<p>Coupe normale. Tailles : S,M,L,XL<\/p>\n","protected":false},"excerpt":{"rendered":"<p>Le tee-shirt classique au col rond. Camouflages mix. Tee-shirt d\u2019\u00e9t\u00e9 tr\u00e8s l\u00e9ger, 80 % polyester, 20 % coton Tr\u00e8s facile \u00e0 entretenir. Coupe normale. Tailles : S,M,L,XL<\/p>\n","protected":false},"featured_media":89753,"comment_status":"open","ping_status":"closed","template":"","meta":{"inline_featured_image":false},"product_brand":[],"product_cat":[1347,1570],"product_tag":[1769,1773,1765],"class_list":{"0":"post-38120","1":"product","2":"type-product","3":"status-publish","4":"has-post-thumbnail","6":"product_cat-accessoires-militaires-de-chasse","7":"product_cat-t-shirts-polo-shirts-fr","8":"product_tag-army-survival-fr","9":"product_tag-chasse-peche","10":"product_tag-sport-outdoor-fr","12":"first","13":"instock","14":"taxable","15":"shipping-taxable","16":"purchasable","17":"product-type-simple"},"_links":{"self":[{"href":"https:\/\/metal-badge.ch\/fr\/wp-json\/wp\/v2\/product\/38120","targetHints":{"allow":["GET"]}}],"collection":[{"href":"https:\/\/metal-badge.ch\/fr\/wp-json\/wp\/v2\/product"}],"about":[{"href":"https:\/\/metal-badge.ch\/fr\/wp-json\/wp\/v2\/types\/product"}],"replies":[{"embeddable":true,"href":"https:\/\/metal-badge.ch\/fr\/wp-json\/wp\/v2\/comments?post=38120"}],"wp:featuredmedia":[{"embeddable":true,"href":"https:\/\/metal-badge.ch\/fr\/wp-json\/wp\/v2\/media\/89753"}],"wp:attachment":[{"href":"https:\/\/metal-badge.ch\/fr\/wp-json\/wp\/v2\/media?parent=38120"}],"wp:term":[{"taxonomy":"product_brand","embeddable":true,"href":"https:\/\/metal-badge.ch\/fr\/wp-json\/wp\/v2\/product_brand?post=38120"},{"taxonomy":"product_cat","embeddable":true,"href":"https:\/\/metal-badge.ch\/fr\/wp-json\/wp\/v2\/product_cat?post=38120"},{"taxonomy":"product_tag","embeddable":true,"href":"https:\/\/metal-badge.ch\/fr\/wp-json\/wp\/v2\/product_tag?post=38120"}],"curies":[{"name":"wp","href":"https:\/\/api.w.org\/{rel}","templated":true}]}}