{"id":38094,"date":"2017-04-12T16:50:47","date_gmt":"2017-04-12T16:50:47","guid":{"rendered":"https:\/\/shop.metal-badge.ch\/?product=shorts-boxer-pour-hommes-aux-couleurs-de-camouflage-tendance"},"modified":"2017-04-13T08:28:49","modified_gmt":"2017-04-13T08:28:49","slug":"shorts-boxer-pour-hommes-aux-couleurs-de-camouflage-tendance","status":"publish","type":"product","link":"https:\/\/metal-badge.ch\/fr\/product\/38094\/shorts-boxer-pour-hommes-aux-couleurs-de-camouflage-tendance\/","title":{"rendered":"Shorts boxer pour hommes aux couleurs de camouflage tendance"},"content":{"rendered":"<p>Shorts pour hommes \u00e0 la mode et \u00e9l\u00e9gants, coupe pr\u00e8s du corps avec \u00e9lastique. Ces shorts sont compos\u00e9s d\u2019un m\u00e9lange de fibres naturelles modales. Par sa composition en tissus naturels \u00e0 base de cellulose, ils offrent une utilisation 100 % naturelle. La teneur en modal pr\u00e9sente des propri\u00e9t\u00e9s douces et confortables et une bon \u00e9quilibre de l\u2019humidit\u00e9. Par ailleurs, les shorts sont bons pour la peau gr\u00e2ce \u00e0 leurs propri\u00e9t\u00e9s anti-bact\u00e9riennes, particuli\u00e8rement agr\u00e9ables et doux au toucher. Certifi\u00e9s conformes \u00e0 la norme \u00d6ko-Text 100.<\/p>\n<p>Informations produit :<br \/>\nCoupe : taille un peu plus petit &#8212; Il est conseill\u00e9 de commander l&rsquo;article \u00e0 une taille sup\u00e9rieure.<br \/>\nMat\u00e9riau : 95 % fibre naturelle modale \/ 5 % Spandex<br \/>\nTailles : Taille<\/p>\n<p>Taille L : Pour Taille 64-70 cm<br \/>\nTaille XL : Pour Taille 70-80 cm<br \/>\nTaille XXL : Pour Taille 80-90 cm<br \/>\nTaille 3XL : Pour Taille 90-100 cm<\/p>\n<p>Couleurs : 3 couleurs Camo diff\u00e9rentes vert, orange et marron<\/p>\n","protected":false},"excerpt":{"rendered":"<p>Shorts pour hommes \u00e0 la mode et \u00e9l\u00e9gants, coupe pr\u00e8s du corps avec \u00e9lastique. Ces shorts sont compos\u00e9s d\u2019un m\u00e9lange de fibres naturelles modales. Par sa composition en tissus naturels \u00e0 base de cellulose, ils offrent une utilisation 100 % naturelle. La teneur en modal pr\u00e9sente des propri\u00e9t\u00e9s douces et confortables et une bon \u00e9quilibre [&hellip;]<\/p>\n","protected":false},"featured_media":89761,"comment_status":"open","ping_status":"closed","template":"","meta":{"inline_featured_image":false},"product_brand":[],"product_cat":[1614],"product_tag":[1777,1773,1765],"class_list":{"0":"post-38094","1":"product","2":"type-product","3":"status-publish","4":"has-post-thumbnail","6":"product_cat-pantalons-et-shorts","7":"product_tag-camping-voyage","8":"product_tag-chasse-peche","9":"product_tag-sport-outdoor-fr","11":"first","12":"instock","13":"taxable","14":"shipping-taxable","15":"purchasable","16":"product-type-simple"},"_links":{"self":[{"href":"https:\/\/metal-badge.ch\/fr\/wp-json\/wp\/v2\/product\/38094","targetHints":{"allow":["GET"]}}],"collection":[{"href":"https:\/\/metal-badge.ch\/fr\/wp-json\/wp\/v2\/product"}],"about":[{"href":"https:\/\/metal-badge.ch\/fr\/wp-json\/wp\/v2\/types\/product"}],"replies":[{"embeddable":true,"href":"https:\/\/metal-badge.ch\/fr\/wp-json\/wp\/v2\/comments?post=38094"}],"wp:featuredmedia":[{"embeddable":true,"href":"https:\/\/metal-badge.ch\/fr\/wp-json\/wp\/v2\/media\/89761"}],"wp:attachment":[{"href":"https:\/\/metal-badge.ch\/fr\/wp-json\/wp\/v2\/media?parent=38094"}],"wp:term":[{"taxonomy":"product_brand","embeddable":true,"href":"https:\/\/metal-badge.ch\/fr\/wp-json\/wp\/v2\/product_brand?post=38094"},{"taxonomy":"product_cat","embeddable":true,"href":"https:\/\/metal-badge.ch\/fr\/wp-json\/wp\/v2\/product_cat?post=38094"},{"taxonomy":"product_tag","embeddable":true,"href":"https:\/\/metal-badge.ch\/fr\/wp-json\/wp\/v2\/product_tag?post=38094"}],"curies":[{"name":"wp","href":"https:\/\/api.w.org\/{rel}","templated":true}]}}