{"id":38067,"date":"2017-01-30T05:32:19","date_gmt":"2017-01-30T05:32:19","guid":{"rendered":"https:\/\/shop.metal-badge.ch\/?product=etoile-de-deputy-doree-argentee-avec-possibilite-de-gravure"},"modified":"2020-12-19T20:23:11","modified_gmt":"2020-12-19T19:23:11","slug":"etoile-de-deputy-doree-argentee-avec-possibilite-de-gravure","status":"publish","type":"product","link":"https:\/\/metal-badge.ch\/fr\/product\/38067\/etoile-de-deputy-doree-argentee-avec-possibilite-de-gravure\/","title":{"rendered":"\u00c9toile de Deputy dor\u00e9e, argent\u00e9e avec possibilit\u00e9 de gravure"},"content":{"rendered":"<p>\u00c9toile de Deputy dor\u00e9e, argent\u00e9e avec possibilit\u00e9 de gravure<br \/>\nDiam\u00e8tre \u00e9toile : 75 mm, poids : 42 g.<br \/>\nLa jolie bo\u00eete cadeau est incluse dans le prix.<\/p>\n","protected":false},"excerpt":{"rendered":"<p>\u00c9toile de Deputy dor\u00e9e, argent\u00e9e avec possibilit\u00e9 de gravure Diam\u00e8tre \u00e9toile : 75 mm, poids : 42 g. La jolie bo\u00eete cadeau est incluse dans le prix.<\/p>\n","protected":false},"featured_media":54980,"comment_status":"open","ping_status":"closed","template":"","meta":{"inline_featured_image":false},"product_brand":[],"product_cat":[1749,1351],"product_tag":[],"class_list":{"0":"post-38067","1":"product","2":"type-product","3":"status-publish","4":"has-post-thumbnail","6":"product_cat-etoile-deputy","7":"product_cat-etolies","9":"first","10":"instock","11":"taxable","12":"shipping-taxable","13":"purchasable","14":"product-type-simple"},"_links":{"self":[{"href":"https:\/\/metal-badge.ch\/fr\/wp-json\/wp\/v2\/product\/38067","targetHints":{"allow":["GET"]}}],"collection":[{"href":"https:\/\/metal-badge.ch\/fr\/wp-json\/wp\/v2\/product"}],"about":[{"href":"https:\/\/metal-badge.ch\/fr\/wp-json\/wp\/v2\/types\/product"}],"replies":[{"embeddable":true,"href":"https:\/\/metal-badge.ch\/fr\/wp-json\/wp\/v2\/comments?post=38067"}],"wp:featuredmedia":[{"embeddable":true,"href":"https:\/\/metal-badge.ch\/fr\/wp-json\/wp\/v2\/media\/54980"}],"wp:attachment":[{"href":"https:\/\/metal-badge.ch\/fr\/wp-json\/wp\/v2\/media?parent=38067"}],"wp:term":[{"taxonomy":"product_brand","embeddable":true,"href":"https:\/\/metal-badge.ch\/fr\/wp-json\/wp\/v2\/product_brand?post=38067"},{"taxonomy":"product_cat","embeddable":true,"href":"https:\/\/metal-badge.ch\/fr\/wp-json\/wp\/v2\/product_cat?post=38067"},{"taxonomy":"product_tag","embeddable":true,"href":"https:\/\/metal-badge.ch\/fr\/wp-json\/wp\/v2\/product_tag?post=38067"}],"curies":[{"name":"wp","href":"https:\/\/api.w.org\/{rel}","templated":true}]}}