{"id":38022,"date":"2016-11-24T09:27:05","date_gmt":"2016-11-24T09:27:05","guid":{"rendered":"https:\/\/shop.metal-badge.ch\/?product=veste-softshell-de-qualite-et-fonctionnelle-en-noir"},"modified":"2020-12-02T14:39:15","modified_gmt":"2020-12-02T13:39:15","slug":"veste-softshell-de-qualite-et-fonctionnelle-en-noir","status":"publish","type":"product","link":"https:\/\/metal-badge.ch\/fr\/product\/38022\/veste-softshell-de-qualite-et-fonctionnelle-en-noir\/","title":{"rendered":"Veste softshell de qualit\u00e9 et fonctionnelle en noir"},"content":{"rendered":"<p>Cette veste softshell noire convainc par ses fermetures-\u00e9clair bleu tendance et une coupe sportive. Les fermeture-\u00e9clairs sont \u00e9tanches \u00ab\u00a0sealed zipper\u00a0\u00bb. Cette veste est une compagne fonctionnelle par tous les temps. Respirante, coupe-vent, hydrofuge et tr\u00e8s agr\u00e9able \u00e0 porter. Cette veste softshell fait partie d&rsquo;un \u00e9quipement d&rsquo;ext\u00e9rieur optimal aussi bien dans les montagnes, sur mer.<\/p>\n<p>Le mat\u00e9riau ind\u00e9chirable r\u00e9siste aux conditions les plus extr\u00eames. La veste p\u00e8se 890 g et peut \u00eatre rang\u00e9e dans le sac \u00e0 dos en cas de besoin. Les deux poches lat\u00e9rales ext\u00e9rieures avec fermeture-\u00e9clair offre un grand espace de rangement. De plus, il y a une poche ext\u00e9rieure plus petite sur le torse \u00e0 gauche, \u00e9galement avec fermeture-\u00e9clair. \u00c0 la taille, la veste peut \u00eatre ajust\u00e9e avec un cordon \u00e9lastique avec bloqueur. Les extr\u00e9mit\u00e9s des manches peuvent \u00eatre ajust\u00e9es avec un caoutchouc \u00e9lastique.<\/p>\n<p>Le dispositif de bande autogrippante noire sur le bras gauche et sur le torse \u00e0 droite sont tous les deux noirs. Les diff\u00e9rents patchs peuvent \u00eatre achet\u00e9s s\u00e9par\u00e9ment. Voir d\u00e9tails ci-dessous. Nous proposons les patchs suivants en 3D et caoutchouc.<br \/>\nPatch de torse : <strong>SWITZERLAND<\/strong> caoutchouc<br \/>\nPatchs pour bras en tissu : <strong>Schweizer Kreuz<\/strong> rond<br \/>\nPatchs pour bras caoutchouc 3D : <strong>Logos IPA<\/strong> dans divers coloris<\/p>\n<p><strong>Information sur le produit :<\/strong><br \/>\nDispositif de bande autogrippante sur le bras : rond noir , diam\u00e8tre 7,5 cm<br \/>\nDispositif de bande autogrippante sur le torse \u00e0 droite : noir, largeur 8,0 cm \/ hauteur 1,5 cm<br \/>\nCouleur de veste : noir<br \/>\nEau, coupe-vent et respirant<br \/>\n\u00e9tanche &#8211; 4.0000 mm<br \/>\nMentonni\u00e8re<br \/>\n3 x poches ext\u00e9rieures avec fermeture-\u00e9clair<br \/>\nFermeture-\u00e9clairs : bleu \u00ab\u00a0sealed zipper\u00a0\u00bb \u00e9tanche<br \/>\nPoids\u00a0: 890 gr.<br \/>\nGSM : 320 g\/m<sup>2<\/sup><br \/>\nMat\u00e9riau : 96 % polyester \/ 4 % spandex<br \/>\nFacile \u00e0 entretenir<br \/>\nTailles : S, M, L, XL<\/p>\n<div class=\"woocommerce columns-5 \"><ul class=\"products columns-5\">\n<li class=\"product type-product post-37439 status-publish first instock product_cat-ipa-casual-wear-fr product_cat-ipa-gadgets-fr product_cat-patchs-autocollants product_tag-ipa-casual-wear-gadgets-fr product_tag-police-securite has-post-thumbnail taxable shipping-taxable purchasable product-type-simple\">\r\n\r\n\t\r\n    <div class=\"product_thumbnail_wrapper \">\r\n\r\n\t\t<a href=\"https:\/\/metal-badge.ch\/fr\/product\/37439\/rubber-patches-3d-de-qualite-avec-logo-ipa\/\" class=\"woocommerce-LoopProduct-link woocommerce-loop-product__link\">\r\n\r\n\t        <div class=\"product_thumbnail \">\r\n\t            <img decoding=\"async\" width=\"360\" height=\"240\" src=\"https:\/\/metal-badge.ch\/wp-content\/uploads\/2020\/08\/20161117_15.20.01_IMG_4799_large-360x240.jpg\" class=\"attachment-woocommerce_thumbnail size-woocommerce_thumbnail\" alt=\"Rubber Patches 3D de qualit\u00e9 avec logo IPA\" srcset=\"https:\/\/metal-badge.ch\/wp-content\/uploads\/2020\/08\/20161117_15.20.01_IMG_4799_large-360x240.jpg 360w, https:\/\/metal-badge.ch\/wp-content\/uploads\/2020\/08\/20161117_15.20.01_IMG_4799_large-64x43.jpg 64w, https:\/\/metal-badge.ch\/wp-content\/uploads\/2020\/08\/20161117_15.20.01_IMG_4799_large-300x200.jpg 300w, https:\/\/metal-badge.ch\/wp-content\/uploads\/2020\/08\/20161117_15.20.01_IMG_4799_large-150x100.jpg 150w, https:\/\/metal-badge.ch\/wp-content\/uploads\/2020\/08\/20161117_15.20.01_IMG_4799_large-768x512.jpg 768w, https:\/\/metal-badge.ch\/wp-content\/uploads\/2020\/08\/20161117_15.20.01_IMG_4799_large-90x60.jpg 90w, https:\/\/metal-badge.ch\/wp-content\/uploads\/2020\/08\/20161117_15.20.01_IMG_4799_large-135x90.jpg 135w, https:\/\/metal-badge.ch\/wp-content\/uploads\/2020\/08\/20161117_15.20.01_IMG_4799_large.jpg 1024w\" sizes=\"(max-width: 360px) 100vw, 360px\" \/>\t            \t        <\/div><!--.product_thumbnail-->\r\n\t\t<\/a>\r\n\r\n\t\t\t\t\t\t\t\r\n\t\t\r\n\t\t        <div class=\"product_thumbnail_icons\">\r\n            <div class=\"yith-add-to-wishlist-button-block\" data-product-id=\"37439\" data-attributes=\"{&quot;kind&quot;:&quot;button&quot;}\"><\/div>        <\/div>\r\n    \r\n\t\t\r\n    <\/div><!--.product_thumbnail_wrapper-->\r\n\r\n    \r\n\t<h2 class=\"woocommerce-loop-product__title\">\r\n\t\t<a href=\"https:\/\/metal-badge.ch\/fr\/product\/37439\/rubber-patches-3d-de-qualite-avec-logo-ipa\/\">Rubber Patches 3D de qualit\u00e9 avec logo IPA<\/a>\r\n\t<\/h2>\r\n\r\n\t\r\n        <div class=\"product_after_shop_loop\">\r\n        <div class=\"product_after_shop_loop_switcher\">\r\n    \r\n            \n\t<span class=\"price\"><span class=\"woocommerce-Price-amount amount\"><bdi><span class=\"woocommerce-Price-currencySymbol\">CHF <\/span>13.00<\/bdi><\/span><\/span>\n<a href=\"https:\/\/metal-badge.ch\/fr\/product\/37439\/rubber-patches-3d-de-qualite-avec-logo-ipa\/\" aria-describedby=\"woocommerce_loop_add_to_cart_link_describedby_37439\" data-quantity=\"1\" class=\"button product_type_simple add_to_cart_button\" data-product_id=\"37439\" data-product_sku=\"62_65_19\" aria-label=\"Ajouter au panier\u00a0: &ldquo;Rubber Patches 3D de qualit\u00e9 avec logo IPA&rdquo;\" rel=\"nofollow\" data-success_message=\"\u00ab\u00a0Rubber Patches 3D de qualit\u00e9 avec logo IPA\u00a0\u00bb a \u00e9t\u00e9 ajout\u00e9 \u00e0 votre panier\">Choix des options<\/a>\t<span id=\"woocommerce_loop_add_to_cart_link_describedby_37439\" class=\"screen-reader-text\">\n\t\t\t<\/span>\n\r\n            <\/div>\r\n    <\/div>\r\n    \r\n\t\r\n<\/li>\r\n<li class=\"product type-product post-37444 status-publish instock product_cat-patchs-autocollants has-post-thumbnail taxable shipping-taxable purchasable product-type-simple\">\r\n\r\n\t\r\n    <div class=\"product_thumbnail_wrapper \">\r\n\r\n\t\t<a href=\"https:\/\/metal-badge.ch\/fr\/product\/37444\/rubber-patches-3d-de-qualite-avec-inscription-switzerland\/\" class=\"woocommerce-LoopProduct-link woocommerce-loop-product__link\">\r\n\r\n\t        <div class=\"product_thumbnail \">\r\n\t            <img decoding=\"async\" width=\"360\" height=\"240\" src=\"https:\/\/metal-badge.ch\/wp-content\/uploads\/2020\/08\/20161118_09.24.48_IMG_4806_large-360x240.jpg\" class=\"attachment-woocommerce_thumbnail size-woocommerce_thumbnail\" alt=\"Rubber Patches 3D de qualit\u00e9 avec inscription SWITZERLAND\" srcset=\"https:\/\/metal-badge.ch\/wp-content\/uploads\/2020\/08\/20161118_09.24.48_IMG_4806_large-360x240.jpg 360w, https:\/\/metal-badge.ch\/wp-content\/uploads\/2020\/08\/20161118_09.24.48_IMG_4806_large-64x43.jpg 64w, https:\/\/metal-badge.ch\/wp-content\/uploads\/2020\/08\/20161118_09.24.48_IMG_4806_large-300x200.jpg 300w, https:\/\/metal-badge.ch\/wp-content\/uploads\/2020\/08\/20161118_09.24.48_IMG_4806_large-150x100.jpg 150w, https:\/\/metal-badge.ch\/wp-content\/uploads\/2020\/08\/20161118_09.24.48_IMG_4806_large-768x512.jpg 768w, https:\/\/metal-badge.ch\/wp-content\/uploads\/2020\/08\/20161118_09.24.48_IMG_4806_large-90x60.jpg 90w, https:\/\/metal-badge.ch\/wp-content\/uploads\/2020\/08\/20161118_09.24.48_IMG_4806_large-135x90.jpg 135w, https:\/\/metal-badge.ch\/wp-content\/uploads\/2020\/08\/20161118_09.24.48_IMG_4806_large.jpg 1024w\" sizes=\"(max-width: 360px) 100vw, 360px\" \/>\t            \t        <\/div><!--.product_thumbnail-->\r\n\t\t<\/a>\r\n\r\n\t\t\t\t\t\t\t\r\n\t\t\r\n\t\t        <div class=\"product_thumbnail_icons\">\r\n            <div class=\"yith-add-to-wishlist-button-block\" data-product-id=\"37444\" data-attributes=\"{&quot;kind&quot;:&quot;button&quot;}\"><\/div>        <\/div>\r\n    \r\n\t\t\r\n    <\/div><!--.product_thumbnail_wrapper-->\r\n\r\n    \r\n\t<h2 class=\"woocommerce-loop-product__title\">\r\n\t\t<a href=\"https:\/\/metal-badge.ch\/fr\/product\/37444\/rubber-patches-3d-de-qualite-avec-inscription-switzerland\/\">Rubber Patches 3D de qualit\u00e9 avec inscription SWITZERLAND<\/a>\r\n\t<\/h2>\r\n\r\n\t\r\n        <div class=\"product_after_shop_loop\">\r\n        <div class=\"product_after_shop_loop_switcher\">\r\n    \r\n            \n\t<span class=\"price\"><span class=\"woocommerce-Price-amount amount\"><bdi><span class=\"woocommerce-Price-currencySymbol\">CHF <\/span>11.00<\/bdi><\/span><\/span>\n<a href=\"\/fr\/wp-json\/wp\/v2\/product\/38022?add-to-cart=37444\" aria-describedby=\"woocommerce_loop_add_to_cart_link_describedby_37444\" data-quantity=\"1\" class=\"button product_type_simple add_to_cart_button ajax_add_to_cart\" data-product_id=\"37444\" data-product_sku=\"2_65_20\" aria-label=\"Ajouter au panier\u00a0: &ldquo;Rubber Patches 3D de qualit\u00e9 avec inscription SWITZERLAND&rdquo;\" rel=\"nofollow\" data-success_message=\"\u00ab\u00a0Rubber Patches 3D de qualit\u00e9 avec inscription SWITZERLAND\u00a0\u00bb a \u00e9t\u00e9 ajout\u00e9 \u00e0 votre panier\" role=\"button\">Ajouter au panier<\/a>\t<span id=\"woocommerce_loop_add_to_cart_link_describedby_37444\" class=\"screen-reader-text\">\n\t\t\t<\/span>\n\r\n            <\/div>\r\n    <\/div>\r\n    \r\n\t\r\n<\/li>\r\n<li class=\"product type-product post-38043 status-publish instock product_cat-patchs-autocollants has-post-thumbnail taxable shipping-taxable purchasable product-type-simple\">\r\n\r\n\t\r\n    <div class=\"product_thumbnail_wrapper \">\r\n\r\n\t\t<a href=\"https:\/\/metal-badge.ch\/fr\/product\/38043\/patch-schweiz-ronde-avec-bande-autogrippante\/\" class=\"woocommerce-LoopProduct-link woocommerce-loop-product__link\">\r\n\r\n\t        <div class=\"product_thumbnail \">\r\n\t            <img decoding=\"async\" width=\"360\" height=\"240\" src=\"https:\/\/metal-badge.ch\/wp-content\/uploads\/2020\/08\/20161128_15.14.24_klett_schweizerkreuz_rund_large-360x240.jpg\" class=\"attachment-woocommerce_thumbnail size-woocommerce_thumbnail\" alt=\"Patch &#039;Schweiz&#039; ronde avec bande autogrippante\" srcset=\"https:\/\/metal-badge.ch\/wp-content\/uploads\/2020\/08\/20161128_15.14.24_klett_schweizerkreuz_rund_large-360x240.jpg 360w, https:\/\/metal-badge.ch\/wp-content\/uploads\/2020\/08\/20161128_15.14.24_klett_schweizerkreuz_rund_large-64x43.jpg 64w, https:\/\/metal-badge.ch\/wp-content\/uploads\/2020\/08\/20161128_15.14.24_klett_schweizerkreuz_rund_large-300x200.jpg 300w, https:\/\/metal-badge.ch\/wp-content\/uploads\/2020\/08\/20161128_15.14.24_klett_schweizerkreuz_rund_large-150x100.jpg 150w, https:\/\/metal-badge.ch\/wp-content\/uploads\/2020\/08\/20161128_15.14.24_klett_schweizerkreuz_rund_large-768x512.jpg 768w, https:\/\/metal-badge.ch\/wp-content\/uploads\/2020\/08\/20161128_15.14.24_klett_schweizerkreuz_rund_large-90x60.jpg 90w, https:\/\/metal-badge.ch\/wp-content\/uploads\/2020\/08\/20161128_15.14.24_klett_schweizerkreuz_rund_large-135x90.jpg 135w, https:\/\/metal-badge.ch\/wp-content\/uploads\/2020\/08\/20161128_15.14.24_klett_schweizerkreuz_rund_large.jpg 1024w\" sizes=\"(max-width: 360px) 100vw, 360px\" \/>\t            \t        <\/div><!--.product_thumbnail-->\r\n\t\t<\/a>\r\n\r\n\t\t\t\t\t\t\t\r\n\t\t\r\n\t\t        <div class=\"product_thumbnail_icons\">\r\n            <div class=\"yith-add-to-wishlist-button-block\" data-product-id=\"38043\" data-attributes=\"{&quot;kind&quot;:&quot;button&quot;}\"><\/div>        <\/div>\r\n    \r\n\t\t\r\n    <\/div><!--.product_thumbnail_wrapper-->\r\n\r\n    \r\n\t<h2 class=\"woocommerce-loop-product__title\">\r\n\t\t<a href=\"https:\/\/metal-badge.ch\/fr\/product\/38043\/patch-schweiz-ronde-avec-bande-autogrippante\/\">Patch &lsquo;Schweiz&rsquo; ronde avec bande autogrippante<\/a>\r\n\t<\/h2>\r\n\r\n\t\r\n        <div class=\"product_after_shop_loop\">\r\n        <div class=\"product_after_shop_loop_switcher\">\r\n    \r\n            \n\t<span class=\"price\"><span class=\"woocommerce-Price-amount amount\"><bdi><span class=\"woocommerce-Price-currencySymbol\">CHF <\/span>13.00<\/bdi><\/span><\/span>\n<a href=\"\/fr\/wp-json\/wp\/v2\/product\/38022?add-to-cart=38043\" aria-describedby=\"woocommerce_loop_add_to_cart_link_describedby_38043\" data-quantity=\"1\" class=\"button product_type_simple add_to_cart_button ajax_add_to_cart\" data-product_id=\"38043\" data-product_sku=\"62_65_25\" aria-label=\"Ajouter au panier\u00a0: &ldquo;Patch &#039;Schweiz&#039; ronde avec bande autogrippante&rdquo;\" rel=\"nofollow\" data-success_message=\"\u00ab\u00a0Patch &#039;Schweiz&#039; ronde avec bande autogrippante\u00a0\u00bb a \u00e9t\u00e9 ajout\u00e9 \u00e0 votre panier\" role=\"button\">Ajouter au panier<\/a>\t<span id=\"woocommerce_loop_add_to_cart_link_describedby_38043\" class=\"screen-reader-text\">\n\t\t\t<\/span>\n\r\n            <\/div>\r\n    <\/div>\r\n    \r\n\t\r\n<\/li>\r\n<\/ul>\n<\/div>\n<p><img decoding=\"async\" src=\"https:\/\/metal-badge.ch\/wp-content\/uploads\/content\/Shoftshell_sizes_2nd.gif\" alt=\"\"><\/p>\n<p>Angaben in cm = Mesures en cm<br \/>\nGr\u00f6\u00dfe = Taille<br \/>\nBrustweite = Largeur de poitrine<br \/>\nGesamtl\u00e4nge = Longueur totale<br \/>\nInnenarml\u00e4nge = Longueur int\u00e9rieure des manches<\/p>\n","protected":false},"excerpt":{"rendered":"<p>Cette veste softshell noire convainc par ses fermetures-\u00e9clair bleu tendance et une coupe sportive. Les fermeture-\u00e9clairs sont \u00e9tanches \u00ab\u00a0sealed zipper\u00a0\u00bb. Cette veste est une compagne fonctionnelle par tous les temps. Respirante, coupe-vent, hydrofuge et tr\u00e8s agr\u00e9able \u00e0 porter. Cette veste softshell fait partie d&rsquo;un \u00e9quipement d&rsquo;ext\u00e9rieur optimal aussi bien dans les montagnes, sur mer. Le [&hellip;]<\/p>\n","protected":false},"featured_media":72020,"comment_status":"open","ping_status":"closed","template":"","meta":{"inline_featured_image":false},"product_brand":[],"product_cat":[1263,1602],"product_tag":[1777,1761,1765],"class_list":{"0":"post-38022","1":"product","2":"type-product","3":"status-publish","4":"has-post-thumbnail","6":"product_cat-ipa-casual-wear-fr","7":"product_cat-vestes-en-softshell-pantalons-et-vetements-haute-visibilite","8":"product_tag-camping-voyage","9":"product_tag-ipa-casual-wear-gadgets-fr","10":"product_tag-sport-outdoor-fr","12":"first","13":"instock","14":"taxable","15":"shipping-taxable","16":"purchasable","17":"product-type-simple"},"_links":{"self":[{"href":"https:\/\/metal-badge.ch\/fr\/wp-json\/wp\/v2\/product\/38022","targetHints":{"allow":["GET"]}}],"collection":[{"href":"https:\/\/metal-badge.ch\/fr\/wp-json\/wp\/v2\/product"}],"about":[{"href":"https:\/\/metal-badge.ch\/fr\/wp-json\/wp\/v2\/types\/product"}],"replies":[{"embeddable":true,"href":"https:\/\/metal-badge.ch\/fr\/wp-json\/wp\/v2\/comments?post=38022"}],"wp:featuredmedia":[{"embeddable":true,"href":"https:\/\/metal-badge.ch\/fr\/wp-json\/wp\/v2\/media\/72020"}],"wp:attachment":[{"href":"https:\/\/metal-badge.ch\/fr\/wp-json\/wp\/v2\/media?parent=38022"}],"wp:term":[{"taxonomy":"product_brand","embeddable":true,"href":"https:\/\/metal-badge.ch\/fr\/wp-json\/wp\/v2\/product_brand?post=38022"},{"taxonomy":"product_cat","embeddable":true,"href":"https:\/\/metal-badge.ch\/fr\/wp-json\/wp\/v2\/product_cat?post=38022"},{"taxonomy":"product_tag","embeddable":true,"href":"https:\/\/metal-badge.ch\/fr\/wp-json\/wp\/v2\/product_tag?post=38022"}],"curies":[{"name":"wp","href":"https:\/\/api.w.org\/{rel}","templated":true}]}}