{"id":38011,"date":"2016-11-23T17:07:09","date_gmt":"2016-11-23T17:07:09","guid":{"rendered":"https:\/\/shop.metal-badge.ch\/?product=etui-tactique-de-jumelles-sable"},"modified":"2016-11-23T17:10:21","modified_gmt":"2016-11-23T17:10:21","slug":"etui-tactique-de-jumelles-sable","status":"publish","type":"product","link":"https:\/\/metal-badge.ch\/fr\/product\/38011\/etui-tactique-de-jumelles-sable\/","title":{"rendered":"\u00c9tui tactique de jumelles sable"},"content":{"rendered":"<p>L&rsquo;\u00e9tui de jumelles est \u00e9quip\u00e9 d&rsquo;une dragonne r\u00e9glable et de boucles \u00e0 fermeture rapide. Disponible dans les couleurs olive et sable. Le sac est \u00e9quip\u00e9 \u00e0 l&rsquo;arri\u00e8re avec un syst\u00e8me de fixation Molle et \u00e0 l&rsquo;avant \u00e9galement avec diverses boucles Molle. L&rsquo;\u00e9tui est rembourr\u00e9 et isol\u00e9 \u00e0 l&rsquo;int\u00e9rieur. Ainsi, les boissons chaudes restes plus longtemps chaudes et les boissons froides plus longtemps froides. Convient pour 1 l et les bouteilles plus petites. Le sac est ferm\u00e9 avec des sangles sur une fermeture \u00e0 fiche. L&rsquo;ourlet en haut est \u00e9lastique et s&rsquo;adapte \u00e0 la taille de la bouteille.<\/p>\n<p>\n<strong>Description du produit :<\/strong><br \/>\nPoids : 140 g.<br \/>\nMat\u00e9riau : 1000 D Cordura Nylon<br \/>\nDimensions : Hauteur 17.0 cm \/ largeur 16.0 cm<br \/>\nConvient : pour les bouteilles de 1 l et plus petites.<br \/>\nSyst\u00e8me de fixation Molle<br \/>\n\u00a0<\/p>\n","protected":false},"excerpt":{"rendered":"<p>L&rsquo;\u00e9tui de jumelles est \u00e9quip\u00e9 d&rsquo;une dragonne r\u00e9glable et de boucles \u00e0 fermeture rapide. Disponible dans les couleurs olive et sable. Le sac est \u00e9quip\u00e9 \u00e0 l&rsquo;arri\u00e8re avec un syst\u00e8me de fixation Molle et \u00e0 l&rsquo;avant \u00e9galement avec diverses boucles Molle. L&rsquo;\u00e9tui est rembourr\u00e9 et isol\u00e9 \u00e0 l&rsquo;int\u00e9rieur. Ainsi, les boissons chaudes restes plus longtemps [&hellip;]<\/p>\n","protected":false},"featured_media":89771,"comment_status":"open","ping_status":"closed","template":"","meta":{"inline_featured_image":false},"product_brand":[],"product_cat":[1275,1059,1815],"product_tag":[1769,1777,1773,1765],"class_list":{"0":"post-38011","1":"product","2":"type-product","3":"status-publish","4":"has-post-thumbnail","6":"product_cat-bouteilles-poele-recipient","7":"product_cat-sacs","8":"product_cat-sacs-de-transport-de-voyage","9":"product_tag-army-survival-fr","10":"product_tag-camping-voyage","11":"product_tag-chasse-peche","12":"product_tag-sport-outdoor-fr","14":"first","15":"instock","16":"taxable","17":"shipping-taxable","18":"purchasable","19":"product-type-simple"},"_links":{"self":[{"href":"https:\/\/metal-badge.ch\/fr\/wp-json\/wp\/v2\/product\/38011","targetHints":{"allow":["GET"]}}],"collection":[{"href":"https:\/\/metal-badge.ch\/fr\/wp-json\/wp\/v2\/product"}],"about":[{"href":"https:\/\/metal-badge.ch\/fr\/wp-json\/wp\/v2\/types\/product"}],"replies":[{"embeddable":true,"href":"https:\/\/metal-badge.ch\/fr\/wp-json\/wp\/v2\/comments?post=38011"}],"wp:featuredmedia":[{"embeddable":true,"href":"https:\/\/metal-badge.ch\/fr\/wp-json\/wp\/v2\/media\/89771"}],"wp:attachment":[{"href":"https:\/\/metal-badge.ch\/fr\/wp-json\/wp\/v2\/media?parent=38011"}],"wp:term":[{"taxonomy":"product_brand","embeddable":true,"href":"https:\/\/metal-badge.ch\/fr\/wp-json\/wp\/v2\/product_brand?post=38011"},{"taxonomy":"product_cat","embeddable":true,"href":"https:\/\/metal-badge.ch\/fr\/wp-json\/wp\/v2\/product_cat?post=38011"},{"taxonomy":"product_tag","embeddable":true,"href":"https:\/\/metal-badge.ch\/fr\/wp-json\/wp\/v2\/product_tag?post=38011"}],"curies":[{"name":"wp","href":"https:\/\/api.w.org\/{rel}","templated":true}]}}