{"id":37981,"date":"2016-11-23T16:22:07","date_gmt":"2016-11-23T16:22:07","guid":{"rendered":"https:\/\/shop.metal-badge.ch\/?product=etui-modulaire-etui-a-camera-kp-035"},"modified":"2020-08-02T02:22:12","modified_gmt":"2020-08-02T02:22:12","slug":"etui-modulaire-etui-a-camera-kp-035","status":"publish","type":"product","link":"https:\/\/metal-badge.ch\/fr\/product\/37981\/etui-modulaire-etui-a-camera-kp-035\/","title":{"rendered":"\u00c9tui modulaire, \u00e9tui \u00e0 cam\u00e9ra KP-035"},"content":{"rendered":"<p>Classez les sacs de mani\u00e8re syst\u00e9matique ou transformez le sac \u00e0 dos ou le sac en un go-bag. Ce sacs modulaire est fait de nylon Cordura r\u00e9sistant 600 D.<\/p>\n<p>L&rsquo;\u00e9tui modulaire peut \u00eatre ferm\u00e9 avec une fermeture rapide \u00e0 clic. L&rsquo;\u00e9tui ext\u00e9rieur se trouvant sous le couvercle est \u00e9quip\u00e9 d&rsquo;une fermeture p\u00e9riph\u00e9rique.<\/p>\n<p>Le compartiment principal spacieux est rembourr\u00e9 \u00e0 l&rsquo;int\u00e9rieur pour les cam\u00e9ras et autres objets et divis\u00e9 en trois compartiments. Le compartiment principal peut \u00eatre rassembl\u00e9 en haut par un cordon. Il se trouve \u00e9galement sous le couvercle principal et est ainsi ferm\u00e9 et prot\u00e9g\u00e9 en plus. Le couvercle est \u00e9galement rembourr\u00e9e \u00e0 l&rsquo;int\u00e9rieur (protection compl\u00e8te).<\/p>\n<p>Sur la poche ext\u00e9rieure se trouve un compartiment suppl\u00e9mentaire.<\/p>\n<p>Le sac est \u00e9quip\u00e9 d&rsquo;une sangle d&rsquo;\u00e9paule amovible, r\u00e9glable. Sur le couvercle se trouve de plus une poign\u00e9e de transport rembourr\u00e9.<br \/>\nL&rsquo;\u00e9tui est \u00e9quip\u00e9 \u00e0 l&rsquo;arri\u00e8re d&rsquo;un syst\u00e8me de fixation (syst\u00e8me Molle) \u00e0 l&rsquo;arri\u00e8re afin d&rsquo;installer et de d\u00e9tacher rapidement l&rsquo;\u00e9tui. Id\u00e9al pour la fixation lat\u00e9rale sur la Chest-Rig ou comme ceinture d&rsquo;intervention, sur un sac \u00e0 dos ou d&rsquo;autres sacs.<\/p>\n<p>\n<strong>Description du produit :<\/strong><br \/>\nDimensions : Hauteur 22.0 cm \/ Largeur 15.0 cm \/ Profondeur 10.0 cm<br \/>\nCouleur : Noir<br \/>\nMat\u00e9riau : 600D Nylon Cordura<br \/>\nPoids : 355 g.<\/p>\n","protected":false},"excerpt":{"rendered":"<p>Classez les sacs de mani\u00e8re syst\u00e9matique ou transformez le sac \u00e0 dos ou le sac en un go-bag. Ce sacs modulaire est fait de nylon Cordura r\u00e9sistant 600 D. L&rsquo;\u00e9tui modulaire peut \u00eatre ferm\u00e9 avec une fermeture rapide \u00e0 clic. L&rsquo;\u00e9tui ext\u00e9rieur se trouvant sous le couvercle est \u00e9quip\u00e9 d&rsquo;une fermeture p\u00e9riph\u00e9rique. Le compartiment principal [&hellip;]<\/p>\n","protected":false},"featured_media":89777,"comment_status":"open","ping_status":"closed","template":"","meta":{"inline_featured_image":false},"product_brand":[],"product_cat":[1710,1059,1815],"product_tag":[1769,1777,1773,1781,1765],"class_list":{"0":"post-37981","1":"product","2":"type-product","3":"status-publish","4":"has-post-thumbnail","6":"product_cat-cameras-dash-cams-fr","7":"product_cat-sacs","8":"product_cat-sacs-de-transport-de-voyage","9":"product_tag-army-survival-fr","10":"product_tag-camping-voyage","11":"product_tag-chasse-peche","12":"product_tag-police-securite","13":"product_tag-sport-outdoor-fr","15":"first","16":"instock","17":"taxable","18":"shipping-taxable","19":"purchasable","20":"product-type-simple"},"_links":{"self":[{"href":"https:\/\/metal-badge.ch\/fr\/wp-json\/wp\/v2\/product\/37981","targetHints":{"allow":["GET"]}}],"collection":[{"href":"https:\/\/metal-badge.ch\/fr\/wp-json\/wp\/v2\/product"}],"about":[{"href":"https:\/\/metal-badge.ch\/fr\/wp-json\/wp\/v2\/types\/product"}],"replies":[{"embeddable":true,"href":"https:\/\/metal-badge.ch\/fr\/wp-json\/wp\/v2\/comments?post=37981"}],"wp:featuredmedia":[{"embeddable":true,"href":"https:\/\/metal-badge.ch\/fr\/wp-json\/wp\/v2\/media\/89777"}],"wp:attachment":[{"href":"https:\/\/metal-badge.ch\/fr\/wp-json\/wp\/v2\/media?parent=37981"}],"wp:term":[{"taxonomy":"product_brand","embeddable":true,"href":"https:\/\/metal-badge.ch\/fr\/wp-json\/wp\/v2\/product_brand?post=37981"},{"taxonomy":"product_cat","embeddable":true,"href":"https:\/\/metal-badge.ch\/fr\/wp-json\/wp\/v2\/product_cat?post=37981"},{"taxonomy":"product_tag","embeddable":true,"href":"https:\/\/metal-badge.ch\/fr\/wp-json\/wp\/v2\/product_tag?post=37981"}],"curies":[{"name":"wp","href":"https:\/\/api.w.org\/{rel}","templated":true}]}}