{"id":37970,"date":"2016-11-23T15:34:26","date_gmt":"2016-11-23T15:34:26","guid":{"rendered":"https:\/\/shop.metal-badge.ch\/?product=ipa-patch-autrogrippant-recouvert-de-caoutchouc-3d"},"modified":"2020-08-02T02:22:08","modified_gmt":"2020-08-02T02:22:08","slug":"ipa-patch-autrogrippant-recouvert-de-caoutchouc-3d","status":"publish","type":"product","link":"https:\/\/metal-badge.ch\/fr\/product\/37970\/ipa-patch-autrogrippant-recouvert-de-caoutchouc-3d\/","title":{"rendered":"IPA Patch autrogrippant recouvert de caoutchouc 3D"},"content":{"rendered":"<p>Patch autogrippant recouvert de caoutchouc 3D IPA Suisse sur le mod\u00e8le du badge en m\u00e9tal IPA Suisse et de la m\u00eame taille 8cm x 5.5cm. Disponible en argent \/ gris et en or \/ jaune. Tr\u00e8s r\u00e9sistant et lavable.\u00a0<\/p>\n<p>Le suppl\u00e9ment de bande autogrippante (soft) est fourni.<\/p>\n","protected":false},"excerpt":{"rendered":"<p>Patch autogrippant recouvert de caoutchouc 3D IPA Suisse sur le mod\u00e8le du badge en m\u00e9tal IPA Suisse et de la m\u00eame taille 8cm x 5.5cm. Disponible en argent \/ gris et en or \/ jaune. Tr\u00e8s r\u00e9sistant et lavable.\u00a0 Le suppl\u00e9ment de bande autogrippante (soft) est fourni.<\/p>\n","protected":false},"featured_media":89779,"comment_status":"open","ping_status":"closed","template":"","meta":{"inline_featured_image":false},"product_brand":[],"product_cat":[1263,1536,963],"product_tag":[1761,1781],"class_list":{"0":"post-37970","1":"product","2":"type-product","3":"status-publish","4":"has-post-thumbnail","6":"product_cat-ipa-casual-wear-fr","7":"product_cat-ipa-gadgets-fr","8":"product_cat-patchs-autocollants","9":"product_tag-ipa-casual-wear-gadgets-fr","10":"product_tag-police-securite","12":"first","13":"instock","14":"taxable","15":"shipping-taxable","16":"purchasable","17":"product-type-simple"},"_links":{"self":[{"href":"https:\/\/metal-badge.ch\/fr\/wp-json\/wp\/v2\/product\/37970","targetHints":{"allow":["GET"]}}],"collection":[{"href":"https:\/\/metal-badge.ch\/fr\/wp-json\/wp\/v2\/product"}],"about":[{"href":"https:\/\/metal-badge.ch\/fr\/wp-json\/wp\/v2\/types\/product"}],"replies":[{"embeddable":true,"href":"https:\/\/metal-badge.ch\/fr\/wp-json\/wp\/v2\/comments?post=37970"}],"wp:featuredmedia":[{"embeddable":true,"href":"https:\/\/metal-badge.ch\/fr\/wp-json\/wp\/v2\/media\/89779"}],"wp:attachment":[{"href":"https:\/\/metal-badge.ch\/fr\/wp-json\/wp\/v2\/media?parent=37970"}],"wp:term":[{"taxonomy":"product_brand","embeddable":true,"href":"https:\/\/metal-badge.ch\/fr\/wp-json\/wp\/v2\/product_brand?post=37970"},{"taxonomy":"product_cat","embeddable":true,"href":"https:\/\/metal-badge.ch\/fr\/wp-json\/wp\/v2\/product_cat?post=37970"},{"taxonomy":"product_tag","embeddable":true,"href":"https:\/\/metal-badge.ch\/fr\/wp-json\/wp\/v2\/product_tag?post=37970"}],"curies":[{"name":"wp","href":"https:\/\/api.w.org\/{rel}","templated":true}]}}