{"id":37963,"date":"2016-11-23T15:14:46","date_gmt":"2016-11-23T15:14:46","guid":{"rendered":"https:\/\/shop.metal-badge.ch\/?product=couteau-de-poche-moyen-spartan-lite-avec-lampe-a-led"},"modified":"2023-07-11T22:11:41","modified_gmt":"2023-07-11T20:11:41","slug":"couteau-de-poche-moyen-spartan-lite-avec-lampe-a-led","status":"publish","type":"product","link":"https:\/\/metal-badge.ch\/fr\/product\/37963\/couteau-de-poche-moyen-spartan-lite-avec-lampe-a-led\/","title":{"rendered":"Couteau de poche moyen Spartan Lite avec lampe \u00e0 LED"},"content":{"rendered":"<p>De la marque Victorinox. Lorsque vous entendez le mot couteau de poche suisse, vous pensez certainement au l\u00e9gendaire couteau d&rsquo;officier. La l\u00e9gende continue avec le <strong>couteau de poche Spartan Lite.<\/strong> Tout a commenc\u00e9 avec ce couteau de poche. Il a aid\u00e9 les personnes du monde entier \u00e0 effectuer leur travail. Gr\u00e2ce \u00e0 la lampe \u00e0 LED, vous n&rsquo;avez pas besoin d&rsquo;attendre la lumi\u00e8re du jour pour commencer. La pile-bouton de la lampe \u00e0 LED peut \u00eatre remplac\u00e9e en tout confort. Que vous soyez pr\u00eat pour une grande ou une petite aventure : Spartan Lite est toujours pr\u00eat. Un manche noir moderne avec une impression de qualit\u00e9 int\u00e9gr\u00e9 avec le <strong>logo IPA<\/strong> et le motif du <strong>badge suisse IPA<\/strong> en couleur et <strong>IPA Switzerland.<\/strong> R\u00e9sistant aux rayures et \u00e0 l&rsquo;usure.<\/p>\n<p>\n<strong>Information sur le produit :<\/strong><\/p>\n<p><strong>Outils :<\/strong><\/p>\n<ol>\n<li>lame, grande<\/li>\n<li>lame, petite<\/li>\n<li>tournevis 1\/2<\/li>\n<li>porte-cl\u00e9s<\/li>\n<li>poin\u00e7on,al\u00e9soir, anneau<\/li>\n<li>ouvre-bo\u00eete<\/li>\n<li>tournevis 3 mm<\/li>\n<li>d\u00e9capsuleur<\/li>\n<li value=\"9\">d\u00e9nudeur de fil<\/li>\n<li>tournevis 5\u00a0mm<\/li>\n<li>cure-dent<\/li>\n<li>pince \u00e0 \u00e9piler<\/li>\n<li>lampe \u00e0 LED avec pile-bouton<\/li>\n<li>mini-tournevis 1,5 mm<\/li>\n<li>tire-bouchon<\/li>\n<\/ol>\n<p>\nDimensions<br \/>\nCouleur : noir<br \/>\nPoids net :\u00a0 83 g<\/p>\n<p>D\u00e9tails<br \/>\nMat\u00e9riau de la coque\u00a0\u00a0 \u00a0ABS \/ Celidor \u00a0<br \/>\ntaille\u00a0\u00a0 \u00a091 mm<br \/>\nLame de blocage\u00a0\u00a0 \u00a0Non<br \/>\nLame \u00e0 une main\u00a0\u00a0 \u00a0Non<\/p>\n","protected":false},"excerpt":{"rendered":"<p>De la marque Victorinox. Lorsque vous entendez le mot couteau de poche suisse, vous pensez certainement au l\u00e9gendaire couteau d&rsquo;officier. La l\u00e9gende continue avec le couteau de poche Spartan Lite. Tout a commenc\u00e9 avec ce couteau de poche. Il a aid\u00e9 les personnes du monde entier \u00e0 effectuer leur travail. Gr\u00e2ce \u00e0 la lampe \u00e0 [&hellip;]<\/p>\n","protected":false},"featured_media":89781,"comment_status":"open","ping_status":"closed","template":"","meta":{"inline_featured_image":false},"product_brand":[],"product_cat":[1536,1035],"product_tag":[1769,1773,1761,1765],"class_list":{"0":"post-37963","1":"product","2":"type-product","3":"status-publish","4":"has-post-thumbnail","6":"product_cat-ipa-gadgets-fr","7":"product_cat-couteaux-machettes","8":"product_tag-army-survival-fr","9":"product_tag-chasse-peche","10":"product_tag-ipa-casual-wear-gadgets-fr","11":"product_tag-sport-outdoor-fr","13":"first","14":"outofstock","15":"taxable","16":"shipping-taxable","17":"purchasable","18":"product-type-simple"},"_links":{"self":[{"href":"https:\/\/metal-badge.ch\/fr\/wp-json\/wp\/v2\/product\/37963","targetHints":{"allow":["GET"]}}],"collection":[{"href":"https:\/\/metal-badge.ch\/fr\/wp-json\/wp\/v2\/product"}],"about":[{"href":"https:\/\/metal-badge.ch\/fr\/wp-json\/wp\/v2\/types\/product"}],"replies":[{"embeddable":true,"href":"https:\/\/metal-badge.ch\/fr\/wp-json\/wp\/v2\/comments?post=37963"}],"wp:featuredmedia":[{"embeddable":true,"href":"https:\/\/metal-badge.ch\/fr\/wp-json\/wp\/v2\/media\/89781"}],"wp:attachment":[{"href":"https:\/\/metal-badge.ch\/fr\/wp-json\/wp\/v2\/media?parent=37963"}],"wp:term":[{"taxonomy":"product_brand","embeddable":true,"href":"https:\/\/metal-badge.ch\/fr\/wp-json\/wp\/v2\/product_brand?post=37963"},{"taxonomy":"product_cat","embeddable":true,"href":"https:\/\/metal-badge.ch\/fr\/wp-json\/wp\/v2\/product_cat?post=37963"},{"taxonomy":"product_tag","embeddable":true,"href":"https:\/\/metal-badge.ch\/fr\/wp-json\/wp\/v2\/product_tag?post=37963"}],"curies":[{"name":"wp","href":"https:\/\/api.w.org\/{rel}","templated":true}]}}