{"id":37952,"date":"2016-11-23T14:52:01","date_gmt":"2016-11-23T14:52:01","guid":{"rendered":"https:\/\/shop.metal-badge.ch\/?product=cuillere-de-collection-cuillere-a-sucre-cuillere-a-cafe-cuillere-souvenir"},"modified":"2020-08-02T02:21:58","modified_gmt":"2020-08-02T02:21:58","slug":"cuillere-de-collection-cuillere-a-sucre-cuillere-a-cafe-cuillere-souvenir","status":"publish","type":"product","link":"https:\/\/metal-badge.ch\/fr\/product\/37952\/cuillere-de-collection-cuillere-a-sucre-cuillere-a-cafe-cuillere-souvenir\/","title":{"rendered":"Cuill\u00e8re de collection \/ Cuill\u00e8re \u00e0 sucre \/ Cuill\u00e8re \u00e0 caf\u00e9 \/ Cuill\u00e8re souvenir"},"content":{"rendered":"<p>Jolie cuill\u00e8re souvenir d\u00e9cor\u00e9e avec en 3D \u00ab\u00a0Sujet IPA Schweiz Badge\u00a0\u00bb<br \/>\nDimensions : Longueur 12.4 cm<br \/>\nCouleur : argent brillant \/ or brillant<br \/>\nMotif : IPA Badge Schweiz<br \/>\nPoids\u00a0: 20 g.<br \/>\nMat\u00e9riau : M\u00e9tal, galvanis\u00e9<\/p>\n","protected":false},"excerpt":{"rendered":"<p>Jolie cuill\u00e8re souvenir d\u00e9cor\u00e9e avec en 3D \u00ab\u00a0Sujet IPA Schweiz Badge\u00a0\u00bb Dimensions : Longueur 12.4 cm Couleur : argent brillant \/ or brillant Motif : IPA Badge Schweiz Poids\u00a0: 20 g. Mat\u00e9riau : M\u00e9tal, galvanis\u00e9<\/p>\n","protected":false},"featured_media":89783,"comment_status":"open","ping_status":"closed","template":"","meta":{"inline_featured_image":false},"product_brand":[],"product_cat":[1536],"product_tag":[1761],"class_list":{"0":"post-37952","1":"product","2":"type-product","3":"status-publish","4":"has-post-thumbnail","6":"product_cat-ipa-gadgets-fr","7":"product_tag-ipa-casual-wear-gadgets-fr","9":"first","10":"instock","11":"taxable","12":"shipping-taxable","13":"purchasable","14":"product-type-simple"},"_links":{"self":[{"href":"https:\/\/metal-badge.ch\/fr\/wp-json\/wp\/v2\/product\/37952","targetHints":{"allow":["GET"]}}],"collection":[{"href":"https:\/\/metal-badge.ch\/fr\/wp-json\/wp\/v2\/product"}],"about":[{"href":"https:\/\/metal-badge.ch\/fr\/wp-json\/wp\/v2\/types\/product"}],"replies":[{"embeddable":true,"href":"https:\/\/metal-badge.ch\/fr\/wp-json\/wp\/v2\/comments?post=37952"}],"wp:featuredmedia":[{"embeddable":true,"href":"https:\/\/metal-badge.ch\/fr\/wp-json\/wp\/v2\/media\/89783"}],"wp:attachment":[{"href":"https:\/\/metal-badge.ch\/fr\/wp-json\/wp\/v2\/media?parent=37952"}],"wp:term":[{"taxonomy":"product_brand","embeddable":true,"href":"https:\/\/metal-badge.ch\/fr\/wp-json\/wp\/v2\/product_brand?post=37952"},{"taxonomy":"product_cat","embeddable":true,"href":"https:\/\/metal-badge.ch\/fr\/wp-json\/wp\/v2\/product_cat?post=37952"},{"taxonomy":"product_tag","embeddable":true,"href":"https:\/\/metal-badge.ch\/fr\/wp-json\/wp\/v2\/product_tag?post=37952"}],"curies":[{"name":"wp","href":"https:\/\/api.w.org\/{rel}","templated":true}]}}