{"id":37935,"date":"2016-11-23T14:05:11","date_gmt":"2016-11-23T14:05:11","guid":{"rendered":"https:\/\/shop.metal-badge.ch\/?product=camera-endoscopique-pour-smartphones-android"},"modified":"2020-08-02T02:21:48","modified_gmt":"2020-08-02T02:21:48","slug":"camera-endoscopique-pour-smartphones-android","status":"publish","type":"product","link":"https:\/\/metal-badge.ch\/fr\/product\/37935\/camera-endoscopique-pour-smartphones-android\/","title":{"rendered":"Cam\u00e9ra endoscopique pour smartphones Android"},"content":{"rendered":"<p>Cam\u00e9ra endoscopique peut \u00eatre utile dans de nombreuses occasions.<br \/>\nQue ce soit dans le domaine de la surveillance ou uniquement dans la chambre du moteur d&rsquo;un v\u00e9hicule, pour trouver le d\u00e9faut dans un endroit complexe, contr\u00f4ler un tuyau d&rsquo;\u00e9coulement ou inspecter une niche d&rsquo;oiseaux.<\/p>\n<p>Il existe d\u00e9sormais une solution pour tous ces probl\u00e8mes :<br \/>\nLa cam\u00e9ra endoscopique USB.<\/p>\n<p>Les r\u00e9sultats de la cam\u00e9ra sont d&rsquo;une qualit\u00e9 fantastique et d&rsquo;une bonne r\u00e9solution.<br \/>\nAvec la cam\u00e9ra endoscopique, vous voyez jusque dans les plus petits d\u00e9tails et dans les coins les plus recul\u00e9s.<br \/>\nGr\u00e2ce \u00e0 l&rsquo;\u00e9clairage \u00e0 LED, 6 LED int\u00e9gr\u00e9s plus clairs devant sur la t\u00eate de la cam\u00e9ra vous permettent de tout voir pr\u00e9cis\u00e9ment dans toute situation.<br \/>\nLa cam\u00e9ra est\u00a0 \u00e9tanche si bien que m\u00eame les tuyaux d&rsquo;\u00e9coulement ne posent pas probl\u00e8me.<br \/>\nAvec le capteur int\u00e9gr\u00e9 CMOS, il est possible de transmettre les photos ou vid\u00e9o comme photos individuels ou enregistrements vid\u00e9o avec la r\u00e9solution VGA 640 x 480 .<br \/>\nLe taux de r\u00e9p\u00e9tition des images est de 30 FPS.<\/p>\n<p>Pour cela, la cam\u00e9ra est branch\u00e9e par USB au PC ou \u00e0 l&rsquo;ordinateur portable et est utilis\u00e9e avec le CD fourni.<br \/>\nLa cam\u00e9ra fonctionne avec la norme USB 2.0 gr\u00e2ce au c\u00e2ble de 5 m de long , vous pouvez acc\u00e9der \u00e0 presque tous les angles.<br \/>\nLa t\u00eate de la cam\u00e9ra est tr\u00e8s petite avec un diam\u00e8tre de seulement 1 cm. Ainsi, vous pouvez espionner m\u00eame les plus petits espaces.<br \/>\nLes lampes \u00e0 LED peuvent \u00eatre r\u00e9gul\u00e9es avec la touche de fonction en clair-fonc\u00e9.<\/p>\n<p>Avec un outil suppl\u00e9mentaire fourni, comme par exemple un embout de crochet ou un embout magn\u00e9tique fix\u00e9 sur la t\u00eate de la cam\u00e9ra, il est possible de capturer des objets plus petits \u00e0 partir d&rsquo;endroits difficilement accessibles, des tuyaux etc.<\/p>\n<p>\n<strong>Information sur le produit :<\/strong><br \/>\nCam\u00e9ra endoscopique USB \u00e9tanche<br \/>\nT\u00eate de cam\u00e9ra avec 6 lampes \u00e0 LED int\u00e9gr\u00e9es<br \/>\nCam\u00e9ra Longueur du c\u00e2ble 5 m<br \/>\nInterface USB 2.0<br \/>\nAvec un outil suppl\u00e9mentaire pour la t\u00eate de cam\u00e9ra comme :<br \/>\nembout \u00e0 crochet \/ embout magn\u00e9tique \/ embout miroir<br \/>\nNotice d&rsquo;utilisation<br \/>\nFormat vid\u00e9o : AVI<br \/>\nFormat photo : JPEG<br \/>\nLogiciel sur CD<br \/>\nPoids :130 g.<\/p>\n<p>Sur demande, la cam\u00e9ra endoscopique est \u00e9galement disponible dans d&rsquo;autres longueurs comme 7 m ou 10 m.<\/p>\n<p>\u00a0<\/p>\n","protected":false},"excerpt":{"rendered":"<p>Cam\u00e9ra endoscopique peut \u00eatre utile dans de nombreuses occasions. Que ce soit dans le domaine de la surveillance ou uniquement dans la chambre du moteur d&rsquo;un v\u00e9hicule, pour trouver le d\u00e9faut dans un endroit complexe, contr\u00f4ler un tuyau d&rsquo;\u00e9coulement ou inspecter une niche d&rsquo;oiseaux. Il existe d\u00e9sormais une solution pour tous ces probl\u00e8mes : La [&hellip;]<\/p>\n","protected":false},"featured_media":89787,"comment_status":"open","ping_status":"closed","template":"","meta":{"inline_featured_image":false},"product_brand":[],"product_cat":[1710],"product_tag":[1769,1773,1781,1765],"class_list":{"0":"post-37935","1":"product","2":"type-product","3":"status-publish","4":"has-post-thumbnail","6":"product_cat-cameras-dash-cams-fr","7":"product_tag-army-survival-fr","8":"product_tag-chasse-peche","9":"product_tag-police-securite","10":"product_tag-sport-outdoor-fr","12":"first","13":"instock","14":"taxable","15":"shipping-taxable","16":"purchasable","17":"product-type-simple"},"_links":{"self":[{"href":"https:\/\/metal-badge.ch\/fr\/wp-json\/wp\/v2\/product\/37935","targetHints":{"allow":["GET"]}}],"collection":[{"href":"https:\/\/metal-badge.ch\/fr\/wp-json\/wp\/v2\/product"}],"about":[{"href":"https:\/\/metal-badge.ch\/fr\/wp-json\/wp\/v2\/types\/product"}],"replies":[{"embeddable":true,"href":"https:\/\/metal-badge.ch\/fr\/wp-json\/wp\/v2\/comments?post=37935"}],"wp:featuredmedia":[{"embeddable":true,"href":"https:\/\/metal-badge.ch\/fr\/wp-json\/wp\/v2\/media\/89787"}],"wp:attachment":[{"href":"https:\/\/metal-badge.ch\/fr\/wp-json\/wp\/v2\/media?parent=37935"}],"wp:term":[{"taxonomy":"product_brand","embeddable":true,"href":"https:\/\/metal-badge.ch\/fr\/wp-json\/wp\/v2\/product_brand?post=37935"},{"taxonomy":"product_cat","embeddable":true,"href":"https:\/\/metal-badge.ch\/fr\/wp-json\/wp\/v2\/product_cat?post=37935"},{"taxonomy":"product_tag","embeddable":true,"href":"https:\/\/metal-badge.ch\/fr\/wp-json\/wp\/v2\/product_tag?post=37935"}],"curies":[{"name":"wp","href":"https:\/\/api.w.org\/{rel}","templated":true}]}}