{"id":37924,"date":"2016-11-23T11:47:03","date_gmt":"2016-11-23T11:47:03","guid":{"rendered":"https:\/\/shop.metal-badge.ch\/?product=reveil-multifonctions-reveil-a-alarme-avec-spycam-camera-de-surveillance"},"modified":"2016-11-23T12:00:21","modified_gmt":"2016-11-23T12:00:21","slug":"reveil-multifonctions-reveil-a-alarme-avec-spycam-camera-de-surveillance","status":"publish","type":"product","link":"https:\/\/metal-badge.ch\/fr\/product\/37924\/reveil-multifonctions-reveil-a-alarme-avec-spycam-camera-de-surveillance\/","title":{"rendered":"R\u00e9veil multifonctions R\u00e9veil \u00e0 alarme avec SpyCam Cam\u00e9ra de surveillance"},"content":{"rendered":"<p>Vous aimeriez savoir ce qu&rsquo;il se passe chez vous ou au bureau en votre absence ? Positionnez ce r\u00e9veil intelligent et discret \u00e0 l&rsquo;endroit correspondant et laissez-vous surprendre parce qu&rsquo;il enregistre.\u00a0Ce <strong>r\u00e9veil intelligent multi-fonctions<\/strong> est \u00e9quip\u00e9 d&rsquo;une <strong>cam\u00e9ra d&rsquo;espionnage<\/strong> et sert \u00e0 surveiller parfaitement la pi\u00e8ce avec image et son. Ses possibilit\u00e9s d&rsquo;utilisation sont presque illimit\u00e9es. La minicam\u00e9ra dispose d&rsquo;un objectif de 2 m\u00e9gapixels. 30 images par secondes garantissent des s\u00e9quences film\u00e9es fluides en qualit\u00e9 Hd , de plus l&rsquo;objectif \u00e0 auto-focus dans un angle de 72\u00b0 filme des images d&rsquo;une grande nettet\u00e9. La cam\u00e9ra est activ\u00e9e par la t\u00e9l\u00e9commande \u00e0 infrarouge fournie ou peut \u00eatre d\u00e9clench\u00e9e en d\u00e9cal\u00e9 en appuyant sur un bouton dans le mode de d\u00e9tection de mouvement. Elle se lance automatiquement au plus petit mouvement et s&rsquo;arr\u00eate \u00e0 nouveau d\u00e8s que le capteur int\u00e9gr\u00e9 ne d\u00e9tecte plus de mouvement.<\/p>\n<p>S\u00e9lectionnez le mode d\u00e9sir\u00e9 : en plus de l&rsquo;enregistrement vid\u00e9o, l&rsquo;enregistrement seul des images ou du son est \u00e9galement possible. Pour enregistrer les donn\u00e9es, une <strong>carte m\u00e9moire MicroSD TransFlash<\/strong> (max. 32 Go) est n\u00e9cessaire. Elle se place sur le c\u00f4t\u00e9 sous un cache mobile. L&rsquo;interrupteur On\/Off et un mini port USB sont \u00e9galement pr\u00e9sents et peuvent \u00eatre cach\u00e9s facilement par un m\u00e9canisme coulissant. En plus de ces super propri\u00e9t\u00e9s, le r\u00e9veil affiche bien \u00e9videmment l&rsquo;heure et la date et est \u00e9quip\u00e9 d&rsquo;un \u00e9clairage d&rsquo;\u00e9cran bleu. Le radio SpyCam est charg\u00e9 par c\u00e2ble USB sur le PC ou sur la prise. La t\u00e9l\u00e9commande marche avec 1 x pile bouton 3V CR2025 (fournie).<\/p>\n<p>\n<strong>Description du produit : <\/strong><br \/>\nCouleur : argent \/ noir<br \/>\nenregistrement vid\u00e9o possible jusqu&rsquo;\u00e0 12 h<br \/>\nenregistrement du son possible jusqu&rsquo;\u00e0 25 h<br \/>\nR\u00e9solution : VGA 1280x 960<br \/>\nVous pouvez utiliser le r\u00e9veil digital multifonctions en mode 12 h ou 24 h.<br \/>\nFormat vid\u00e9o : AVI<br \/>\n30 images par seconde<br \/>\nAngle de vue : 72 degr\u00e9s<br \/>\nPort\u00e9e T\u00e9l\u00e9commande : 15m.<br \/>\nUSB\u00a0:\u00a01.1\/2.0<br \/>\ncompatible avec : Windows 2000\/XP\/Vista<br \/>\nTemps de charge : env. 4 h<br \/>\nDimensions : Largeur 11 cm \/ hauteur 6 cm<br \/>\nPoids\u00a0: 110 g<br \/>\nMat\u00e9riau : Plastique ABS<\/p>\n","protected":false},"excerpt":{"rendered":"<p>Vous aimeriez savoir ce qu&rsquo;il se passe chez vous ou au bureau en votre absence ? Positionnez ce r\u00e9veil intelligent et discret \u00e0 l&rsquo;endroit correspondant et laissez-vous surprendre parce qu&rsquo;il enregistre.\u00a0Ce r\u00e9veil intelligent multi-fonctions est \u00e9quip\u00e9 d&rsquo;une cam\u00e9ra d&rsquo;espionnage et sert \u00e0 surveiller parfaitement la pi\u00e8ce avec image et son. Ses possibilit\u00e9s d&rsquo;utilisation sont presque [&hellip;]<\/p>\n","protected":false},"featured_media":55855,"comment_status":"open","ping_status":"closed","template":"","meta":{"inline_featured_image":false},"product_brand":[],"product_cat":[1730,1710,2299,967],"product_tag":[1769,1777,1800,1773,1781,1765],"class_list":{"0":"post-37924","1":"product","2":"type-product","3":"status-publish","4":"has-post-thumbnail","6":"product_cat-systemes-de-surveillance-dalarme","7":"product_cat-cameras-dash-cams-fr","8":"product_cat-casio-fr","9":"product_cat-montres","10":"product_tag-army-survival-fr","11":"product_tag-camping-voyage","12":"product_tag-casio-fr","13":"product_tag-chasse-peche","14":"product_tag-police-securite","15":"product_tag-sport-outdoor-fr","17":"first","18":"outofstock","19":"taxable","20":"shipping-taxable","21":"purchasable","22":"product-type-simple"},"_links":{"self":[{"href":"https:\/\/metal-badge.ch\/fr\/wp-json\/wp\/v2\/product\/37924","targetHints":{"allow":["GET"]}}],"collection":[{"href":"https:\/\/metal-badge.ch\/fr\/wp-json\/wp\/v2\/product"}],"about":[{"href":"https:\/\/metal-badge.ch\/fr\/wp-json\/wp\/v2\/types\/product"}],"replies":[{"embeddable":true,"href":"https:\/\/metal-badge.ch\/fr\/wp-json\/wp\/v2\/comments?post=37924"}],"wp:featuredmedia":[{"embeddable":true,"href":"https:\/\/metal-badge.ch\/fr\/wp-json\/wp\/v2\/media\/55855"}],"wp:attachment":[{"href":"https:\/\/metal-badge.ch\/fr\/wp-json\/wp\/v2\/media?parent=37924"}],"wp:term":[{"taxonomy":"product_brand","embeddable":true,"href":"https:\/\/metal-badge.ch\/fr\/wp-json\/wp\/v2\/product_brand?post=37924"},{"taxonomy":"product_cat","embeddable":true,"href":"https:\/\/metal-badge.ch\/fr\/wp-json\/wp\/v2\/product_cat?post=37924"},{"taxonomy":"product_tag","embeddable":true,"href":"https:\/\/metal-badge.ch\/fr\/wp-json\/wp\/v2\/product_tag?post=37924"}],"curies":[{"name":"wp","href":"https:\/\/api.w.org\/{rel}","templated":true}]}}