{"id":37914,"date":"2016-11-23T11:13:29","date_gmt":"2016-11-23T11:13:29","guid":{"rendered":"https:\/\/shop.metal-badge.ch\/?product=reveil-digital-wifi-reflechissant-avec-camera-de-surveillance-hd-720p-iosandroid"},"modified":"2024-09-23T15:06:16","modified_gmt":"2024-09-23T13:06:16","slug":"reveil-digital-wifi-reflechissant-avec-camera-de-surveillance-hd-1080p-ios-android","status":"publish","type":"product","link":"https:\/\/metal-badge.ch\/fr\/product\/37914\/reveil-digital-wifi-reflechissant-avec-camera-de-surveillance-hd-1080p-ios-android\/","title":{"rendered":"R\u00e9veil digital WiFi r\u00e9fl\u00e9chissant avec cam\u00e9ra de surveillance HD 1080p (iOS\/Android)"},"content":{"rendered":"<p>Le <strong>r\u00e9veil<\/strong> num\u00e9rique avec <strong>cam\u00e9ra WiFi<\/strong> n&rsquo;est pas seulement un simple r\u00e9veil digital, il peut \u00eatre \u00e9galement command\u00e9 avec une application sur smartphone. T\u00e9l\u00e9charge l&rsquo;application gratuite \u00ab\u00a0Camwf\u00a0\u00bb dans l&rsquo;AppStore (iOS) ou Google PlayStore (Android). Le r\u00e9veil num\u00e9rique WiFi semble simple et compact au premier regard, mais par la face r\u00e9fl\u00e9chissante, le r\u00e9veil num\u00e9rique ressemble \u00e0 un r\u00e9veil normal. Cependant, les impressions peuvent tromper, en effet, le r\u00e9veil num\u00e9rique WiFi int\u00e8gre une cam\u00e9ra de surveillance HD (r\u00e9solution 1080p). Par la prise en charge sur application, le r\u00e9veil peut \u00eatre command\u00e9 \u00e0 distance et transf\u00e8re \u00e9galement des photos en live sur ton smartphone ou ta tablette. La SpyCam, camoufl\u00e9e en tant que r\u00e9veil invisible dans un look miroir stylis\u00e9, est \u00e9galement parfaite pour prendre des photos ou des vid\u00e9os de mani\u00e8re discr\u00e8te. De plus, tu as la possibilit\u00e9 d&rsquo;\u00e9largir le r\u00e9veil avec une carte m\u00e9moire MicroSD (TransFlash) (jusqu&rsquo;\u00e0 32 Go) et tu peux ainsi regarder des enregistrements m\u00eame sans Internet, par ex. en d\u00e9placement.<\/p>\n<p>V\u00e9rifie par smartphone ce qu&rsquo;il se passe au m\u00eame moment chez toi et qui entre et sort. La cam\u00e9ra avec connexion WiFi poss\u00e8de 2 modes d&rsquo;enregistrement. Ainsi, il est possible de r\u00e9gler l&rsquo;enregistrement activ\u00e9 par mouvements ou un enregistrement continu.&nbsp;Par le mode int\u00e9gr\u00e9 de vision nocturne, tu as toujours tout sous contr\u00f4le, m\u00eame dans le noir. Gr\u00e2ce \u00e0 l&rsquo;enregistrement audio, tu peux entendre ce que les autres disent en ton absence.&nbsp;<\/p>\n<p><strong>Information sur le produit :<\/strong><br \/>\nCouleur : noir<br \/>\nMat\u00e9riau : plastique<br \/>\nDimensions : Largeur 9.5 cm \/ hauteur 3.5 cm \/ profondeur avec clip 4.5 cm<br \/>\nPoids&nbsp;:&nbsp; 120 g.<br \/>\nMode vision de nuit int\u00e9gr\u00e9 (nightvision)<br \/>\nLarge angle de vue de la cam\u00e9ra<br \/>\nFormat vid\u00e9o : AVI<br \/>\nCam\u00e9ra avec r\u00e9solution HD 1080p, 30 fps<br \/>\nAcc\u00e8s \u00e0 distance par application pour iOS et Android<br \/>\n\u00c9largissable jusqu&rsquo;\u00e0 32 Go par une carte m\u00e9moire Micro SD<br \/>\n2 modes d&rsquo;enregistrement : Enregistrement activ\u00e9 par mouvement \/ enregistrement continu<br \/>\n1 c\u00e2ble USB<br \/>\n1 pilote CD<br \/>\n1 notice d&rsquo;utilisation<\/p>\n","protected":false},"excerpt":{"rendered":"<p>Le r\u00e9veil num\u00e9rique avec cam\u00e9ra WiFi n&rsquo;est pas seulement un simple r\u00e9veil digital, il peut \u00eatre \u00e9galement command\u00e9 avec une application sur smartphone. T\u00e9l\u00e9charge l&rsquo;application gratuite \u00ab\u00a0Camwf\u00a0\u00bb dans l&rsquo;AppStore (iOS) ou Google PlayStore (Android). Le r\u00e9veil num\u00e9rique WiFi semble simple et compact au premier regard, mais par la face r\u00e9fl\u00e9chissante, le r\u00e9veil num\u00e9rique ressemble \u00e0 [&hellip;]<\/p>\n","protected":false},"featured_media":89789,"comment_status":"open","ping_status":"closed","template":"","meta":{"inline_featured_image":false},"product_brand":[],"product_cat":[1730,1710,2299,967],"product_tag":[1769,1777,1800,1773,1781,1765],"class_list":{"0":"post-37914","1":"product","2":"type-product","3":"status-publish","4":"has-post-thumbnail","6":"product_cat-systemes-de-surveillance-dalarme","7":"product_cat-cameras-dash-cams-fr","8":"product_cat-casio-fr","9":"product_cat-montres","10":"product_tag-army-survival-fr","11":"product_tag-camping-voyage","12":"product_tag-casio-fr","13":"product_tag-chasse-peche","14":"product_tag-police-securite","15":"product_tag-sport-outdoor-fr","17":"first","18":"instock","19":"taxable","20":"shipping-taxable","21":"purchasable","22":"product-type-simple"},"_links":{"self":[{"href":"https:\/\/metal-badge.ch\/fr\/wp-json\/wp\/v2\/product\/37914","targetHints":{"allow":["GET"]}}],"collection":[{"href":"https:\/\/metal-badge.ch\/fr\/wp-json\/wp\/v2\/product"}],"about":[{"href":"https:\/\/metal-badge.ch\/fr\/wp-json\/wp\/v2\/types\/product"}],"replies":[{"embeddable":true,"href":"https:\/\/metal-badge.ch\/fr\/wp-json\/wp\/v2\/comments?post=37914"}],"wp:featuredmedia":[{"embeddable":true,"href":"https:\/\/metal-badge.ch\/fr\/wp-json\/wp\/v2\/media\/89789"}],"wp:attachment":[{"href":"https:\/\/metal-badge.ch\/fr\/wp-json\/wp\/v2\/media?parent=37914"}],"wp:term":[{"taxonomy":"product_brand","embeddable":true,"href":"https:\/\/metal-badge.ch\/fr\/wp-json\/wp\/v2\/product_brand?post=37914"},{"taxonomy":"product_cat","embeddable":true,"href":"https:\/\/metal-badge.ch\/fr\/wp-json\/wp\/v2\/product_cat?post=37914"},{"taxonomy":"product_tag","embeddable":true,"href":"https:\/\/metal-badge.ch\/fr\/wp-json\/wp\/v2\/product_tag?post=37914"}],"curies":[{"name":"wp","href":"https:\/\/api.w.org\/{rel}","templated":true}]}}