{"id":37903,"date":"2016-11-23T10:30:56","date_gmt":"2016-11-23T10:30:56","guid":{"rendered":"https:\/\/shop.metal-badge.ch\/?product=combat-application-tourniquet-noir"},"modified":"2025-10-22T04:44:32","modified_gmt":"2025-10-22T02:44:32","slug":"combat-application-tourniquet-noir","status":"publish","type":"product","link":"https:\/\/metal-badge.ch\/fr\/product\/37903\/combat-application-tourniquet-noir\/","title":{"rendered":"Combat Application Tourniquet noir"},"content":{"rendered":"<p>Le CAT Combat Application Tourniquet est un syst\u00e8me de ligature compact pour arr\u00eater temporairement les saignements aux extr\u00e9mit\u00e9s. Le r\u00e9glage individuel de la taille permet de placer le tourniquet sur toutes les extr\u00e9mit\u00e9s. De plus, le tourniquet poss\u00e8de un <strong>syst\u00e8me d&rsquo;enroulage \u00e0 une main<\/strong> qui, en utilisant une bande int\u00e9rieure mobile librement, arr\u00eate l&rsquo;afflux de sang art\u00e9riel sur une extr\u00e9mit\u00e9. D\u00e8s que le saignement est arr\u00eat\u00e9, la tige est fix\u00e9e par une bande autogrippante avec une seule manipulation. Ainsi, le transport s\u00fbr du patient est garanti. Ce petit outil invisible, qui p\u00e8se \u00e0 peine 70 g, a sauv\u00e9 des milliers de vie ces derni\u00e8res ann\u00e9es. Aujourd&rsquo;hui, il fait partie de l\u00b4\u00e9quipement standard des services de secours, de la police, de l&rsquo;arm\u00e9e, des pompiers.<\/p>\n<p>\n<strong>Information sur le produit :<\/strong><br \/>\nAvec bandes autogrippantes de s\u00e9curit\u00e9 (bande TIME pour l&rsquo;inscription)<br \/>\nNotice d&rsquo;application<br \/>\nUtilisation \u00e0 une main possible<br \/>\n\u00c9vite la perte de sang pour les victimes bloqu\u00e9es d&rsquo;accident<br \/>\nPoids\u00a0: 70 g.<br \/>\nCouleur : Noir<br \/>\nDimensions : Ferm\u00e9 : 17 cm de longueur \/ largeur 4 cm<br \/>\nTige\/ b\u00e2illon : 14.5 cm.<br \/>\nVolume : 30 cm au total<\/p>\n","protected":false},"excerpt":{"rendered":"<p>Le CAT Combat Application Tourniquet est un syst\u00e8me de ligature compact pour arr\u00eater temporairement les saignements aux extr\u00e9mit\u00e9s. Le r\u00e9glage individuel de la taille permet de placer le tourniquet sur toutes les extr\u00e9mit\u00e9s. De plus, le tourniquet poss\u00e8de un syst\u00e8me d&rsquo;enroulage \u00e0 une main qui, en utilisant une bande int\u00e9rieure mobile librement, arr\u00eate l&rsquo;afflux de [&hellip;]<\/p>\n","protected":false},"featured_media":89791,"comment_status":"open","ping_status":"closed","template":"","meta":{"inline_featured_image":false},"product_brand":[],"product_cat":[887,1946],"product_tag":[1785],"class_list":{"0":"post-37903","1":"product","2":"type-product","3":"status-publish","4":"has-post-thumbnail","6":"product_cat-accessoires","7":"product_cat-organisations-lumiere-bleue-securite","8":"product_tag-premiers-secours-sauvetage","10":"first","11":"instock","12":"taxable","13":"shipping-taxable","14":"purchasable","15":"product-type-simple"},"_links":{"self":[{"href":"https:\/\/metal-badge.ch\/fr\/wp-json\/wp\/v2\/product\/37903","targetHints":{"allow":["GET"]}}],"collection":[{"href":"https:\/\/metal-badge.ch\/fr\/wp-json\/wp\/v2\/product"}],"about":[{"href":"https:\/\/metal-badge.ch\/fr\/wp-json\/wp\/v2\/types\/product"}],"replies":[{"embeddable":true,"href":"https:\/\/metal-badge.ch\/fr\/wp-json\/wp\/v2\/comments?post=37903"}],"wp:featuredmedia":[{"embeddable":true,"href":"https:\/\/metal-badge.ch\/fr\/wp-json\/wp\/v2\/media\/89791"}],"wp:attachment":[{"href":"https:\/\/metal-badge.ch\/fr\/wp-json\/wp\/v2\/media?parent=37903"}],"wp:term":[{"taxonomy":"product_brand","embeddable":true,"href":"https:\/\/metal-badge.ch\/fr\/wp-json\/wp\/v2\/product_brand?post=37903"},{"taxonomy":"product_cat","embeddable":true,"href":"https:\/\/metal-badge.ch\/fr\/wp-json\/wp\/v2\/product_cat?post=37903"},{"taxonomy":"product_tag","embeddable":true,"href":"https:\/\/metal-badge.ch\/fr\/wp-json\/wp\/v2\/product_tag?post=37903"}],"curies":[{"name":"wp","href":"https:\/\/api.w.org\/{rel}","templated":true}]}}