{"id":37887,"date":"2016-11-23T09:38:19","date_gmt":"2016-11-23T09:38:19","guid":{"rendered":"https:\/\/shop.metal-badge.ch\/?product=protection-auditive-tactique-ge26011-noir"},"modified":"2016-11-24T12:48:47","modified_gmt":"2016-11-24T12:48:47","slug":"protection-auditive-tactique-ge26011-noir","status":"publish","type":"product","link":"https:\/\/metal-badge.ch\/fr\/product\/37887\/protection-auditive-tactique-ge26011-noir\/","title":{"rendered":"Protection auditive tactique GE26011 noir"},"content":{"rendered":"<p>Confort, protection et fonction en un produit. Une protection auditive avec un arceau fin, pliant qui est situ\u00e9 pr\u00e8s du corps et peut \u00eatre combin\u00e9 avec un casque. Les fils de l&rsquo;arceau \u00e0 ressort en acier inoxydable garantissent une r\u00e9partition r\u00e9guli\u00e8re de la pression autour des oreilles. Suspension basse \u00e0 deux points et r\u00e9glage simple en hauteur sans pi\u00e8ce en saillie. Les bagues souples, larges permettent une \u00e9tanch\u00e9it\u00e9 efficace, une pression faible et un confort individuel de port. Embout hygi\u00e9nique facilement rempla\u00e7able. Les capuchons avec une partie int\u00e9rieure lisse peuvent \u00eatre nettoy\u00e9s facilement.\u00a0<\/p>\n<p>Le GE26011 est id\u00e9ale pour les chasseurs, les tireurs sportifs et au quotidien pour la police, l&rsquo;arm\u00e9e. Avec un poids faible d&rsquo;un peu plus de 195 g, elle est dans la m\u00eame cat\u00e9gorie de poids que les autres mod\u00e8les actuels des concurrents.<\/p>\n<p>\n<strong>Information sur le produit : <\/strong><br \/>\nTop rapport qualit\u00e9-prix<br \/>\nPoids\u00a0: 195 g.<br \/>\nCouleur : noir<\/p>\n","protected":false},"excerpt":{"rendered":"<p>Confort, protection et fonction en un produit. Une protection auditive avec un arceau fin, pliant qui est situ\u00e9 pr\u00e8s du corps et peut \u00eatre combin\u00e9 avec un casque. Les fils de l&rsquo;arceau \u00e0 ressort en acier inoxydable garantissent une r\u00e9partition r\u00e9guli\u00e8re de la pression autour des oreilles. Suspension basse \u00e0 deux points et r\u00e9glage simple [&hellip;]<\/p>\n","protected":false},"featured_media":89793,"comment_status":"open","ping_status":"closed","template":"","meta":{"inline_featured_image":false},"product_brand":[],"product_cat":[1347,1702],"product_tag":[1769,1773,1781,1765],"class_list":{"0":"post-37887","1":"product","2":"type-product","3":"status-publish","4":"has-post-thumbnail","6":"product_cat-accessoires-militaires-de-chasse","7":"product_cat-protection-auditive-bouchons-doreille","8":"product_tag-army-survival-fr","9":"product_tag-chasse-peche","10":"product_tag-police-securite","11":"product_tag-sport-outdoor-fr","13":"first","14":"instock","15":"taxable","16":"shipping-taxable","17":"purchasable","18":"product-type-simple"},"_links":{"self":[{"href":"https:\/\/metal-badge.ch\/fr\/wp-json\/wp\/v2\/product\/37887","targetHints":{"allow":["GET"]}}],"collection":[{"href":"https:\/\/metal-badge.ch\/fr\/wp-json\/wp\/v2\/product"}],"about":[{"href":"https:\/\/metal-badge.ch\/fr\/wp-json\/wp\/v2\/types\/product"}],"replies":[{"embeddable":true,"href":"https:\/\/metal-badge.ch\/fr\/wp-json\/wp\/v2\/comments?post=37887"}],"wp:featuredmedia":[{"embeddable":true,"href":"https:\/\/metal-badge.ch\/fr\/wp-json\/wp\/v2\/media\/89793"}],"wp:attachment":[{"href":"https:\/\/metal-badge.ch\/fr\/wp-json\/wp\/v2\/media?parent=37887"}],"wp:term":[{"taxonomy":"product_brand","embeddable":true,"href":"https:\/\/metal-badge.ch\/fr\/wp-json\/wp\/v2\/product_brand?post=37887"},{"taxonomy":"product_cat","embeddable":true,"href":"https:\/\/metal-badge.ch\/fr\/wp-json\/wp\/v2\/product_cat?post=37887"},{"taxonomy":"product_tag","embeddable":true,"href":"https:\/\/metal-badge.ch\/fr\/wp-json\/wp\/v2\/product_tag?post=37887"}],"curies":[{"name":"wp","href":"https:\/\/api.w.org\/{rel}","templated":true}]}}