{"id":37880,"date":"2016-11-23T09:22:11","date_gmt":"2016-11-23T09:22:11","guid":{"rendered":"https:\/\/shop.metal-badge.ch\/?product=microfibre-technology-survival-serviette-de-sport-140-x-70-cm"},"modified":"2018-02-21T17:36:38","modified_gmt":"2018-02-21T17:36:38","slug":"microfibre-technology-survival-serviette-de-sport-140-x-70-cm","status":"publish","type":"product","link":"https:\/\/metal-badge.ch\/fr\/product\/37880\/microfibre-technology-survival-serviette-de-sport-140-x-70-cm\/","title":{"rendered":"Microfibre Technology Survival Serviette de sport, 140 x 70 cm"},"content":{"rendered":"<p>Cette serviette est la compagne id\u00e9ale pour le sport et les voyages. Elle est douce et absorbante, elle s\u00e8che rapidement et prend \u00e9tonnamment peu de place. En d\u00e9placement, on peut la ranger de mani\u00e8re compacte dans son sac. Apr\u00e8s utilisation, elle s\u00e8che rapidement. Dans le sac de transport pratique, vous rangez les serviettes de mani\u00e8re si compacte qu&rsquo;elles ont besoin de tr\u00e8s peu de place.<\/p>\n<p>\u00a0<\/p>\n<p><strong>Description du produit : <\/strong><br \/>\nPoids l\u00e9ger et compact<br \/>\nS\u00e8che rapidement<br \/>\nColoris : gris<br \/>\nMat\u00e9riau :\u00a0 87% Polyester, 13%\u00a0 Polyamide<br \/>\nDimensions : 140 cm x 70 cm<br \/>\nPoids avec \u00e9tui : 310 g.<br \/>\nDimensions rang\u00e9e : Hauteur 16 cm<br \/>\nDiam\u00e8tre dans l&rsquo;\u00e9tui : 10 cm.<br \/>\nLa serviette peut \u00eatre \u00e9galement press\u00e9e de mani\u00e8re encore plus compacte dans le sac de sport.<br \/>\nLavage en machine : recommand\u00e9 jusqu&rsquo;\u00e0 40\u00b0c<br \/>\nAvec sac de sport<\/p>\n<p>\u00c0 partir de 10 pc, nous proposons \u00e9galement d&rsquo;autres couleurs dans d&rsquo;autres dimensions. Contactez-nous.<\/p>\n<p>\u00a0<\/p>\n","protected":false},"excerpt":{"rendered":"<p>Cette serviette est la compagne id\u00e9ale pour le sport et les voyages. Elle est douce et absorbante, elle s\u00e8che rapidement et prend \u00e9tonnamment peu de place. En d\u00e9placement, on peut la ranger de mani\u00e8re compacte dans son sac. Apr\u00e8s utilisation, elle s\u00e8che rapidement. Dans le sac de transport pratique, vous rangez les serviettes de mani\u00e8re [&hellip;]<\/p>\n","protected":false},"featured_media":89795,"comment_status":"open","ping_status":"closed","template":"","meta":{"inline_featured_image":false},"product_brand":[],"product_cat":[1435],"product_tag":[1777,1773],"class_list":{"0":"post-37880","1":"product","2":"type-product","3":"status-publish","4":"has-post-thumbnail","6":"product_cat-camping-voyage","7":"product_tag-camping-voyage","8":"product_tag-chasse-peche","10":"first","11":"instock","12":"taxable","13":"shipping-taxable","14":"purchasable","15":"product-type-simple"},"_links":{"self":[{"href":"https:\/\/metal-badge.ch\/fr\/wp-json\/wp\/v2\/product\/37880","targetHints":{"allow":["GET"]}}],"collection":[{"href":"https:\/\/metal-badge.ch\/fr\/wp-json\/wp\/v2\/product"}],"about":[{"href":"https:\/\/metal-badge.ch\/fr\/wp-json\/wp\/v2\/types\/product"}],"replies":[{"embeddable":true,"href":"https:\/\/metal-badge.ch\/fr\/wp-json\/wp\/v2\/comments?post=37880"}],"wp:featuredmedia":[{"embeddable":true,"href":"https:\/\/metal-badge.ch\/fr\/wp-json\/wp\/v2\/media\/89795"}],"wp:attachment":[{"href":"https:\/\/metal-badge.ch\/fr\/wp-json\/wp\/v2\/media?parent=37880"}],"wp:term":[{"taxonomy":"product_brand","embeddable":true,"href":"https:\/\/metal-badge.ch\/fr\/wp-json\/wp\/v2\/product_brand?post=37880"},{"taxonomy":"product_cat","embeddable":true,"href":"https:\/\/metal-badge.ch\/fr\/wp-json\/wp\/v2\/product_cat?post=37880"},{"taxonomy":"product_tag","embeddable":true,"href":"https:\/\/metal-badge.ch\/fr\/wp-json\/wp\/v2\/product_tag?post=37880"}],"curies":[{"name":"wp","href":"https:\/\/api.w.org\/{rel}","templated":true}]}}