{"id":37863,"date":"2016-11-22T16:39:51","date_gmt":"2016-11-22T16:39:51","guid":{"rendered":"https:\/\/shop.metal-badge.ch\/?product=nylon-etui-en-cordura-pour-menottes"},"modified":"2020-08-02T02:21:09","modified_gmt":"2020-08-02T02:21:09","slug":"nylon-etui-en-cordura-pour-menottes","status":"publish","type":"product","link":"https:\/\/metal-badge.ch\/fr\/product\/37863\/nylon-etui-en-cordura-pour-menottes\/","title":{"rendered":"Nylon, \u00e9tui en Cordura pour menottes"},"content":{"rendered":"<p>Cet \u00e9tui en nylon Cordura noir est absolument solide, ind\u00e9chirable et r\u00e9sistant aux intemp\u00e9ries. Id\u00e9al pour les menottes, les GPS, les jumelles etc. La fermeture du sac est fait d&rsquo;une large bande autogrippante. La fixation pour le passant de ceinture est \u00e9galement \u00e9quip\u00e9 d&rsquo;une bande autogrippante solide. Hauteur du passant de ceinture 6 cm<\/p>\n<p>\n<strong>Description du produit :<\/strong><br \/>\nPoids :\u00a0 69 g<br \/>\nCouleur : noir<br \/>\nMat\u00e9riau :\u00a0 Nylon Cordura<br \/>\nDimensions : Largeur 9.5 cm \/ hauteur 14 cm \/ profondeur avec clip 4.0 cm<br \/>\n\u00a0<\/p>\n<p>\u00c0 partir de 10 c, nous fabriquons \u00e9galement d&rsquo;autres tailles. Contactez-nous.<\/p>\n","protected":false},"excerpt":{"rendered":"<p>Cet \u00e9tui en nylon Cordura noir est absolument solide, ind\u00e9chirable et r\u00e9sistant aux intemp\u00e9ries. Id\u00e9al pour les menottes, les GPS, les jumelles etc. La fermeture du sac est fait d&rsquo;une large bande autogrippante. La fixation pour le passant de ceinture est \u00e9galement \u00e9quip\u00e9 d&rsquo;une bande autogrippante solide. Hauteur du passant de ceinture 6 cm Description [&hellip;]<\/p>\n","protected":false},"featured_media":89799,"comment_status":"open","ping_status":"closed","template":"","meta":{"inline_featured_image":false},"product_brand":[],"product_cat":[887,1463,1059,1650,2291],"product_tag":[1773,1781,1765],"class_list":{"0":"post-37863","1":"product","2":"type-product","3":"status-publish","4":"has-post-thumbnail","6":"product_cat-accessoires","7":"product_cat-menottes-bracelets-de-cheville-zak-tool","8":"product_cat-sacs","9":"product_cat-sacs-dintervention","10":"product_cat-sacs-modulaires","11":"product_tag-chasse-peche","12":"product_tag-police-securite","13":"product_tag-sport-outdoor-fr","15":"first","16":"instock","17":"taxable","18":"shipping-taxable","19":"purchasable","20":"product-type-simple"},"_links":{"self":[{"href":"https:\/\/metal-badge.ch\/fr\/wp-json\/wp\/v2\/product\/37863","targetHints":{"allow":["GET"]}}],"collection":[{"href":"https:\/\/metal-badge.ch\/fr\/wp-json\/wp\/v2\/product"}],"about":[{"href":"https:\/\/metal-badge.ch\/fr\/wp-json\/wp\/v2\/types\/product"}],"replies":[{"embeddable":true,"href":"https:\/\/metal-badge.ch\/fr\/wp-json\/wp\/v2\/comments?post=37863"}],"wp:featuredmedia":[{"embeddable":true,"href":"https:\/\/metal-badge.ch\/fr\/wp-json\/wp\/v2\/media\/89799"}],"wp:attachment":[{"href":"https:\/\/metal-badge.ch\/fr\/wp-json\/wp\/v2\/media?parent=37863"}],"wp:term":[{"taxonomy":"product_brand","embeddable":true,"href":"https:\/\/metal-badge.ch\/fr\/wp-json\/wp\/v2\/product_brand?post=37863"},{"taxonomy":"product_cat","embeddable":true,"href":"https:\/\/metal-badge.ch\/fr\/wp-json\/wp\/v2\/product_cat?post=37863"},{"taxonomy":"product_tag","embeddable":true,"href":"https:\/\/metal-badge.ch\/fr\/wp-json\/wp\/v2\/product_tag?post=37863"}],"curies":[{"name":"wp","href":"https:\/\/api.w.org\/{rel}","templated":true}]}}