{"id":37838,"date":"2016-11-22T15:36:46","date_gmt":"2016-11-22T15:36:46","guid":{"rendered":"https:\/\/shop.metal-badge.ch\/?product=sac-a-radio-en-nylon"},"modified":"2020-08-02T02:20:54","modified_gmt":"2020-08-02T02:20:54","slug":"sac-a-radio-en-nylon","status":"publish","type":"product","link":"https:\/\/metal-badge.ch\/fr\/product\/37838\/sac-a-radio-en-nylon\/","title":{"rendered":"Sac \u00e0 radio en nylon"},"content":{"rendered":"<p>Sac universel\u00a0 \u00e0 radio pour une fixation sur la ceinture. Syst\u00e8me Molle Une double boucle en nylon avec bouton pression et bande autogrippante s\u00e9curise l&rsquo;appareil radio dans le holster. Le mat\u00e9riau de nylon r\u00e9siste aux conditions intemp\u00e9ries et est tr\u00e8s r\u00e9sistant.<\/p>\n<p><strong>Description du produit :<\/strong><br \/>\nCouleur : noir<br \/>\nPoids : 90 g.<br \/>\nMat\u00e9riau : Nylon<br \/>\nDimensions : Hauteur du sac 11 cm<br \/>\nDimensions : Hauteur totale 18 cm<br \/>\nLargeur : 8.5 cm \/ 4.5 cm<br \/>\nSur demande du client et \u00e0 partir de 10 pc., nous fabriquons \u00e9galement les sacs sur mesure.<\/p>\n","protected":false},"excerpt":{"rendered":"<p>Sac universel\u00a0 \u00e0 radio pour une fixation sur la ceinture. Syst\u00e8me Molle Une double boucle en nylon avec bouton pression et bande autogrippante s\u00e9curise l&rsquo;appareil radio dans le holster. Le mat\u00e9riau de nylon r\u00e9siste aux conditions intemp\u00e9ries et est tr\u00e8s r\u00e9sistant. Description du produit : Couleur : noir Poids : 90 g. Mat\u00e9riau : Nylon [&hellip;]<\/p>\n","protected":false},"featured_media":89805,"comment_status":"open","ping_status":"closed","template":"","meta":{"inline_featured_image":false},"product_brand":[],"product_cat":[1467,1059,1650,2291],"product_tag":[1769,1777,1773,1781,1765],"class_list":{"0":"post-37838","1":"product","2":"type-product","3":"status-publish","4":"has-post-thumbnail","6":"product_cat-radios-supports","7":"product_cat-sacs","8":"product_cat-sacs-dintervention","9":"product_cat-sacs-modulaires","10":"product_tag-army-survival-fr","11":"product_tag-camping-voyage","12":"product_tag-chasse-peche","13":"product_tag-police-securite","14":"product_tag-sport-outdoor-fr","16":"first","17":"instock","18":"taxable","19":"shipping-taxable","20":"purchasable","21":"product-type-simple"},"_links":{"self":[{"href":"https:\/\/metal-badge.ch\/fr\/wp-json\/wp\/v2\/product\/37838","targetHints":{"allow":["GET"]}}],"collection":[{"href":"https:\/\/metal-badge.ch\/fr\/wp-json\/wp\/v2\/product"}],"about":[{"href":"https:\/\/metal-badge.ch\/fr\/wp-json\/wp\/v2\/types\/product"}],"replies":[{"embeddable":true,"href":"https:\/\/metal-badge.ch\/fr\/wp-json\/wp\/v2\/comments?post=37838"}],"wp:featuredmedia":[{"embeddable":true,"href":"https:\/\/metal-badge.ch\/fr\/wp-json\/wp\/v2\/media\/89805"}],"wp:attachment":[{"href":"https:\/\/metal-badge.ch\/fr\/wp-json\/wp\/v2\/media?parent=37838"}],"wp:term":[{"taxonomy":"product_brand","embeddable":true,"href":"https:\/\/metal-badge.ch\/fr\/wp-json\/wp\/v2\/product_brand?post=37838"},{"taxonomy":"product_cat","embeddable":true,"href":"https:\/\/metal-badge.ch\/fr\/wp-json\/wp\/v2\/product_cat?post=37838"},{"taxonomy":"product_tag","embeddable":true,"href":"https:\/\/metal-badge.ch\/fr\/wp-json\/wp\/v2\/product_tag?post=37838"}],"curies":[{"name":"wp","href":"https:\/\/api.w.org\/{rel}","templated":true}]}}