{"id":37818,"date":"2016-11-22T14:31:19","date_gmt":"2016-11-22T14:31:19","guid":{"rendered":"https:\/\/shop.metal-badge.ch\/?product=beach-box-strandsafe-boite-etanche"},"modified":"2021-09-27T05:45:10","modified_gmt":"2021-09-27T03:45:10","slug":"beach-box-strandsafe-boite-etanche-rouge","status":"publish","type":"product","link":"https:\/\/metal-badge.ch\/fr\/product\/37818\/beach-box-strandsafe-boite-etanche-rouge\/","title":{"rendered":"Beach Box \/ STRANDSAFE \u2013 Bo\u00eete \u00e9tanche &#8211; rouge"},"content":{"rendered":"<p><span style=\"font-weight: 400;\">Prot\u00e9gez votre argent, vos papiers, vos cl\u00e9s et vos autres objets de valeur avec la bo\u00eete \u00e9tanche. Cette bo\u00eete \u00e0 accrocher est pratique sur la plage et \u00e0 la piscine et est parfaite pour tous les amateurs d\u2019eau<\/span><\/p>\n<p><b>Caract\u00e9ristiques du produit :<\/b><span style=\"font-weight: 400;\"><br \/>\n<\/span><\/p>\n<ul>\n<li><span style=\"font-weight: 400;\">Avec fermeture rapide<\/span><span style=\"font-weight: 400;\"><br \/>\n<\/span><\/li>\n<li><span style=\"font-weight: 400;\">Bo\u00eete en plastique \u00e9tanche<\/span><span style=\"font-weight: 400;\"><br \/>\n<\/span><\/li>\n<li><span style=\"font-weight: 400;\">avec cordon de suspension<\/span><span style=\"font-weight: 400;\"><br \/>\n<\/span><\/li>\n<li><span style=\"font-weight: 400;\">Mat\u00e9riau : plastique<\/span><span style=\"font-weight: 400;\"><br \/>\n<\/span><\/li>\n<li><span style=\"font-weight: 400;\">Coloris : rouge<\/span><\/li>\n<li><span style=\"font-weight: 400;\">Taille : Largeur 7.0 cm \/ hauteur 11.0 cm \/ 3.0 cm<\/span><\/li>\n<\/ul>\n<p>&nbsp;<\/p>\n","protected":false},"excerpt":{"rendered":"<p><span style=\"font-weight: 400;\">Prot\u00e9gez votre argent, vos papiers, vos cl\u00e9s et vos autres objets de valeur avec la bo\u00eete \u00e9tanche. Cette bo\u00eete \u00e0 accrocher est pratique sur la plage et \u00e0 la piscine et est parfaite pour tous les amateurs d\u2019eau<\/span><\/p>\n","protected":false},"featured_media":89809,"comment_status":"open","ping_status":"closed","template":"","meta":{"inline_featured_image":false},"product_brand":[],"product_cat":[1435],"product_tag":[1777,1773],"class_list":{"0":"post-37818","1":"product","2":"type-product","3":"status-publish","4":"has-post-thumbnail","6":"product_cat-camping-voyage","7":"product_tag-camping-voyage","8":"product_tag-chasse-peche","10":"first","11":"instock","12":"taxable","13":"shipping-taxable","14":"purchasable","15":"product-type-simple"},"_links":{"self":[{"href":"https:\/\/metal-badge.ch\/fr\/wp-json\/wp\/v2\/product\/37818","targetHints":{"allow":["GET"]}}],"collection":[{"href":"https:\/\/metal-badge.ch\/fr\/wp-json\/wp\/v2\/product"}],"about":[{"href":"https:\/\/metal-badge.ch\/fr\/wp-json\/wp\/v2\/types\/product"}],"replies":[{"embeddable":true,"href":"https:\/\/metal-badge.ch\/fr\/wp-json\/wp\/v2\/comments?post=37818"}],"wp:featuredmedia":[{"embeddable":true,"href":"https:\/\/metal-badge.ch\/fr\/wp-json\/wp\/v2\/media\/89809"}],"wp:attachment":[{"href":"https:\/\/metal-badge.ch\/fr\/wp-json\/wp\/v2\/media?parent=37818"}],"wp:term":[{"taxonomy":"product_brand","embeddable":true,"href":"https:\/\/metal-badge.ch\/fr\/wp-json\/wp\/v2\/product_brand?post=37818"},{"taxonomy":"product_cat","embeddable":true,"href":"https:\/\/metal-badge.ch\/fr\/wp-json\/wp\/v2\/product_cat?post=37818"},{"taxonomy":"product_tag","embeddable":true,"href":"https:\/\/metal-badge.ch\/fr\/wp-json\/wp\/v2\/product_tag?post=37818"}],"curies":[{"name":"wp","href":"https:\/\/api.w.org\/{rel}","templated":true}]}}