{"id":37810,"date":"2016-11-22T13:57:32","date_gmt":"2016-11-22T13:57:32","guid":{"rendered":"https:\/\/shop.metal-badge.ch\/?product=appareil-denregistrement-numerique-dictaphone-voice-recorder-8go"},"modified":"2020-08-02T02:20:40","modified_gmt":"2020-08-02T02:20:40","slug":"appareil-denregistrement-numerique-dictaphone-voice-recorder-8go","status":"publish","type":"product","link":"https:\/\/metal-badge.ch\/fr\/product\/37810\/appareil-denregistrement-numerique-dictaphone-voice-recorder-8go\/","title":{"rendered":"Appareil d&rsquo;enregistrement num\u00e9rique, dictaphone Voice Recorder 8Go"},"content":{"rendered":"<p>Dictaphone multifonctions 8Go num\u00e9rique, Audio Voice Recorder avec batterie au lithium int\u00e9gr\u00e9e et rechargeable. Le dictaphone est tr\u00e8s petit et tient dans toutes les poches.<\/p>\n<p>Dictaphone Flash Drive LCD Voice Recorder avec st\u00e9r\u00e9o Mic MP3 Player, pour les interventions, les r\u00e9unions, les interviews, en d\u00e9placement, au bureau ou pour les t\u00e2ches de surveillance. Une discussion t\u00e9l\u00e9phonique peut \u00eatre enregistr\u00e9e avec l&rsquo;accessoire.\u00a0<\/p>\n<p>Syst\u00e8mes pris en charge : WinXP, Vista, 2000, Win7<br \/>\nFormats pris en charge : MP3, WMA, ASF, MP1, MP2 Format, WAV Format Recording. Dur\u00e9e d&rsquo;enregistrement env. 13 heures.<\/p>\n<p>\n<strong>Information sur le produit : <\/strong><br \/>\nPoids\u00a0: 34 g.<br \/>\nCouleur : gris \/ argent<br \/>\nDimensions : Longueur 8 cm \/ largeur 3 cm \/ profondeur 1,4 cm<br \/>\nM\u00e9moire . 8Go<br \/>\nAvec \u00e9cran ACL \/ Haut-parleur int\u00e9gr\u00e9<br \/>\nFonction lecture de musique<br \/>\nDiverses langues<br \/>\nAffichage de l&rsquo;enregistrement<br \/>\nFonction Sound Control (VOR) disponible<br \/>\nAffichage Battery Low Power<br \/>\n\u00c9cran ACL : 128 x 64<br \/>\nBatterie int\u00e9gr\u00e9e au lithium, rechargeable<br \/>\nTemp\u00e9rature de service\u00a0: 0 ~ 40 \u00b0 C<br \/>\nContenu de la livraison :<br \/>\n1 x 8Go USB Voice Recorder \/ 1 x c\u00e2ble USB \/ 1 x \u00e9couteurs<br \/>\n1 micro \/ 1 x c\u00e2ble audio \/ 1 x c\u00e2ble de t\u00e9l\u00e9phone \/ 1 x t\u00e9l\u00e9phone<br \/>\nEnregistrement Bo\u00eetier de raccordement<br \/>\n1 x notice<\/p>\n","protected":false},"excerpt":{"rendered":"<p>Dictaphone multifonctions 8Go num\u00e9rique, Audio Voice Recorder avec batterie au lithium int\u00e9gr\u00e9e et rechargeable. Le dictaphone est tr\u00e8s petit et tient dans toutes les poches. Dictaphone Flash Drive LCD Voice Recorder avec st\u00e9r\u00e9o Mic MP3 Player, pour les interventions, les r\u00e9unions, les interviews, en d\u00e9placement, au bureau ou pour les t\u00e2ches de surveillance. Une discussion [&hellip;]<\/p>\n","protected":false},"featured_media":89811,"comment_status":"open","ping_status":"closed","template":"","meta":{"inline_featured_image":false},"product_brand":[],"product_cat":[887,1710],"product_tag":[1769,1777,1773,1781,1765],"class_list":{"0":"post-37810","1":"product","2":"type-product","3":"status-publish","4":"has-post-thumbnail","6":"product_cat-accessoires","7":"product_cat-cameras-dash-cams-fr","8":"product_tag-army-survival-fr","9":"product_tag-camping-voyage","10":"product_tag-chasse-peche","11":"product_tag-police-securite","12":"product_tag-sport-outdoor-fr","14":"first","15":"instock","16":"taxable","17":"shipping-taxable","18":"purchasable","19":"product-type-simple"},"_links":{"self":[{"href":"https:\/\/metal-badge.ch\/fr\/wp-json\/wp\/v2\/product\/37810","targetHints":{"allow":["GET"]}}],"collection":[{"href":"https:\/\/metal-badge.ch\/fr\/wp-json\/wp\/v2\/product"}],"about":[{"href":"https:\/\/metal-badge.ch\/fr\/wp-json\/wp\/v2\/types\/product"}],"replies":[{"embeddable":true,"href":"https:\/\/metal-badge.ch\/fr\/wp-json\/wp\/v2\/comments?post=37810"}],"wp:featuredmedia":[{"embeddable":true,"href":"https:\/\/metal-badge.ch\/fr\/wp-json\/wp\/v2\/media\/89811"}],"wp:attachment":[{"href":"https:\/\/metal-badge.ch\/fr\/wp-json\/wp\/v2\/media?parent=37810"}],"wp:term":[{"taxonomy":"product_brand","embeddable":true,"href":"https:\/\/metal-badge.ch\/fr\/wp-json\/wp\/v2\/product_brand?post=37810"},{"taxonomy":"product_cat","embeddable":true,"href":"https:\/\/metal-badge.ch\/fr\/wp-json\/wp\/v2\/product_cat?post=37810"},{"taxonomy":"product_tag","embeddable":true,"href":"https:\/\/metal-badge.ch\/fr\/wp-json\/wp\/v2\/product_tag?post=37810"}],"curies":[{"name":"wp","href":"https:\/\/api.w.org\/{rel}","templated":true}]}}